{"id":41993,"date":"2024-12-30T11:26:59","date_gmt":"2024-12-30T09:26:59","guid":{"rendered":"https:\/\/agrozone.ee\/toode\/hyonteispyydys-economy-2x15w\/"},"modified":"2025-03-19T09:31:41","modified_gmt":"2025-03-19T07:31:41","slug":"hyonteispyydys-economy-2x15w","status":"publish","type":"product","link":"https:\/\/agrozone.ee\/fi\/tuote\/hyonteispyydys-economy-2x15w\/","title":{"rendered":"Hy\u00f6nteispyydys ECONOMY 2x15W"},"content":{"rendered":"<p>ECONOMY 2x15W hy\u00f6nteisvalaisin. Toiminta-alue 100m2 <\/p>\n<p>Valaisinsarja sopii ihanteellisesti k\u00e4ytett\u00e4v\u00e4ksi tiloissa, kuten:<\/p>\n<ul>\n<li>kotitaloudet<\/li>\n<li>tehtaat<\/li>\n<li>tehtaat<\/li>\n<li>koulut<\/li>\n<li>p\u00e4iv\u00e4kodit<\/li>\n<li>toimistot<\/li>\n<li>kaupat, varastot, ravintolat<\/li>\n<\/ul>\n<p>Economy 2x15W hy\u00f6nteisvalaisinta k\u00e4ytet\u00e4\u00e4n hy\u00f6nteisten, kuten k\u00e4rp\u00e4sten, koiperhosten, hyttysten ja muiden lent\u00e4vien hy\u00f6nteisten torjuntaan s\u00e4hk\u00f6iskun avulla.<\/p>\n<p>T\u00e4m\u00e4 hy\u00f6nteisvalaisinsarja on ohut ja moderni, eritt\u00e4in tehokas ja turvallinen.<\/p>\n<p>Korkeaj\u00e4nnitteinen ritil\u00e4 ei tukkeudu, se on ruostumattomasta ter\u00e4ksest\u00e4 valmistetulla pinnoitteella, eik\u00e4 se ole altis haalistumiselle. Erityisesti suunniteltu loistelamppu (ultraviolettis\u00e4teily) on t\u00e4ysin turvallinen ihmisille ja lemmikeille. <\/p>\n<p>Ulompi verkko suojaa koskettamasta korkeaj\u00e4nnitett\u00e4.<\/p>\n<p>Hy\u00f6nteislamppu ei k\u00e4yt\u00e4 kemikaaleja, ei haise, ei suihkuta mit\u00e4\u00e4n aineita, ei tahraa eik\u00e4 saastuta ymp\u00e4rist\u00f6\u00e4.<\/p>\n<p>Hy\u00f6nteisansojen lamput on suositeltavaa vaihtaa kerran vuodessa, mieluiten ennen kev\u00e4tt\u00e4, jotta hy\u00f6nteiset houkutellaan tehokkaasti ansaan.<\/p>\n<p>&nbsp;<\/p>\n<p>Tekniset tiedot:<\/p>\n<p>Mitat: 49,8 cm x 32 cm x 8,6 cm.<br \/>\nNimellisj\u00e4nnite: 220-240V~<br \/>\nNimellistiheys: 50 Hz<br \/>\nLoisteputkien pituus: 2 x 15W\/45 cm<br \/>\nMateriaali: maalattu ter\u00e4s<\/p>\n","protected":false},"excerpt":{"rendered":"<ul>\n<li>Korkeaj\u00e4nnitteinen ritil\u00e4 ei tukkeudu, se on ruostumattomasta ter\u00e4ksest\u00e4 valmistetulla pinnoitteella, eik\u00e4 se ole altis haalistumiselle. Erityisesti suunniteltu loistelamppu (ultraviolettis\u00e4teily) on t\u00e4ysin turvallinen ihmisille ja lemmikeille. <\/li>\n<li>Ulompi verkko suojaa koskettamasta korkeaj\u00e4nnitett\u00e4.<\/li>\n<li>Hy\u00f6nteislamppu ei k\u00e4yt\u00e4 kemikaaleja, ei haise, ei suihkuta mit\u00e4\u00e4n aineita, ei tahraa eik\u00e4 saastuta ymp\u00e4rist\u00f6\u00e4.<\/li>\n<\/ul>\n","protected":false},"featured_media":41914,"template":"","meta":{"_acf_changed":false,"_seopress_robots_primary_cat":"none","_seopress_titles_title":"Hy\u00f6nteisansa ECONOMY 2x15W - Tehokas ja Turvallinen","_seopress_titles_desc":"Hy\u00f6nteisansa ECONOMY 2x15W on kemikaaliton ratkaisu hy\u00f6nteisten torjuntaan. Ihanteellinen koteihin, toimistoihin ja ravintoloihin. ","_seopress_robots_index":"","_gspb_post_css":""},"product_brand":[],"product_cat":[2358,2392,2356,2360],"product_tag":[],"class_list":{"0":"post-41993","1":"product","2":"type-product","3":"status-publish","4":"has-post-thumbnail","6":"product_cat-hyonteisten-ja-hyttysten-torjunta","7":"product_cat-kaikki-luokat","8":"product_cat-puutarhan-ja-kasvien-suojelu","9":"product_cat-kasvintuholaisten-torjunta","11":"first","12":"instock","13":"sale","14":"taxable","15":"shipping-taxable","16":"purchasable","17":"product-type-simple"},"ct_brands":[],"acf":[],"_links":{"self":[{"href":"https:\/\/agrozone.ee\/fi\/wp-json\/wp\/v2\/product\/41993","targetHints":{"allow":["GET"]}}],"collection":[{"href":"https:\/\/agrozone.ee\/fi\/wp-json\/wp\/v2\/product"}],"about":[{"href":"https:\/\/agrozone.ee\/fi\/wp-json\/wp\/v2\/types\/product"}],"wp:featuredmedia":[{"embeddable":true,"href":"https:\/\/agrozone.ee\/fi\/wp-json\/wp\/v2\/media\/41914"}],"wp:attachment":[{"href":"https:\/\/agrozone.ee\/fi\/wp-json\/wp\/v2\/media?parent=41993"}],"wp:term":[{"taxonomy":"product_brand","embeddable":true,"href":"https:\/\/agrozone.ee\/fi\/wp-json\/wp\/v2\/product_brand?post=41993"},{"taxonomy":"product_cat","embeddable":true,"href":"https:\/\/agrozone.ee\/fi\/wp-json\/wp\/v2\/product_cat?post=41993"},{"taxonomy":"product_tag","embeddable":true,"href":"https:\/\/agrozone.ee\/fi\/wp-json\/wp\/v2\/product_tag?post=41993"}],"curies":[{"name":"wp","href":"https:\/\/api.w.org\/{rel}","templated":true}]}}