{"id":41995,"date":"2024-06-09T16:05:16","date_gmt":"2024-06-09T14:05:16","guid":{"rendered":"https:\/\/agrozone.ee\/toode\/hernes-aamisepp\/"},"modified":"2024-06-09T16:05:16","modified_gmt":"2024-06-09T14:05:16","slug":"hernes-aamisepp","status":"publish","type":"product","link":"https:\/\/agrozone.ee\/fi\/tuote\/hernes-aamisepp\/","title":{"rendered":"Hernes Aamisepp"},"content":{"rendered":"<p class=\"plained\">HERNES Aamisepp on Virossa jalostettu.<\/p>\n<ul>\n<li class=\"plained\">Aamisepp on eritt\u00e4in maukas, korkeakasvuinen (100\u2013140 cm) ja keskivarhainen hernelajike.<\/li>\n<li class=\"plained\">Se tuottaa palkoja pitk\u00e4n ajan kuluessa.<\/li>\n<li class=\"plained\">Palot ovat suuria ja tylpp\u00e4k\u00e4rkisi\u00e4.<\/li>\n<li class=\"plained\">Palossa on suuria herneit\u00e4 jopa 8 kpl.<\/li>\n<li class=\"plained\">Melko vastustuskykyinen laikkutaudille.<\/li>\n<\/ul>\n<h2>K\u00e4ytt\u00f6ohjeet<\/h2>\n<p><strong>KYLV\u00d6<\/strong><\/p>\n<ul>\n<li>Avomaahan kylvet\u00e4\u00e4n huhti-toukokuussa noin 3 cm syvyyteen, kun maan l\u00e4mp\u00f6tila on v\u00e4hint\u00e4\u00e4n 10 \u00b0C.<\/li>\n<li>Taimiv\u00e4li riviss\u00e4 6 cm, riviv\u00e4li 40\u201350 cm.<\/li>\n<li>On suositeltavaa peitt\u00e4\u00e4 taimet harsolla, jotta it\u00e4minen ja kasvu olisivat nopeampaa ja tasaisempaa.<\/li>\n<li>Harsot poistetaan, kun taimet tarvitsevat tukea.<\/li>\n<li>Toistamalla kylv\u00f6\u00e4 2\u20133 viikon v\u00e4lein kes\u00e4kuuhun asti, herneist\u00e4 voi nauttia jatkuvasti.<\/li>\n<\/ul>\n","protected":false},"excerpt":{"rendered":"<p class=\"plained\">HERNES Aamisepp on Virossa jalostettu.<\/p>\n<ul>\n<li class=\"plained\">Aamisepp on eritt\u00e4in maukas, korkeakasvuinen (100\u2013140 cm) ja keskivarhainen hernelajike.<\/li>\n<li class=\"plained\">Se tuottaa palkoja pitk\u00e4n ajan kuluessa.<\/li>\n<li class=\"plained\">Palot ovat suuria ja tylpp\u00e4k\u00e4rkisi\u00e4.<\/li>\n<li class=\"plained\">Palossa on suuria herneit\u00e4 jopa 8 kpl.<\/li>\n<li class=\"plained\">Melko vastustuskykyinen laikkutaudille.<\/li>\n<\/ul>\n","protected":false},"featured_media":41996,"template":"","meta":{"_acf_changed":false,"_seopress_robots_primary_cat":"none","_seopress_titles_title":"","_seopress_titles_desc":"HERNES Aamisepp on Virossa jalostettu. Aamisepp on eritt\u00e4in maukas, korkeakasvuinen (100\u2013140 cm) ja keskivarhainen hernelajike. Se tuottaa palkoja pitk\u00e4n ajan kuluessa.  ","_seopress_robots_index":"","_gspb_post_css":""},"product_brand":[],"product_cat":[2406,2392,2399,2401],"product_tag":[],"class_list":{"0":"post-41995","1":"product","2":"type-product","3":"status-publish","4":"has-post-thumbnail","6":"product_cat-herne","7":"product_cat-kaikki-luokat","8":"product_cat-siemenet","9":"product_cat-vihanneksien-siemenet","11":"first","12":"instock","13":"taxable","14":"shipping-taxable","15":"purchasable","16":"product-type-simple"},"ct_brands":[],"acf":[],"_links":{"self":[{"href":"https:\/\/agrozone.ee\/fi\/wp-json\/wp\/v2\/product\/41995","targetHints":{"allow":["GET"]}}],"collection":[{"href":"https:\/\/agrozone.ee\/fi\/wp-json\/wp\/v2\/product"}],"about":[{"href":"https:\/\/agrozone.ee\/fi\/wp-json\/wp\/v2\/types\/product"}],"wp:featuredmedia":[{"embeddable":true,"href":"https:\/\/agrozone.ee\/fi\/wp-json\/wp\/v2\/media\/41996"}],"wp:attachment":[{"href":"https:\/\/agrozone.ee\/fi\/wp-json\/wp\/v2\/media?parent=41995"}],"wp:term":[{"taxonomy":"product_brand","embeddable":true,"href":"https:\/\/agrozone.ee\/fi\/wp-json\/wp\/v2\/product_brand?post=41995"},{"taxonomy":"product_cat","embeddable":true,"href":"https:\/\/agrozone.ee\/fi\/wp-json\/wp\/v2\/product_cat?post=41995"},{"taxonomy":"product_tag","embeddable":true,"href":"https:\/\/agrozone.ee\/fi\/wp-json\/wp\/v2\/product_tag?post=41995"}],"curies":[{"name":"wp","href":"https:\/\/api.w.org\/{rel}","templated":true}]}}