{"id":42023,"date":"2024-06-09T15:59:41","date_gmt":"2024-06-09T12:59:41","guid":{"rendered":"https:\/\/agrozone.ee\/toode\/neemazal-t-s-5ml-hyonteisten-torjuntaan\/"},"modified":"2024-06-09T15:59:41","modified_gmt":"2024-06-09T13:59:41","slug":"neemazal-t-s-5ml-hyonteisten-torjuntaan","status":"publish","type":"product","link":"https:\/\/agrozone.ee\/fi\/tuote\/neemazal-t-s-5ml-hyonteisten-torjuntaan\/","title":{"rendered":"NeemAzal T\/S 5ml (hy\u00f6nteisten torjuntaan)"},"content":{"rendered":"<p><strong>NeemAzal T\/S 5 ml<\/strong><\/p>\n<ul>\n<li>Luonnollinen kasviuute tuholaistorjuntaan.<\/li>\n<li>Trooppisen neem-puun siementen ytimist\u00e4 saatua kasviuutetta NeemAzal-T\/S sopii k\u00e4ytt\u00e4\u00e4 tuholaistorjuntaan my\u00f6s luomuviljelyss\u00e4.<\/li>\n<li>NeemAzal on trooppisen neem-puun siementen ytimist\u00e4 saatu kasviuute, jota k\u00e4ytet\u00e4\u00e4n kirvojen, ripsi\u00e4isten, miinaajak\u00e4rp\u00e4sten, kilpikirvojen, vihannespunkkien, omenankehr\u00e4\u00e4j\u00e4koisa, kes\u00e4turilaan, koloradonkuoriaisen, gammay\u00f6kk\u00f6sen, hedelm\u00e4koisan ja muiden imevien ja purevien tuholaisten torjuntaan.<\/li>\n<\/ul>\n<h3>Vaikutus<\/h3>\n<ul>\n<li>NeemAzal-T\/S sis\u00e4lt\u00e4\u00e4 atsadiraktiini A:ta, joka on uutettu trooppisen neem-puun (<em>Azadirachta indica A. Juss<\/em>) siementen ytimist\u00e4.<\/li>\n<li>Vaikuttava aine imeytyy lehtiin ja p\u00e4\u00e4tyy tuholaisiin niiden imiess\u00e4 tai sy\u00f6dess\u00e4 kasvin lehti\u00e4.<\/li>\n<li>Tuholaisten toukkien sy\u00f6minen ja nahanluonti estyy ja ne kuolevat, aikuisilla sy\u00f6minen ja lis\u00e4\u00e4ntyminen estyy ja pienemm\u00e4ss\u00e4 m\u00e4\u00e4rin esiintyy kuolleisuutta.<\/li>\n<li>Jos tuholaisia on v\u00e4h\u00e4n ja ne ovat samassa kehitysvaiheessa, yleens\u00e4 riitt\u00e4\u00e4 yksi k\u00e4sittely tuholaissukupolvea tai kautta kohden.<\/li>\n<li>Pysyv\u00e4n tuholaistartunnan sattuessa (useita sukupolvia) on tarpeen tehd\u00e4 toistuva k\u00e4sittely.<\/li>\n<li>NeemAzal ei ole haitallinen useimmille hy\u00f6tyhy\u00f6nteisille.<\/li>\n<\/ul>\n<p><a href=\"https:\/\/agrozone.ee\/wp-content\/uploads\/2024\/10\/infoleht_neemazal_d70f7667.pdf\" target=\"_blank\" rel=\"noopener\">TIETOLEHTI<\/a><\/p>\n<p><a href=\"https:\/\/agrozone.ee\/wp-content\/uploads\/2024\/10\/neemazal_ts_ohutuskaart_100ml_eesti_keeles_13veebruar2017_d5a94774.pdf\">TURVALLISUUSKORTTI<\/a><\/p>\n<h3>K\u00e4ytt\u00f6ohjeet<\/h3>\n<p><strong>Tuholaistorjuntaan kasveilla:<\/strong> koristekasvit, koristepuut, herne, juurekset, kaali, peruna, kurkku, kukkakaali, papu, hedelm\u00e4puut; kasvihuoneessa: paprika, tomaatti, kurkku, huonekasvit. <strong>Torjuttavat tuholaiset:<\/strong> kirvat, ripsi\u00e4iset, miinaajak\u00e4rp\u00e4set, kilpikirvat, vihannespunkit, omenankehr\u00e4\u00e4j\u00e4koisa, kes\u00e4turilas, koloradonkuoriainen, gammay\u00f6kk\u00f6nen, hedelm\u00e4koi ja muut imev\u00e4t ja purevat tuholaiset. Sopii my\u00f6s huonekasvien tuholaistorjuntaan.<\/p>\n","protected":false},"excerpt":{"rendered":"<ul>\n<li>Luonnollinen kasviuute tuholaistorjuntaan.<\/li>\n<li>Trooppisen neem-puun siementen ytimist\u00e4 saatua kasviuutetta NeemAzal-T\/S sopii k\u00e4ytt\u00e4\u00e4 tuholaistorjuntaan my\u00f6s luomuviljelyss\u00e4.<\/li>\n<li>NeemAzal on trooppisen neem-puun siementen ytimist\u00e4 saatu kasviuute, jota k\u00e4ytet\u00e4\u00e4n kirvojen, ripsi\u00e4isten, miinaajak\u00e4rp\u00e4sten, kilpikirvojen, vihannespunkkien, omenankehr\u00e4\u00e4j\u00e4koisa, kes\u00e4turilaan, koloradonkuoriaisen, gammay\u00f6kk\u00f6sen, hedelm\u00e4koisan ja muiden imevien ja purevien tuholaisten torjuntaan.<\/li>\n<\/ul>\n","protected":false},"featured_media":52541,"template":"","meta":{"_acf_changed":false,"_seopress_robots_primary_cat":"none","_seopress_titles_title":"","_seopress_titles_desc":"NeemAzal T\/S 5ml - Luonnollinen kasviuute tuholaistorjuntaan. Kasviuute on saatu trooppisen neem-puun siementen ytimist\u00e4. ","_seopress_robots_index":"","_gspb_post_css":""},"product_brand":[],"product_cat":[2392,2396,2356,2360],"product_tag":[],"class_list":{"0":"post-42023","1":"product","2":"type-product","3":"status-publish","4":"has-post-thumbnail","6":"product_cat-kaikki-luokat","7":"product_cat-luomuviljely","8":"product_cat-puutarhan-ja-kasvien-suojelu","9":"product_cat-kasvintuholaisten-torjunta","11":"first","12":"instock","13":"taxable","14":"shipping-taxable","15":"purchasable","16":"product-type-simple"},"ct_brands":[],"acf":[],"_links":{"self":[{"href":"https:\/\/agrozone.ee\/fi\/wp-json\/wp\/v2\/product\/42023","targetHints":{"allow":["GET"]}}],"collection":[{"href":"https:\/\/agrozone.ee\/fi\/wp-json\/wp\/v2\/product"}],"about":[{"href":"https:\/\/agrozone.ee\/fi\/wp-json\/wp\/v2\/types\/product"}],"wp:featuredmedia":[{"embeddable":true,"href":"https:\/\/agrozone.ee\/fi\/wp-json\/wp\/v2\/media\/52541"}],"wp:attachment":[{"href":"https:\/\/agrozone.ee\/fi\/wp-json\/wp\/v2\/media?parent=42023"}],"wp:term":[{"taxonomy":"product_brand","embeddable":true,"href":"https:\/\/agrozone.ee\/fi\/wp-json\/wp\/v2\/product_brand?post=42023"},{"taxonomy":"product_cat","embeddable":true,"href":"https:\/\/agrozone.ee\/fi\/wp-json\/wp\/v2\/product_cat?post=42023"},{"taxonomy":"product_tag","embeddable":true,"href":"https:\/\/agrozone.ee\/fi\/wp-json\/wp\/v2\/product_tag?post=42023"}],"curies":[{"name":"wp","href":"https:\/\/api.w.org\/{rel}","templated":true}]}}