{"id":42025,"date":"2024-06-09T15:51:39","date_gmt":"2024-06-09T12:51:39","guid":{"rendered":"https:\/\/agrozone.ee\/toode\/luumukaariaisen-feromonipyydykset\/"},"modified":"2025-12-09T09:43:12","modified_gmt":"2025-12-09T07:43:12","slug":"luumukaariaisen-feromonipyydykset","status":"publish","type":"product","link":"https:\/\/agrozone.ee\/fi\/tuote\/luumukaariaisen-feromonipyydykset\/","title":{"rendered":"Luumuk\u00e4\u00e4ri\u00e4isen feromonipyydykset"},"content":{"rendered":"<p>Feromonipyydykset luumuk\u00e4\u00e4ri\u00e4isten perhosten pyydyst\u00e4miseen \u2013 tuholaisten m\u00e4\u00e4r\u00e4n v\u00e4hent\u00e4miseksi pyydyksill\u00e4 tulee ottaa huomioon yksi pyydys yht\u00e4 aikuista tai kahta nuorta luumupuuta kohden. Pakkaus: 1 muovinen pyydys, 2 feromonikapselia, 2 liimattua liimapohjaa, 2 kiinnitystarviketta. <\/p>\n<p><em>Grapholita funebrana<\/em><\/p>\n<h3>K\u00e4ytt\u00f6ohjeet<\/h3>\n<p>Pyydykset ripustetaan noin 2-3 metrin korkeuteen. 3-4 viikon kuluttua p\u00f6lyyntynyt ja hy\u00f6nteisten sek\u00e4 roskien peitt\u00e4m\u00e4 liimapohja ja feromonikapseli tulee vaihtaa pyydyksess\u00e4. <\/p>\n<p><iframe loading=\"lazy\" title=\"Kuidas panna kokku feromoonp\u00fc\u00fcnist\" width=\"1290\" height=\"726\" src=\"https:\/\/www.youtube.com\/embed\/2syonTdmeQo?feature=oembed\" frameborder=\"0\" allow=\"accelerometer; autoplay; clipboard-write; encrypted-media; gyroscope; picture-in-picture; web-share\" referrerpolicy=\"strict-origin-when-cross-origin\" allowfullscreen><\/iframe><\/p>\n","protected":false},"excerpt":{"rendered":"<p>Feromonipyydykset luumuk\u00e4\u00e4ri\u00e4isten perhosten pyydyst\u00e4miseen \u2013 tuholaisten m\u00e4\u00e4r\u00e4n v\u00e4hent\u00e4miseksi pyydyksill\u00e4 tulee ottaa huomioon yksi pyydys yht\u00e4 aikuista tai kahta nuorta luumupuuta kohden. Pakkaus: 1 muovinen pyydys, 2 feromonikapselia, 2 liimattua liimapohjaa, 2 kiinnitystarviketta. <\/p>\n","protected":false},"featured_media":42026,"template":"","meta":{"_acf_changed":false,"_seopress_robots_primary_cat":"none","_seopress_titles_title":"","_seopress_titles_desc":"","_seopress_robots_index":"","_gspb_post_css":""},"product_brand":[],"product_cat":[2397,2392,2396,2356,2360],"product_tag":[],"class_list":{"0":"post-42025","1":"product","2":"type-product","3":"status-publish","4":"has-post-thumbnail","6":"product_cat-feromoniloukut","7":"product_cat-kaikki-luokat","8":"product_cat-luomuviljely","9":"product_cat-puutarhan-ja-kasvien-suojelu","10":"product_cat-kasvintuholaisten-torjunta","12":"first","13":"instock","14":"taxable","15":"shipping-taxable","16":"purchasable","17":"product-type-simple"},"ct_brands":[],"acf":[],"_links":{"self":[{"href":"https:\/\/agrozone.ee\/fi\/wp-json\/wp\/v2\/product\/42025","targetHints":{"allow":["GET"]}}],"collection":[{"href":"https:\/\/agrozone.ee\/fi\/wp-json\/wp\/v2\/product"}],"about":[{"href":"https:\/\/agrozone.ee\/fi\/wp-json\/wp\/v2\/types\/product"}],"wp:featuredmedia":[{"embeddable":true,"href":"https:\/\/agrozone.ee\/fi\/wp-json\/wp\/v2\/media\/42026"}],"wp:attachment":[{"href":"https:\/\/agrozone.ee\/fi\/wp-json\/wp\/v2\/media?parent=42025"}],"wp:term":[{"taxonomy":"product_brand","embeddable":true,"href":"https:\/\/agrozone.ee\/fi\/wp-json\/wp\/v2\/product_brand?post=42025"},{"taxonomy":"product_cat","embeddable":true,"href":"https:\/\/agrozone.ee\/fi\/wp-json\/wp\/v2\/product_cat?post=42025"},{"taxonomy":"product_tag","embeddable":true,"href":"https:\/\/agrozone.ee\/fi\/wp-json\/wp\/v2\/product_tag?post=42025"}],"curies":[{"name":"wp","href":"https:\/\/api.w.org\/{rel}","templated":true}]}}