{"id":42108,"date":"2024-06-09T15:50:12","date_gmt":"2024-06-09T12:50:12","guid":{"rendered":"https:\/\/agrozone.ee\/toode\/hernekaariaisen-feromonipyydykset\/"},"modified":"2025-12-09T09:41:16","modified_gmt":"2025-12-09T07:41:16","slug":"hernekaariaisen-feromonipyydykset","status":"publish","type":"product","link":"https:\/\/agrozone.ee\/fi\/tuote\/hernekaariaisen-feromonipyydykset\/","title":{"rendered":"Hernek\u00e4\u00e4ri\u00e4isen feromonipyydykset"},"content":{"rendered":"<p>Hernek\u00e4\u00e4ri\u00e4isen toukat ovat noin 6 mm pitki\u00e4, valkoisia tai keltaisia matoja, joilla on tummat p\u00e4\u00e4t. Ne aiheuttavat herneiden madon sy\u00f6mi\u00e4 vaurioita hein\u00e4-elokuussa. Hernek\u00e4\u00e4ri\u00e4iskoi-perhosten pyynti feromonipyydyksill\u00e4 sopii hyvin kotipuutarhoihin, joissa ei haluta k\u00e4ytt\u00e4\u00e4 tai k\u00e4ytet\u00e4\u00e4n mahdollisimman v\u00e4h\u00e4n hy\u00f6nteismyrkkyj\u00e4. Pakkaus: 1 muovipyydys, 2 feromonikapselia, 2 liimapohjaa, 2 kiinnitysosia.   <\/p>\n<p><em>Laspeyresia dorsana<\/em><\/p>\n<h3>K\u00e4ytt\u00f6ohjeet<\/h3>\n<p>Feromonipyydykset ovat pieni\u00e4 muovisia ansoja, joihin asetetaan kuivumattomalla liimalla p\u00e4\u00e4llystetty pohja ja feromonilla kyll\u00e4stetty kapseli. 1 pyydys 2-3 metri\u00e4 hernepenkki\u00e4 kohden. Suuremmalla pellolla pyydykset asetetaan ymp\u00e4rille noin 20 metrin v\u00e4lein ja lis\u00e4ksi muutama keskelle.  <\/p>\n<p><iframe loading=\"lazy\" title=\"Kuidas panna kokku feromoonp\u00fc\u00fcnist\" width=\"1290\" height=\"726\" src=\"https:\/\/www.youtube.com\/embed\/2syonTdmeQo?feature=oembed\" frameborder=\"0\" allow=\"accelerometer; autoplay; clipboard-write; encrypted-media; gyroscope; picture-in-picture; web-share\" referrerpolicy=\"strict-origin-when-cross-origin\" allowfullscreen><\/iframe><\/p>\n","protected":false},"excerpt":{"rendered":"<p>Hernek\u00e4\u00e4ri\u00e4isen toukat ovat noin 6 mm pitki\u00e4, valkoisia tai keltaisia matoja, joilla on tummat p\u00e4\u00e4t. Ne aiheuttavat herneiden madon sy\u00f6mi\u00e4 vaurioita hein\u00e4-elokuussa. Hernek\u00e4\u00e4ri\u00e4iskoi-perhosten pyynti feromonipyydyksill\u00e4 sopii hyvin kotipuutarhoihin, joissa ei haluta k\u00e4ytt\u00e4\u00e4 tai k\u00e4ytet\u00e4\u00e4n mahdollisimman v\u00e4h\u00e4n hy\u00f6nteismyrkkyj\u00e4. Pakkaus: 1 muovipyydys, 2 feromonikapselia, 2 liimapohjaa, 2 kiinnitysosia.   <\/p>\n","protected":false},"featured_media":42110,"template":"","meta":{"_acf_changed":false,"_seopress_robots_primary_cat":"none","_seopress_titles_title":"","_seopress_titles_desc":"","_seopress_robots_index":"","_gspb_post_css":""},"product_brand":[],"product_cat":[2397,2392,2396,2356,2360],"product_tag":[],"class_list":{"0":"post-42108","1":"product","2":"type-product","3":"status-publish","4":"has-post-thumbnail","6":"product_cat-feromoniloukut","7":"product_cat-kaikki-luokat","8":"product_cat-luomuviljely","9":"product_cat-puutarhan-ja-kasvien-suojelu","10":"product_cat-kasvintuholaisten-torjunta","12":"first","13":"instock","14":"taxable","15":"shipping-taxable","16":"purchasable","17":"product-type-simple"},"ct_brands":[],"acf":[],"_links":{"self":[{"href":"https:\/\/agrozone.ee\/fi\/wp-json\/wp\/v2\/product\/42108","targetHints":{"allow":["GET"]}}],"collection":[{"href":"https:\/\/agrozone.ee\/fi\/wp-json\/wp\/v2\/product"}],"about":[{"href":"https:\/\/agrozone.ee\/fi\/wp-json\/wp\/v2\/types\/product"}],"wp:featuredmedia":[{"embeddable":true,"href":"https:\/\/agrozone.ee\/fi\/wp-json\/wp\/v2\/media\/42110"}],"wp:attachment":[{"href":"https:\/\/agrozone.ee\/fi\/wp-json\/wp\/v2\/media?parent=42108"}],"wp:term":[{"taxonomy":"product_brand","embeddable":true,"href":"https:\/\/agrozone.ee\/fi\/wp-json\/wp\/v2\/product_brand?post=42108"},{"taxonomy":"product_cat","embeddable":true,"href":"https:\/\/agrozone.ee\/fi\/wp-json\/wp\/v2\/product_cat?post=42108"},{"taxonomy":"product_tag","embeddable":true,"href":"https:\/\/agrozone.ee\/fi\/wp-json\/wp\/v2\/product_tag?post=42108"}],"curies":[{"name":"wp","href":"https:\/\/api.w.org\/{rel}","templated":true}]}}