{"id":42109,"date":"2024-09-26T10:46:55","date_gmt":"2024-09-26T07:46:55","guid":{"rendered":"https:\/\/agrozone.ee\/toode\/eco-karpanenpaperirulla-10-m-x-25-cm-1-kpl\/"},"modified":"2026-02-05T09:15:02","modified_gmt":"2026-02-05T07:15:02","slug":"eco-karpanenpaperirulla-10-m-x-25-cm-1-kpl","status":"publish","type":"product","link":"https:\/\/agrozone.ee\/fi\/tuote\/eco-karpanenpaperirulla-10-m-x-25-cm-1-kpl\/","title":{"rendered":"ECO K\u00e4rp\u00e4nenpaperirulla (10 m x 25 cm) 1 kpl"},"content":{"rendered":"<div class=\"bot-name gmat-subhead-2 ng-tns-c2554838923-970 ng-star-inserted\"><\/div>\n<div class=\"response-content ng-tns-c2554838923-970\">\n<div class=\"markdown markdown-main-panel\" dir=\"ltr\">\n<p data-sourcepos=\"3:1-3:82\">ECO-k\u00e4rp\u00e4spaperirulla on ammattimainen ratkaisu k\u00e4rp\u00e4sten ja muiden lent\u00e4vien hy\u00f6nteisten torjuntaan teollisissa ymp\u00e4rist\u00f6iss\u00e4. T\u00e4m\u00e4 tehokas k\u00e4rp\u00e4sansa pystyy vangitsemaan yli 40 000 tuholaista, mik\u00e4 tekee siit\u00e4 ihanteellisen k\u00e4ytett\u00e4v\u00e4ksi navetoissa, varastoissa, elintarviketeollisuudessa ja muualla, miss\u00e4 k\u00e4rp\u00e4set voivat aiheuttaa ongelmia. Erityisen liimakoostumuksensa ansiosta se s\u00e4ilytt\u00e4\u00e4 tehokkuutensa erilaisissa l\u00e4mp\u00f6tilaolosuhteissa varmistaen pitk\u00e4aikaisen suojan. K\u00e4rp\u00e4spaperi on hajuton, turvallinen k\u00e4ytt\u00e4\u00e4 ihmisten ja el\u00e4inten l\u00e4heisyydess\u00e4, eik\u00e4 se sis\u00e4ll\u00e4 haitallisia aineita, mink\u00e4 vuoksi se soveltuu erinomaisesti my\u00f6s elintarvikkeiden kanssa kosketuksiin joutuviin tiloihin.   <\/p>\n<\/div>\n<\/div>\n<p data-sourcepos=\"11:1-11:113\">K\u00c4YTT\u00d6:<br \/>\nPoista k\u00e4rp\u00e4nenpaperi varovasti rullasta ja ripusta se tuholaisten ker\u00e4\u00e4ntymispaikkaan, pois suorasta auringonvalosta ja vedosta.<br \/>\n\u00c4l\u00e4 ripusta k\u00e4rp\u00e4nenpaperia suoraan ruoan p\u00e4\u00e4lle.<br \/>\nJos leikkaat k\u00e4rp\u00e4nenpaperin pienempiin paloihin, optimaalisen tuloksen saavuttamiseksi suosittelemme ripustamaan ne 3\u20135 metrin et\u00e4isyydelle toisistaan.<\/p>\n<p data-sourcepos=\"11:1-11:113\">Koostumus: Pahvirullalle kiedottu paperi, joka on p\u00e4\u00e4llystetty tahmealla pinnoitteella.<\/p>\n","protected":false},"excerpt":{"rendered":"<ul>\n<li>Ammattimainen k\u00e4rp\u00e4nenpaperi teolliseen k\u00e4ytt\u00f6\u00f6n.<\/li>\n<li>Pyydyst\u00e4\u00e4 yli 40 000 tuholaista.<\/li>\n<li>Tehokas erilaisissa l\u00e4mp\u00f6tiloissa.<\/li>\n<li>Hajusteeton ja turvallinen.<\/li>\n<li>Sopii k\u00e4ytett\u00e4v\u00e4ksi elintarviketeollisuudessa.<\/li>\n<\/ul>\n","protected":false},"featured_media":42111,"template":"","meta":{"_acf_changed":false,"_seopress_robots_primary_cat":"none","_seopress_titles_title":"ECO K\u00e4rp\u00e4nenpaperirulla - Tehokas tuholaistorjunta","_seopress_titles_desc":"ECO-k\u00e4rp\u00e4spaperirulla vangitsee yli 40 000 tuholaista. Hajuton ja turvallinen ratkaisu teolliseen k\u00e4ytt\u00f6\u00f6n elintarviketeollisuudessa. ","_seopress_robots_index":"","_gspb_post_css":""},"product_brand":[],"product_cat":[2392,2361,2356,2360],"product_tag":[],"class_list":{"0":"post-42109","1":"product","2":"type-product","3":"status-publish","4":"has-post-thumbnail","6":"product_cat-kaikki-luokat","7":"product_cat-kasvinsuojeluaineet","8":"product_cat-puutarhan-ja-kasvien-suojelu","9":"product_cat-kasvintuholaisten-torjunta","11":"first","12":"instock","13":"taxable","14":"shipping-taxable","15":"purchasable","16":"product-type-simple"},"ct_brands":[],"acf":[],"_links":{"self":[{"href":"https:\/\/agrozone.ee\/fi\/wp-json\/wp\/v2\/product\/42109","targetHints":{"allow":["GET"]}}],"collection":[{"href":"https:\/\/agrozone.ee\/fi\/wp-json\/wp\/v2\/product"}],"about":[{"href":"https:\/\/agrozone.ee\/fi\/wp-json\/wp\/v2\/types\/product"}],"wp:featuredmedia":[{"embeddable":true,"href":"https:\/\/agrozone.ee\/fi\/wp-json\/wp\/v2\/media\/42111"}],"wp:attachment":[{"href":"https:\/\/agrozone.ee\/fi\/wp-json\/wp\/v2\/media?parent=42109"}],"wp:term":[{"taxonomy":"product_brand","embeddable":true,"href":"https:\/\/agrozone.ee\/fi\/wp-json\/wp\/v2\/product_brand?post=42109"},{"taxonomy":"product_cat","embeddable":true,"href":"https:\/\/agrozone.ee\/fi\/wp-json\/wp\/v2\/product_cat?post=42109"},{"taxonomy":"product_tag","embeddable":true,"href":"https:\/\/agrozone.ee\/fi\/wp-json\/wp\/v2\/product_tag?post=42109"}],"curies":[{"name":"wp","href":"https:\/\/api.w.org\/{rel}","templated":true}]}}