{"id":42113,"date":"2024-06-09T15:58:56","date_gmt":"2024-06-09T13:58:56","guid":{"rendered":"https:\/\/agrozone.ee\/toode\/luonnollinen-kasvinhoitaja-f-500ml\/"},"modified":"2024-06-09T15:58:56","modified_gmt":"2024-06-09T13:58:56","slug":"luonnollinen-kasvinhoitaja-f-500ml","status":"publish","type":"product","link":"https:\/\/agrozone.ee\/fi\/tuote\/luonnollinen-kasvinhoitaja-f-500ml\/","title":{"rendered":"Luonnollinen kasvinhoitaja F 500ml"},"content":{"rendered":"<p>K\u00e4ytt\u00f6valmis liuos kasvien yleisen terveydentilan parantamiseen. Peltokorteen biologinen vaikutus on ihmisille jo kauan tunnettu. Ennaltaehk\u00e4isev\u00e4ss\u00e4 k\u00e4yt\u00f6ss\u00e4 se auttaa lis\u00e4\u00e4m\u00e4\u00e4n kasvien vastustuskyky\u00e4. Uute parantaa kasvien kasvuenergiaa ja tuo lehdille my\u00f6s runsaasti erilaisia mikrobeja, jotka tukahduttavat taudinaiheuttajia. Omena-, p\u00e4\u00e4ryn\u00e4- ja luumupuut, ruusut, kukat, koristekasvit puutarhassa, parvekkeella tai sis\u00e4ll\u00e4, kurkku-, tomaatti- ja paprikakasvit, mansikka, peruna, havupuut ym.    <\/p>\n<p>&nbsp;<\/p>\n<h3>K\u00e4ytt\u00f6ohjeet<\/h3>\n<p>Ravista huolellisesti ennen k\u00e4ytt\u00f6\u00e4. Kasvien ennaltaehk\u00e4isev\u00e4 ja toistuva ruiskutus on suositeltavaa 7-10 p\u00e4iv\u00e4n v\u00e4lein. Muista ruiskuttaa my\u00f6s lehtien alapinnoille. Parasta on k\u00e4ytt\u00e4\u00e4 tuotetta aamulla tai illalla. Keskip\u00e4iv\u00e4n ruiskutusta tulee ehdottomasti v\u00e4ltt\u00e4\u00e4, sill\u00e4 aurinko voi nestepisaroiden yhteisvaikutuksesta aiheuttaa suurennuslasiefektin lehdille. Tuotetta voi k\u00e4ytt\u00e4\u00e4 my\u00f6s luomuviljelyss\u00e4.     <\/p>\n","protected":false},"excerpt":{"rendered":"<p>K\u00e4ytt\u00f6valmis liuos kasvien yleisen terveydentilan parantamiseen. Peltokorteen biologinen vaikutus on ihmisille jo kauan tunnettu. Ennaltaehk\u00e4isev\u00e4ss\u00e4 k\u00e4yt\u00f6ss\u00e4 se auttaa lis\u00e4\u00e4m\u00e4\u00e4n kasvien vastustuskyky\u00e4. Uute parantaa kasvien kasvuenergiaa ja tuo lehdille my\u00f6s runsaasti erilaisia mikrobeja, jotka tukahduttavat taudinaiheuttajia. Omena-, p\u00e4\u00e4ryn\u00e4- ja luumupuut, ruusut, kukat, koristekasvit puutarhassa, parvekkeella tai sis\u00e4ll\u00e4, kurkku-, tomaatti- ja paprikakasvit, mansikka, peruna, havupuut ym.    <\/p>\n","protected":false},"featured_media":42116,"template":"","meta":{"_acf_changed":false,"_seopress_robots_primary_cat":"","_seopress_titles_title":"","_seopress_titles_desc":"","_seopress_robots_index":"","_gspb_post_css":""},"product_brand":[],"product_cat":[2392,2359,2356],"product_tag":[],"class_list":{"0":"post-42113","1":"product","2":"type-product","3":"status-publish","4":"has-post-thumbnail","6":"product_cat-kaikki-luokat","7":"product_cat-kasvitautien-torjunta","8":"product_cat-puutarhan-ja-kasvien-suojelu","10":"first","11":"instock","12":"taxable","13":"shipping-taxable","14":"purchasable","15":"product-type-simple"},"ct_brands":[],"acf":[],"_links":{"self":[{"href":"https:\/\/agrozone.ee\/fi\/wp-json\/wp\/v2\/product\/42113","targetHints":{"allow":["GET"]}}],"collection":[{"href":"https:\/\/agrozone.ee\/fi\/wp-json\/wp\/v2\/product"}],"about":[{"href":"https:\/\/agrozone.ee\/fi\/wp-json\/wp\/v2\/types\/product"}],"wp:featuredmedia":[{"embeddable":true,"href":"https:\/\/agrozone.ee\/fi\/wp-json\/wp\/v2\/media\/42116"}],"wp:attachment":[{"href":"https:\/\/agrozone.ee\/fi\/wp-json\/wp\/v2\/media?parent=42113"}],"wp:term":[{"taxonomy":"product_brand","embeddable":true,"href":"https:\/\/agrozone.ee\/fi\/wp-json\/wp\/v2\/product_brand?post=42113"},{"taxonomy":"product_cat","embeddable":true,"href":"https:\/\/agrozone.ee\/fi\/wp-json\/wp\/v2\/product_cat?post=42113"},{"taxonomy":"product_tag","embeddable":true,"href":"https:\/\/agrozone.ee\/fi\/wp-json\/wp\/v2\/product_tag?post=42113"}],"curies":[{"name":"wp","href":"https:\/\/api.w.org\/{rel}","templated":true}]}}