{"id":42114,"date":"2024-06-09T15:51:17","date_gmt":"2024-06-09T12:51:17","guid":{"rendered":"https:\/\/agrozone.ee\/toode\/omenakoi-feromonipyydykset\/"},"modified":"2025-12-09T09:43:11","modified_gmt":"2025-12-09T07:43:11","slug":"omenakoi-feromonipyydykset","status":"publish","type":"product","link":"https:\/\/agrozone.ee\/fi\/tuote\/omenakoi-feromonipyydykset\/","title":{"rendered":"Omenakoi feromonipyydykset"},"content":{"rendered":"<p>Omenakoiden perhosten pyydyst\u00e4minen feromonipyydyksill\u00e4 sopii eritt\u00e4in hyvin kotitarhoihin, joissa ei suositella k\u00e4ytett\u00e4v\u00e4n tai k\u00e4ytet\u00e4\u00e4n mahdollisimman v\u00e4h\u00e4n hy\u00f6nteismyrkkyj\u00e4. 1 pyydys 1 omenapuuta kohden. Omenakoiden toukat kaivavat omenan sis\u00e4\u00e4n kapeita kiemurtelevia k\u00e4yt\u00e4vi\u00e4, jotka ulottuvat ytimeen. Sato muuttuu k\u00e4ytt\u00f6kelvottomaksi: omenan malto muuttuu puumaiseksi ja kitker\u00e4ksi, se ei kelpaa sy\u00f6t\u00e4v\u00e4ksi eik\u00e4 anna mehua. Pakkauksessa: 1 muovinen pyydys, 2 feromonikapselia, 2 liimattua liimapohjaa, 2 kiinnitystarviketta.    <\/p>\n<p>Hyponomeuta malinella<\/p>\n<h3>K\u00e4ytt\u00f6ohjeet<\/h3>\n<p>K\u00e4ytt\u00e4m\u00e4ll\u00e4 2-3 omenakoi feromonipyydyst\u00e4, voit havaita t\u00e4m\u00e4n tuholaisen esiintymisen puutarhassasi ja arvioida sen m\u00e4\u00e4r\u00e4\u00e4 pyydyssaaliiden avulla, jotta voit p\u00e4\u00e4tt\u00e4\u00e4 kemiallisen torjunnan tarpeellisuudesta. K\u00e4ytt\u00e4m\u00e4ll\u00e4 pyydyksi\u00e4 suuremmalla m\u00e4\u00e4r\u00e4ll\u00e4 (yksi jokaista aikuista puuta kohden), voit v\u00e4hent\u00e4\u00e4 omenakoiden perhosten m\u00e4\u00e4r\u00e4\u00e4 puutarhassasi pyydyst\u00e4m\u00e4ll\u00e4 niit\u00e4 (ns. massapyydystysmenetelm\u00e4ll\u00e4). Feromonipyydykset ovat pieni\u00e4 muovisia ansoja, joihin asetetaan kuivumattomalla liimalla p\u00e4\u00e4llystetty pohja ja feromonilla, erityisell\u00e4 tuoksuaineella, kyll\u00e4stetty kapseli. Pyydykset ripustetaan vaakasuoraan puun etel\u00e4- tai l\u00e4nsipuoleisen ulomman oksan kylkeen, niin ett\u00e4 ne ovat suojassa suoralta auringonvalolta.   <\/p>\n<p><iframe loading=\"lazy\" title=\"Kuidas panna kokku feromoonp\u00fc\u00fcnist\" width=\"1290\" height=\"726\" src=\"https:\/\/www.youtube.com\/embed\/2syonTdmeQo?feature=oembed\" frameborder=\"0\" allow=\"accelerometer; autoplay; clipboard-write; encrypted-media; gyroscope; picture-in-picture; web-share\" referrerpolicy=\"strict-origin-when-cross-origin\" allowfullscreen><\/iframe><\/p>\n","protected":false},"excerpt":{"rendered":"<p>Omenakoiden perhosten pyydyst\u00e4minen feromonipyydyksill\u00e4 sopii eritt\u00e4in hyvin kotitarhoihin, joissa ei suositella k\u00e4ytett\u00e4v\u00e4n tai k\u00e4ytet\u00e4\u00e4n mahdollisimman v\u00e4h\u00e4n hy\u00f6nteismyrkkyj\u00e4. 1 pyydys 1 omenapuuta kohden. Omenakoiden toukat kaivavat omenan sis\u00e4\u00e4n kapeita kiemurtelevia k\u00e4yt\u00e4vi\u00e4, jotka ulottuvat ytimeen. Sato muuttuu k\u00e4ytt\u00f6kelvottomaksi: omenan malto muuttuu puumaiseksi ja kitker\u00e4ksi, se ei kelpaa sy\u00f6t\u00e4v\u00e4ksi eik\u00e4 anna mehua. Pakkauksessa: 1 muovinen pyydys, 2 feromonikapselia, 2 liimattua liimapohjaa, 2 kiinnitystarviketta.    <\/p>\n","protected":false},"featured_media":42115,"template":"","meta":{"_acf_changed":false,"_seopress_robots_primary_cat":"none","_seopress_titles_title":"","_seopress_titles_desc":"","_seopress_robots_index":"","_gspb_post_css":""},"product_brand":[],"product_cat":[2397,2392,2396,2356,2360],"product_tag":[],"class_list":{"0":"post-42114","1":"product","2":"type-product","3":"status-publish","4":"has-post-thumbnail","6":"product_cat-feromoniloukut","7":"product_cat-kaikki-luokat","8":"product_cat-luomuviljely","9":"product_cat-puutarhan-ja-kasvien-suojelu","10":"product_cat-kasvintuholaisten-torjunta","12":"first","13":"instock","14":"taxable","15":"shipping-taxable","16":"purchasable","17":"product-type-simple"},"ct_brands":[],"acf":[],"_links":{"self":[{"href":"https:\/\/agrozone.ee\/fi\/wp-json\/wp\/v2\/product\/42114","targetHints":{"allow":["GET"]}}],"collection":[{"href":"https:\/\/agrozone.ee\/fi\/wp-json\/wp\/v2\/product"}],"about":[{"href":"https:\/\/agrozone.ee\/fi\/wp-json\/wp\/v2\/types\/product"}],"wp:featuredmedia":[{"embeddable":true,"href":"https:\/\/agrozone.ee\/fi\/wp-json\/wp\/v2\/media\/42115"}],"wp:attachment":[{"href":"https:\/\/agrozone.ee\/fi\/wp-json\/wp\/v2\/media?parent=42114"}],"wp:term":[{"taxonomy":"product_brand","embeddable":true,"href":"https:\/\/agrozone.ee\/fi\/wp-json\/wp\/v2\/product_brand?post=42114"},{"taxonomy":"product_cat","embeddable":true,"href":"https:\/\/agrozone.ee\/fi\/wp-json\/wp\/v2\/product_cat?post=42114"},{"taxonomy":"product_tag","embeddable":true,"href":"https:\/\/agrozone.ee\/fi\/wp-json\/wp\/v2\/product_tag?post=42114"}],"curies":[{"name":"wp","href":"https:\/\/api.w.org\/{rel}","templated":true}]}}