{"id":42117,"date":"2024-06-09T15:51:17","date_gmt":"2024-06-09T12:51:17","guid":{"rendered":"https:\/\/agrozone.ee\/toode\/omenakaariaisen-feromonipyydykset\/"},"modified":"2025-12-09T09:43:10","modified_gmt":"2025-12-09T07:43:10","slug":"omenakaariaisen-feromonipyydykset","status":"publish","type":"product","link":"https:\/\/agrozone.ee\/fi\/tuote\/omenakaariaisen-feromonipyydykset\/","title":{"rendered":"Omenak\u00e4\u00e4ri\u00e4isen feromonipyydykset"},"content":{"rendered":"<p>Kev\u00e4t ei tuo puutarhaan ainoastaan kukkaloistoa, vaan her\u00e4tt\u00e4\u00e4 my\u00f6s tuholaiset. Yksi t\u00e4rkeimmist\u00e4 omenapuiden uhista on <strong>omenak\u00e4\u00e4ri\u00e4inen<\/strong> (kansankielell\u00e4 omenamato), joka voi pilata koko satosi. <\/p>\n<p data-sourcepos=\"7:1-7:47\"><strong>Mik\u00e4 on feromoniansa ja miten se toimii?<\/strong><\/p>\n<p data-sourcepos=\"9:1-9:287\">Feromoniansa eli <strong>tuoksuansa<\/strong> on tehokas ja luontoyst\u00e4v\u00e4llinen tapa v\u00e4hent\u00e4\u00e4 omenak\u00e4\u00e4ri\u00e4isten populaatiota. Se houkuttelee erityisell\u00e4 tuoksulla koirasperhosia, jotka j\u00e4\u00e4v\u00e4t ansaan liimanauhaan kiinni. N\u00e4in hedelm\u00f6ittyneiden naarasperhosten m\u00e4\u00e4r\u00e4 v\u00e4henee ja siten my\u00f6s vaurioituneiden omenoiden m\u00e4\u00e4r\u00e4.  <\/p>\n<p data-sourcepos=\"13:1-13:204\">Verkkokaupastamme l\u00f6yd\u00e4t <strong>lajikohtaisia feromoniansoja<\/strong> eri tuholaisille, mukaan lukien omenak\u00e4\u00e4ri\u00e4iselle, luumuk\u00e4\u00e4ri\u00e4iselle ja omenakehr\u00e4\u00e4j\u00e4koille. Jokainen ansa on suunniteltu tietyn tuholaisen pyydyst\u00e4miseen. <\/p>\n<p>Omenak\u00e4\u00e4ri\u00e4isen perhosten pyynti feromoniansoilla sopii hyvin kotipuutarhoihin, joissa ei haluta k\u00e4ytt\u00e4\u00e4 tai k\u00e4ytet\u00e4\u00e4n mahdollisimman v\u00e4h\u00e4n hy\u00f6nteismyrkkyj\u00e4.<\/p>\n<p>Pakkauksessa: 1 muoviansa, 2 feromonikapselia, 2 liimapohjaa, 2 kiinnitystarviketta.<\/p>\n<p><em>Cydia pomonella<\/em><\/p>\n<ul>\n<li>Ruiskutuksen j\u00e4lkeen omenak\u00e4\u00e4ri\u00e4isen lennon seurantaa tulisi jatkaa, ja jos ansaan joutuneiden perhosten m\u00e4\u00e4r\u00e4 nousee uudelleen torjuntakriteerin yl\u00e4puolelle, eli yli 5 perhosta viikossa, tulisi suorittaa toinenkin ruiskutus.<\/li>\n<li>Sen ajankohta valitaan jo k\u00e4ytett\u00e4v\u00e4n hy\u00f6nteismyrkyn ohjeiden mukaisesti (yleens\u00e4 2-3 viikkoa ensimm\u00e4isen ruiskutuksen j\u00e4lkeen).<\/li>\n<li>K\u00e4ytt\u00e4m\u00e4ll\u00e4 ansoja suuremmissa m\u00e4\u00e4rin voit v\u00e4hent\u00e4\u00e4 omenak\u00e4\u00e4ri\u00e4isen perhosten m\u00e4\u00e4r\u00e4\u00e4 pyydyst\u00e4m\u00e4ll\u00e4 niit\u00e4.<\/li>\n<\/ul>\n<p>Valitse verkkokaupastamme sopivat feromoniansat ja suojaa omenasatoasi luonnollisesti ja tehokkaasti!<\/p>\n<p>&nbsp;<\/p>\n<h3>K\u00e4ytt\u00f6ohjeet<\/h3>\n<ul>\n<li data-sourcepos=\"17:1-17:52\">1 ansa per omenapuu.<\/li>\n<li data-sourcepos=\"17:1-17:52\">Kokoa pakkauksessa olevasta pahvista pieni talo.<\/li>\n<li data-sourcepos=\"18:1-18:147\">Aseta talon pohjalle <strong>liimanauha<\/strong>. Liimanauhat tulisi vaihtaa v\u00e4hint\u00e4\u00e4n nelj\u00e4n viikon v\u00e4lein ja tarkistaa s\u00e4\u00e4nn\u00f6llisesti niiden tarttuvuus. <\/li>\n<li data-sourcepos=\"19:1-19:150\">Liimanauhan p\u00e4\u00e4lle aseta <strong>tuoksukapseli<\/strong>. T\u00e4m\u00e4 pieni kumimainen yksityiskohta eritt\u00e4\u00e4 omenak\u00e4\u00e4ri\u00e4isen koirasperhosille vastustamatonta tuoksua houkutellen ne ansaan. <\/li>\n<li data-sourcepos=\"20:1-20:243\">Kiinnit\u00e4 talo mukana tulevilla v\u00e4lineill\u00e4 omenapuun oksaan.<\/li>\n<li data-sourcepos=\"20:1-20:243\">Parhaat paikat ovat puun <strong>etel\u00e4- tai l\u00e4nsipuolella<\/strong>, miss\u00e4 perhoset p\u00e4\u00e4asiassa lentelev\u00e4t.<\/li>\n<li data-sourcepos=\"20:1-20:243\">Yrit\u00e4 v\u00e4ltt\u00e4\u00e4 suoraa auringonvaloa, joka voi kuivattaa liimaa liikaa, mutta se ei aina ole mahdollista.<\/li>\n<li data-sourcepos=\"21:1-22:0\">Varmista, ett\u00e4 ansa pysyy oksalla mahdollisimman suorassa.<\/li>\n<\/ul>\n<p><iframe loading=\"lazy\" title=\"Kuidas panna kokku feromoonp\u00fc\u00fcnist\" width=\"1290\" height=\"726\" src=\"https:\/\/www.youtube.com\/embed\/2syonTdmeQo?feature=oembed\" frameborder=\"0\" allow=\"accelerometer; autoplay; clipboard-write; encrypted-media; gyroscope; picture-in-picture; web-share\" referrerpolicy=\"strict-origin-when-cross-origin\" allowfullscreen><\/iframe><\/p>\n","protected":false},"excerpt":{"rendered":"<p>Omenak\u00e4\u00e4ri\u00e4isen perhosten pyynti feromoniansoilla sopii hyvin kotipuutarhoihin, joissa ei haluta k\u00e4ytt\u00e4\u00e4 tai k\u00e4ytet\u00e4\u00e4n mahdollisimman v\u00e4h\u00e4n hy\u00f6nteismyrkkyj\u00e4.<\/p>\n","protected":false},"featured_media":42119,"template":"","meta":{"_acf_changed":false,"_seopress_robots_primary_cat":"none","_seopress_titles_title":"","_seopress_titles_desc":"","_seopress_robots_index":"","_gspb_post_css":""},"product_brand":[],"product_cat":[2397,2392,2396,2356,2360],"product_tag":[],"class_list":{"0":"post-42117","1":"product","2":"type-product","3":"status-publish","4":"has-post-thumbnail","6":"product_cat-feromoniloukut","7":"product_cat-kaikki-luokat","8":"product_cat-luomuviljely","9":"product_cat-puutarhan-ja-kasvien-suojelu","10":"product_cat-kasvintuholaisten-torjunta","12":"first","13":"instock","14":"taxable","15":"shipping-taxable","16":"purchasable","17":"product-type-simple"},"ct_brands":[],"acf":[],"_links":{"self":[{"href":"https:\/\/agrozone.ee\/fi\/wp-json\/wp\/v2\/product\/42117","targetHints":{"allow":["GET"]}}],"collection":[{"href":"https:\/\/agrozone.ee\/fi\/wp-json\/wp\/v2\/product"}],"about":[{"href":"https:\/\/agrozone.ee\/fi\/wp-json\/wp\/v2\/types\/product"}],"wp:featuredmedia":[{"embeddable":true,"href":"https:\/\/agrozone.ee\/fi\/wp-json\/wp\/v2\/media\/42119"}],"wp:attachment":[{"href":"https:\/\/agrozone.ee\/fi\/wp-json\/wp\/v2\/media?parent=42117"}],"wp:term":[{"taxonomy":"product_brand","embeddable":true,"href":"https:\/\/agrozone.ee\/fi\/wp-json\/wp\/v2\/product_brand?post=42117"},{"taxonomy":"product_cat","embeddable":true,"href":"https:\/\/agrozone.ee\/fi\/wp-json\/wp\/v2\/product_cat?post=42117"},{"taxonomy":"product_tag","embeddable":true,"href":"https:\/\/agrozone.ee\/fi\/wp-json\/wp\/v2\/product_tag?post=42117"}],"curies":[{"name":"wp","href":"https:\/\/api.w.org\/{rel}","templated":true}]}}