{"id":42118,"date":"2024-06-09T15:58:56","date_gmt":"2024-06-09T13:58:56","guid":{"rendered":"https:\/\/agrozone.ee\/toode\/previcur-energy-15ml-sienitautien-torjunta-aine\/"},"modified":"2026-03-01T11:01:32","modified_gmt":"2026-03-01T09:01:32","slug":"previcur-energy-15ml-sienitautien-torjunta-aine","status":"publish","type":"product","link":"https:\/\/agrozone.ee\/fi\/tuote\/previcur-energy-15ml-sienitautien-torjunta-aine\/","title":{"rendered":"Previcur Energy 15ml -sienitautien torjunta-aine"},"content":{"rendered":"<p><strong>Previcur Energy 15ml -sienitautien torjunta-aine<\/strong><\/p>\n<p>Laaja tehoinen, systeeminen ja pitk\u00e4vaikutteinen fungisidi.<\/p>\n<ul>\n<li>Previcur Energy sis\u00e4lt\u00e4\u00e4 kaksi vaikuttavaa ainetta, jotka t\u00e4ydent\u00e4v\u00e4t toisiaan sek\u00e4 tehoalueen ett\u00e4 torjuntatehon osalta.<\/li>\n<li>Propamokarbi est\u00e4\u00e4 sienen solukalvon muodostumisen; se hidastaa sienen rihmaston kasvua sek\u00e4 iti\u00f6iden muodostumista ja it\u00e4mist\u00e4.<\/li>\n<li>Fosetyylialumiini lis\u00e4\u00e4 kasvien systeemist\u00e4 vastustuskyky\u00e4 sienitauteja vastaan stimuloimalla kasvien luonnollista puolustusj\u00e4rjestelm\u00e4\u00e4.<\/li>\n<li>Fosetyylialumiini vaikuttaa samalla ennaltaehk\u00e4isev\u00e4sti \u2013 se est\u00e4\u00e4 iti\u00f6iden it\u00e4misen ja kasviin tunkeutumisen.<\/li>\n<li>Fosetyylialumiinilla on my\u00f6s parantavia ominaisuuksia \u2013 vaikuttava aine hidastaa iti\u00f6iden vapautumista iti\u00f6pussista ja est\u00e4\u00e4 rihmaston kehittymisen.<\/li>\n<\/ul>\n<p>&nbsp;<\/p>\n<ul>\n<li>Kasvinsuojeluaine Previcur Energy on laaja-alainen, systeeminen ja pitk\u00e4vaikutteinen fungisidi kurkun, kes\u00e4kurpitsan, munakoison, melonin, vesimelonin ja muiden kurkkukasvien, tomaatin, paprikan, salaatin, retiisin, ker\u00e4-, lehtikaalin ja kukkakaalin, k\u00e4h\u00e4r\u00e4endiivin, peltokanankaalin eli vuonankaalin ja koristekasvien tautien torjuntaan kasvihuoneessa; sek\u00e4 sienitautien torjuntaan avomaalla kasvavalla salaatilla, etikkakurkulla (korni\u0161on), retiisill\u00e4 ja koristekasveilla. <\/li>\n<li>Laajennettu k\u00e4ytt\u00f6alue pienill\u00e4 viljelyaloilla: Mets\u00e4kuusi, mets\u00e4m\u00e4nty ja rauduskoivu taimitarhojen kylv\u00f6iss\u00e4 sienitautien (taimipolte, versotauti) torjuntaan.<\/li>\n<li>Huom! Koska Previcur Energyn k\u00e4ytt\u00f6 on laajennettu koskemaan mets\u00e4kuusta, mets\u00e4m\u00e4nty\u00e4 ja rauduskoivua Euroopan parlamentin ja neuvoston asetuksen (EY) N:o 1107\/2009 51 artiklan nojalla, tuotteen tehokkuudesta tai fytotoksisuudesta vastaa sen k\u00e4ytt\u00e4j\u00e4.<\/li>\n<li>Previcur Energy suojaa kurkkua, kes\u00e4kurpitsaa, munakoisoa, melonia, vesimelonia, tomaattia, paprikaa, salaattia, retiisi\u00e4, ker\u00e4-, lehtikaalia ja kukkakaalia sek\u00e4 koristekasveja niiden kasvun alkuvaiheessa vahingoittavilta taudeilta (Phytophthora, Pythium, Aphanomyces, Peronospora, ym.).<\/li>\n<\/ul>\n<p><a href=\"https:\/\/agrozone.ee\/wp-content\/uploads\/2024\/10\/infoleht_previcur_energy_c52f25cd.pdf\" target=\"_blank\" rel=\"noopener\">TIETOLEHTI<\/a><\/p>\n<p><a href=\"https:\/\/agrozone.ee\/wp-content\/uploads\/2024\/10\/ohutuskaart_previcur_energy_100ml_20161004_3838c0b5.pdf\">TURVALLISUUSKORTTI<\/a><\/p>\n<h3>K\u00e4ytt\u00f6ohjeet<\/h3>\n<p>K\u00e4ytt\u00f6: kurkun, kes\u00e4kurpitsan, munakoison, melonin, vesimelonin ja muiden kurkkukasvien, tomaatin, paprikan, salaatin, retiisin, ker\u00e4-, lehtikaalin ja kukkakaalin sek\u00e4 koristekasvien tautien torjuntaan kasvihuoneessa ja sienitautien torjuntaan avomaalla kasvavalla salaatilla, lyhytvartisilla avomaankurkuilla (korni\u0161on), retiisill\u00e4 ja koristekasveilla. <strong>Torjuttavat taudit:<\/strong> taimipolte (Phytophthora, Pythium, Aphanomyces, Peronospora ym.) ja peronosporakasvien taudit.<\/p>\n<p>Tutustu ennen k\u00e4ytt\u00f6\u00e4 k\u00e4ytt\u00f6ohjeeseen ja k\u00e4ytt\u00f6turvallisuustiedotteeseen.<\/p>\n<p>K\u00e4yt\u00e4 ty\u00f6t\u00e4 tehdess\u00e4si henkil\u00f6nsuojaimia.<\/p>\n","protected":false},"excerpt":{"rendered":"<p>Laaja tehoinen, systeeminen ja pitk\u00e4vaikutteinen fungisidi.<\/p>\n<ul>\n<li>Previcur Energy sis\u00e4lt\u00e4\u00e4 kaksi vaikuttavaa ainetta, jotka t\u00e4ydent\u00e4v\u00e4t toisiaan sek\u00e4 tehoalueen ett\u00e4 torjuntatehon osalta.<\/li>\n<li>Propamokarbi est\u00e4\u00e4 sienen solukalvon muodostumisen; se hidastaa sienen rihmaston kasvua sek\u00e4 iti\u00f6iden muodostumista ja it\u00e4mist\u00e4.<\/li>\n<li>Fosetyylialumiini lis\u00e4\u00e4 kasvien systeemist\u00e4 vastustuskyky\u00e4 sienitauteja vastaan stimuloimalla kasvien luonnollista puolustusj\u00e4rjestelm\u00e4\u00e4.<\/li>\n<\/ul>\n","protected":false},"featured_media":42120,"template":"","meta":{"_acf_changed":false,"_seopress_robots_primary_cat":"none","_seopress_titles_title":"","_seopress_titles_desc":"Previcur Energy 15ml - Laaja tehoinen, systeeminen ja pitk\u00e4vaikutteinen fungisidi. Sis\u00e4lt\u00e4\u00e4 kaksi toisiaan t\u00e4ydent\u00e4v\u00e4\u00e4 vaikuttavaa ainetta. ","_seopress_robots_index":"","_gspb_post_css":""},"product_brand":[],"product_cat":[2392,2359,2356],"product_tag":[],"class_list":{"0":"post-42118","1":"product","2":"type-product","3":"status-publish","4":"has-post-thumbnail","6":"product_cat-kaikki-luokat","7":"product_cat-kasvitautien-torjunta","8":"product_cat-puutarhan-ja-kasvien-suojelu","10":"first","11":"instock","12":"taxable","13":"shipping-taxable","14":"purchasable","15":"product-type-simple"},"ct_brands":[],"acf":[],"_links":{"self":[{"href":"https:\/\/agrozone.ee\/fi\/wp-json\/wp\/v2\/product\/42118","targetHints":{"allow":["GET"]}}],"collection":[{"href":"https:\/\/agrozone.ee\/fi\/wp-json\/wp\/v2\/product"}],"about":[{"href":"https:\/\/agrozone.ee\/fi\/wp-json\/wp\/v2\/types\/product"}],"wp:featuredmedia":[{"embeddable":true,"href":"https:\/\/agrozone.ee\/fi\/wp-json\/wp\/v2\/media\/42120"}],"wp:attachment":[{"href":"https:\/\/agrozone.ee\/fi\/wp-json\/wp\/v2\/media?parent=42118"}],"wp:term":[{"taxonomy":"product_brand","embeddable":true,"href":"https:\/\/agrozone.ee\/fi\/wp-json\/wp\/v2\/product_brand?post=42118"},{"taxonomy":"product_cat","embeddable":true,"href":"https:\/\/agrozone.ee\/fi\/wp-json\/wp\/v2\/product_cat?post=42118"},{"taxonomy":"product_tag","embeddable":true,"href":"https:\/\/agrozone.ee\/fi\/wp-json\/wp\/v2\/product_tag?post=42118"}],"curies":[{"name":"wp","href":"https:\/\/api.w.org\/{rel}","templated":true}]}}