{"id":42122,"date":"2024-06-09T15:59:18","date_gmt":"2024-06-09T13:59:18","guid":{"rendered":"https:\/\/agrozone.ee\/toode\/score-250-ec-2ml-hedelmapuiden-sienitautien-torjuntaan\/"},"modified":"2024-06-09T15:59:18","modified_gmt":"2024-06-09T13:59:18","slug":"score-250-ec-2ml-hedelmapuiden-sienitautien-torjuntaan","status":"publish","type":"product","link":"https:\/\/agrozone.ee\/fi\/tuote\/score-250-ec-2ml-hedelmapuiden-sienitautien-torjuntaan\/","title":{"rendered":"Score 250 EC 2ml (hedelm\u00e4puiden sienitautien torjuntaan)"},"content":{"rendered":"<p><strong>Score 250 EC 2 ml<\/strong><\/p>\n<ul>\n<li>Laaja tehoinen systeeminen fungisidi.<\/li>\n<\/ul>\n<p><strong>K\u00e4ytt\u00f6kohde:<\/strong> omenan, p\u00e4\u00e4ryn\u00e4n, luumun, kirsikan ja muiden siemen- ja luumarjojen sienitautien torjuntaan.<\/p>\n<p><a href=\"https:\/\/agrozone.ee\/wp-content\/uploads\/2024\/10\/infoleht_score_6b1ced5d.pdf\" target=\"_blank\" rel=\"noopener\">TIETOLEHTI<\/a><\/p>\n<p><a href=\"https:\/\/agrozone.ee\/wp-content\/uploads\/2024\/10\/ohutuskaart_score_250_ec_ee_2014_db49fe2f.pdf\">TURVALLISUUSKORTTI<\/a><\/p>\n<h3>K\u00e4ytt\u00f6ohjeet<\/h3>\n<ul>\n<li>2 ml sekoitettuna 10 litraan vett\u00e4, 2 litraa nuorelle ja 5 litraa t\u00e4ysikasvuiselle puulle.<\/li>\n<li>Ty\u00f6liuoksen kulutus on 2 litraa nuorelle ja 5 litraa t\u00e4ydess\u00e4 satovaiheessa olevalle omena- tai p\u00e4\u00e4ryn\u00e4puulle.<\/li>\n<li>Ruiskutetaan vastavalmistetulla liuoksella tyynell\u00e4 s\u00e4\u00e4ll\u00e4, varmistetaan lehtien tasainen peittyminen ty\u00f6liuoksella.<\/li>\n<li>Suurin ruiskutuskertojen m\u00e4\u00e4r\u00e4 2.<\/li>\n<li>Parhaat tulokset saadaan ennaltaehk\u00e4isev\u00e4ll\u00e4 torjunnalla.<\/li>\n<li>Suositellaan ruiskuttamaan kaksi kertaa ennen kukintaa ja kaksi kertaa kukinnan j\u00e4lkeen.<\/li>\n<li>Ensimm\u00e4inen ruiskutus tehd\u00e4\u00e4n kukkanuppujen muodostumisvaiheessa 10-12 p\u00e4iv\u00e4n v\u00e4lein.<\/li>\n<li>Parantava ruiskutus tehd\u00e4\u00e4n v\u00e4hint\u00e4\u00e4n 96 tuntia (4 vuorokautta) tartunnan alkamisen j\u00e4lkeen.<\/li>\n<li>Ruiskutusv\u00e4li m\u00e4\u00e4ritet\u00e4\u00e4n ennusteen mukaan, jos s\u00e4\u00e4olosuhteet ovat tautien levi\u00e4miselle suotuisat.<\/li>\n<\/ul>\n<p><strong>Torjuttavat taudit:<\/strong> hedelm\u00e4rupinen, h\u00e4rm\u00e4 ja m\u00e4d\u00e4t.<\/p>\n<p><strong>Kasvinsuojeluaineen k\u00e4yt\u00f6ss\u00e4 tulee noudattaa pakkauksessa olevia ohjeita.<\/strong><\/p>\n","protected":false},"excerpt":{"rendered":"<ul>\n<li>Laaja tehoinen systeeminen fungisidi.<\/li>\n<\/ul>\n<p><strong>K\u00e4ytt\u00f6kohde:<\/strong> omenan, p\u00e4\u00e4ryn\u00e4n, luumun, kirsikan ja muiden siemen- ja luumarjojen sienitautien torjuntaan.<\/p>\n","protected":false},"featured_media":42124,"template":"","meta":{"_acf_changed":false,"_seopress_robots_primary_cat":"none","_seopress_titles_title":"","_seopress_titles_desc":"Score 250 EC 2ml - Laaja tehoinen systeeminen fungisidi. Omenan, p\u00e4\u00e4ryn\u00e4n, luumun, kirsikan ja muiden siemen- ja luumarjojen sienitautien torjuntaan. ","_seopress_robots_index":"","_gspb_post_css":""},"product_brand":[],"product_cat":[2392,2359,2356],"product_tag":[],"class_list":{"0":"post-42122","1":"product","2":"type-product","3":"status-publish","4":"has-post-thumbnail","6":"product_cat-kaikki-luokat","7":"product_cat-kasvitautien-torjunta","8":"product_cat-puutarhan-ja-kasvien-suojelu","10":"first","11":"instock","12":"taxable","13":"shipping-taxable","14":"purchasable","15":"product-type-simple"},"ct_brands":[],"acf":[],"_links":{"self":[{"href":"https:\/\/agrozone.ee\/fi\/wp-json\/wp\/v2\/product\/42122","targetHints":{"allow":["GET"]}}],"collection":[{"href":"https:\/\/agrozone.ee\/fi\/wp-json\/wp\/v2\/product"}],"about":[{"href":"https:\/\/agrozone.ee\/fi\/wp-json\/wp\/v2\/types\/product"}],"wp:featuredmedia":[{"embeddable":true,"href":"https:\/\/agrozone.ee\/fi\/wp-json\/wp\/v2\/media\/42124"}],"wp:attachment":[{"href":"https:\/\/agrozone.ee\/fi\/wp-json\/wp\/v2\/media?parent=42122"}],"wp:term":[{"taxonomy":"product_brand","embeddable":true,"href":"https:\/\/agrozone.ee\/fi\/wp-json\/wp\/v2\/product_brand?post=42122"},{"taxonomy":"product_cat","embeddable":true,"href":"https:\/\/agrozone.ee\/fi\/wp-json\/wp\/v2\/product_cat?post=42122"},{"taxonomy":"product_tag","embeddable":true,"href":"https:\/\/agrozone.ee\/fi\/wp-json\/wp\/v2\/product_tag?post=42122"}],"curies":[{"name":"wp","href":"https:\/\/api.w.org\/{rel}","templated":true}]}}