{"id":42125,"date":"2024-06-09T15:59:18","date_gmt":"2024-06-09T12:59:18","guid":{"rendered":"https:\/\/agrozone.ee\/toode\/switch-625-wg-5g-tautien-torjuntaan\/"},"modified":"2024-06-09T15:59:18","modified_gmt":"2024-06-09T13:59:18","slug":"switch-625-wg-5g-tautien-torjuntaan","status":"publish","type":"product","link":"https:\/\/agrozone.ee\/fi\/tuote\/switch-625-wg-5g-tautien-torjuntaan\/","title":{"rendered":"Switch 62,5 WG 5g (tautien torjuntaan)"},"content":{"rendered":"<p><strong>Switch 62,5 WG 5 g<\/strong><\/p>\n<ul>\n<li>Kasvinsuojeluaine Switch 62,5 WG tautien torjuntaan.<\/li>\n<li>Kontakti- ja systeeminen fungisidi mansikoiden, koristekasvien, marjapensaiden ja hernekasvien sienitautien torjuntaan.<\/li>\n<li>Tuote sis\u00e4lt\u00e4\u00e4 kaksi vaikuttavaa ainetta: fludioksonilia ja syprodinilia, jotka takaavat sek\u00e4 kaksinkertaisen tehon taudinaiheuttajaa vastaan ett\u00e4 kasvien luotettavan suojan.<\/li>\n<li>K\u00e4ytet\u00e4\u00e4n kasvitautien torjuntaan omena- ja p\u00e4\u00e4ryn\u00e4puilla, luumu- ja kirsikkapuilla (kukinnan aikana), vadelmalla sek\u00e4 kasvihuoneessa kurkulla ja tomaatilla, kes\u00e4kurpitsalla, taimitarhoissa ja nurmikolla.<\/li>\n<\/ul>\n<h3>Vaikutus<\/h3>\n<ul>\n<li>Fludioksonili ja syprodinili ovat laboratoriokokeissa osoittaneet eritt\u00e4in hyv\u00e4\u00e4 tehoa<br \/>\nkasvipatogeeneihin kuten kotelosieniin (Ascomycetes), ep\u00e4t\u00e4ydellisiin sieniin (Deuteromycetes), h\u00e4rm\u00e4sieniin (Monilinia) ja<br \/>\nharmaahomesieniin (Botrytis cinerea).<\/li>\n<li>Fludioksonili ja syprodinili ovat tehokkaita kaikkia n\u00e4it\u00e4<br \/>\ntaudinaiheuttajia vastaan.<\/li>\n<li>Valmiste saavuttaa sateenkest\u00e4vyyden 2 tunnissa.<\/li>\n<\/ul>\n<p><a href=\"https:\/\/agrozone.ee\/wp-content\/uploads\/2024\/08\/switch-625-wg-label.pdf\" target=\"_blank\" rel=\"noopener\">TIETOLEHTI<\/a><\/p>\n<h3>K\u00e4ytt\u00f6ohjeet<\/h3>\n<p><strong>Pensat:<\/strong> Liuotetaan 5 g valmistetta 2,5 litraan vett\u00e4. <strong>Puut:<\/strong> Liuotetaan 5 g valmistetta 5 litraan vett\u00e4. Kasvinsuojeluaineen k\u00e4yt\u00f6ss\u00e4 tulee noudattaa pakkauksessa ja k\u00e4ytt\u00f6turvallisuustiedotteessa olevia k\u00e4ytt\u00f6ohjeita. Kasvinsuojelut\u00f6it\u00e4 teht\u00e4ess\u00e4 tulee k\u00e4ytt\u00e4\u00e4 asianmukaisia henkil\u00f6nsuojaimia sek\u00e4 noudattaa hygienia- ja turvallisuusm\u00e4\u00e4r\u00e4yksi\u00e4.<\/p>\n","protected":false},"excerpt":{"rendered":"<ul>\n<li>Kasvinsuojeluaine Switch 62,5 WG tautien torjuntaan.<\/li>\n<li>Kontakti- ja systeeminen fungisidi mansikoiden, koristekasvien, marjapensaiden ja hernekasvien sienitautien torjuntaan.<\/li>\n<li>K\u00e4ytet\u00e4\u00e4n kasvitautien torjuntaan omena- ja p\u00e4\u00e4ryn\u00e4puilla, luumu- ja kirsikkapuilla (kukinnan aikana), vadelmalla sek\u00e4 kasvihuoneessa kurkulla ja tomaatilla, kes\u00e4kurpitsalla, taimitarhoissa ja nurmikolla.<\/li>\n<\/ul>\n","protected":false},"featured_media":42126,"template":"","meta":{"_acf_changed":false,"_seopress_robots_primary_cat":"none","_seopress_titles_title":"","_seopress_titles_desc":"Kasvinsuojeluaine Switch 62,5 WG tautien torjuntaan. Kontakti- ja systeeminen fungisidi mansikoiden ja marjapensaiden sienitautien torjuntaan.","_seopress_robots_index":"","_gspb_post_css":""},"product_brand":[],"product_cat":[2392,2359,2356],"product_tag":[],"class_list":{"0":"post-42125","1":"product","2":"type-product","3":"status-publish","4":"has-post-thumbnail","6":"product_cat-kaikki-luokat","7":"product_cat-kasvitautien-torjunta","8":"product_cat-puutarhan-ja-kasvien-suojelu","10":"first","11":"outofstock","12":"taxable","13":"shipping-taxable","14":"purchasable","15":"product-type-simple"},"ct_brands":[],"acf":[],"_links":{"self":[{"href":"https:\/\/agrozone.ee\/fi\/wp-json\/wp\/v2\/product\/42125","targetHints":{"allow":["GET"]}}],"collection":[{"href":"https:\/\/agrozone.ee\/fi\/wp-json\/wp\/v2\/product"}],"about":[{"href":"https:\/\/agrozone.ee\/fi\/wp-json\/wp\/v2\/types\/product"}],"wp:featuredmedia":[{"embeddable":true,"href":"https:\/\/agrozone.ee\/fi\/wp-json\/wp\/v2\/media\/42126"}],"wp:attachment":[{"href":"https:\/\/agrozone.ee\/fi\/wp-json\/wp\/v2\/media?parent=42125"}],"wp:term":[{"taxonomy":"product_brand","embeddable":true,"href":"https:\/\/agrozone.ee\/fi\/wp-json\/wp\/v2\/product_brand?post=42125"},{"taxonomy":"product_cat","embeddable":true,"href":"https:\/\/agrozone.ee\/fi\/wp-json\/wp\/v2\/product_cat?post=42125"},{"taxonomy":"product_tag","embeddable":true,"href":"https:\/\/agrozone.ee\/fi\/wp-json\/wp\/v2\/product_tag?post=42125"}],"curies":[{"name":"wp","href":"https:\/\/api.w.org\/{rel}","templated":true}]}}