{"id":42127,"date":"2024-06-09T16:04:32","date_gmt":"2024-06-09T14:04:32","guid":{"rendered":"https:\/\/agrozone.ee\/toode\/neem-vital-suihke-500-ml\/"},"modified":"2024-06-09T16:04:32","modified_gmt":"2024-06-09T14:04:32","slug":"neem-vital-suihke-500-ml","status":"publish","type":"product","link":"https:\/\/agrozone.ee\/fi\/tuote\/neem-vital-suihke-500-ml\/","title":{"rendered":"Neem Vital -suihke 500 ml"},"content":{"rendered":"<p><strong>Neem Vital -suihke 500 ml<\/strong><\/p>\n<ul>\n<li class=\"plained\">K\u00e4ytt\u00f6valmis kasviapu puutarha- ja huonekasveille.<\/li>\n<li class=\"plained\">K\u00e4ytt\u00f6valmis kasviper\u00e4inen lis\u00e4 neemipuun bioaktiivisilla aineilla.<\/li>\n<li class=\"plained\">Luonnollinen kasviuute on rikas sekund\u00e4\u00e4risten kasviaineiden suhteen ja auttaa varmistamaan terveen ja elinvoimaisen kasvun, terveet lehdet ja kukat sek\u00e4 runsaan sadon puutarha- ja huonekasveille.<\/li>\n<li class=\"plained\">Lehtipinnoille suoraan levitt\u00e4minen tuo bioaktiiviset aineet suoraan kasville.<\/li>\n<li class=\"plained\">K\u00e4ytt\u00f6valmis liuos lehtien kasteluun ja biologisen aktiivisuuden parantamiseen.<\/li>\n<li class=\"plained\">Raaka-aineet: 99,5% kasviper\u00e4isi\u00e4 aineita maataloudesta (neemipuristuskakku, \u00f6ljy).<\/li>\n<li class=\"plained\">Sis\u00e4lt\u00e4\u00e4 s\u00e4il\u00f6nt\u00e4aineita (CMIT\/MIT) hygienisointiin.<\/li>\n<\/ul>\n<p>S\u00e4ilytysohjeet:<\/p>\n<ul>\n<li>S\u00e4ilytysl\u00e4mp\u00f6tila +0\u00b0C &#8211; +40\u00b0C.<\/li>\n<li>Suojaa suoralta auringonvalolta.<\/li>\n<li>Ei sovellu ihmisravinnoksi.<\/li>\n<\/ul>\n<h3>K\u00e4ytt\u00f6ohjeet<\/h3>\n<ul>\n<li>Suihketta voidaan k\u00e4ytt\u00e4\u00e4 ymp\u00e4ri vuoden.<\/li>\n<li>Sumuta kasvin lehdille 1-2 kertaa viikossa tai tarpeen mukaan.<\/li>\n<li>\u00c4l\u00e4 suihkuta kukkiin tai nuppuihin, jos mahdollista.<\/li>\n<li>Suojaa sumutetut lehdet suoralta auringonvalolta (&#8220;polttavan lasin&#8221; vaikutus vesipisaroilla).<\/li>\n<li>Poista sumukalvo huonekaluista, tapetista jne. kuivalla liinalla.<\/li>\n<\/ul>\n","protected":false},"excerpt":{"rendered":"<ul>\n<li class=\"plained\">K\u00e4ytt\u00f6valmis kasviapu puutarha- ja huonekasveille.<\/li>\n<li class=\"plained\">K\u00e4ytt\u00f6valmis kasviper\u00e4inen lis\u00e4 neemipuun bioaktiivisilla aineilla.<\/li>\n<li class=\"plained\">Luonnollinen kasviuute on rikas sekund\u00e4\u00e4risten kasviaineiden suhteen ja auttaa varmistamaan terveen ja elinvoimaisen kasvun, terveet lehdet ja kukat sek\u00e4 runsaan sadon puutarha- ja huonekasveille.<\/li>\n<li class=\"plained\">Lehtipinnoille suoraan levitt\u00e4minen tuo bioaktiiviset aineet suoraan kasville.<\/li>\n<li class=\"plained\">K\u00e4ytt\u00f6valmis liuos lehtien kasteluun ja biologisen aktiivisuuden parantamiseen.<\/li>\n<\/ul>\n","protected":false},"featured_media":42128,"template":"","meta":{"_acf_changed":false,"_seopress_robots_primary_cat":"","_seopress_titles_title":"","_seopress_titles_desc":"Neem Vital -suihke - k\u00e4ytt\u00f6valmis kasviapu puutarha- ja huonekasveille. K\u00e4ytt\u00f6valmis kasviper\u00e4inen lis\u00e4 neemipuun bioaktiivisilla aineilla. ","_seopress_robots_index":"","_gspb_post_css":""},"product_brand":[],"product_cat":[2392,2361,2356],"product_tag":[],"class_list":{"0":"post-42127","1":"product","2":"type-product","3":"status-publish","4":"has-post-thumbnail","6":"product_cat-kaikki-luokat","7":"product_cat-kasvinsuojeluaineet","8":"product_cat-puutarhan-ja-kasvien-suojelu","10":"first","11":"instock","12":"taxable","13":"shipping-taxable","14":"purchasable","15":"product-type-simple"},"ct_brands":[],"acf":[],"_links":{"self":[{"href":"https:\/\/agrozone.ee\/fi\/wp-json\/wp\/v2\/product\/42127","targetHints":{"allow":["GET"]}}],"collection":[{"href":"https:\/\/agrozone.ee\/fi\/wp-json\/wp\/v2\/product"}],"about":[{"href":"https:\/\/agrozone.ee\/fi\/wp-json\/wp\/v2\/types\/product"}],"wp:featuredmedia":[{"embeddable":true,"href":"https:\/\/agrozone.ee\/fi\/wp-json\/wp\/v2\/media\/42128"}],"wp:attachment":[{"href":"https:\/\/agrozone.ee\/fi\/wp-json\/wp\/v2\/media?parent=42127"}],"wp:term":[{"taxonomy":"product_brand","embeddable":true,"href":"https:\/\/agrozone.ee\/fi\/wp-json\/wp\/v2\/product_brand?post=42127"},{"taxonomy":"product_cat","embeddable":true,"href":"https:\/\/agrozone.ee\/fi\/wp-json\/wp\/v2\/product_cat?post=42127"},{"taxonomy":"product_tag","embeddable":true,"href":"https:\/\/agrozone.ee\/fi\/wp-json\/wp\/v2\/product_tag?post=42127"}],"curies":[{"name":"wp","href":"https:\/\/api.w.org\/{rel}","templated":true}]}}