{"id":42130,"date":"2024-06-09T15:59:19","date_gmt":"2024-06-09T12:59:19","guid":{"rendered":"https:\/\/agrozone.ee\/toode\/hyonteisten-liima-ansa-perhosmuotoinen-10-kpl\/"},"modified":"2025-10-30T08:00:59","modified_gmt":"2025-10-30T06:00:59","slug":"hyonteisten-liima-ansa-perhosmuotoinen-10-kpl","status":"publish","type":"product","link":"https:\/\/agrozone.ee\/fi\/tuote\/hyonteisten-liima-ansa-perhosmuotoinen-10-kpl\/","title":{"rendered":"Hy\u00f6nteisten liima-ansa perhosen muotoinen 10 kpl \u2013 tehokas ja ymp\u00e4rist\u00f6yst\u00e4v\u00e4llinen kasvinsuojelu"},"content":{"rendered":"<p data-sourcepos=\"7:1-7:306\">Suojaa kasvejasi tuholaisilta luonnollisesti ja tehokkaasti! N\u00e4m\u00e4 perhosen muotoiset hy\u00f6nteisten liima-ansat ovat ihanteellinen ratkaisu tuholaisten torjuntaan sek\u00e4 sis\u00e4- ett\u00e4 ulkotiloissa. 10 kappaleen setti tarjoaa pitk\u00e4aikaista suojaa erilaisia haitallisia hy\u00f6nteisi\u00e4 vastaan ilman, ett\u00e4 sinun tarvitsee k\u00e4ytt\u00e4\u00e4 myrkyllisi\u00e4 kemikaaleja.  <\/p>\n<p data-sourcepos=\"9:1-9:21\"><strong>T\u00e4rkeimm\u00e4t edut:<\/strong><\/p>\n<ul data-sourcepos=\"11:1-16:0\">\n<li data-sourcepos=\"11:1-11:172\"><strong>Kemikaaliton:<\/strong> Liima-ansat on p\u00e4\u00e4llystetty l\u00e4pin\u00e4kyv\u00e4ll\u00e4 liima-aineella eiv\u00e4tk\u00e4 sis\u00e4ll\u00e4 myrkyllisi\u00e4 vaikuttavia aineita, mik\u00e4 tekee niist\u00e4 turvallisia sek\u00e4 kasveille, ihmisille ett\u00e4 lemmikkiel\u00e4imille.<\/li>\n<li data-sourcepos=\"12:1-12:179\"><strong>Tehokas tuholaistorjunta:<\/strong> Keltainen v\u00e4ri houkuttelee erilaisia tuholaisia, kuten kirsikkak\u00e4rp\u00e4si\u00e4, lehtikirvoja, miinaajak\u00e4rp\u00e4si\u00e4, omenak\u00e4\u00e4reit\u00e4, kasvihuoneperhosia, ripsi\u00e4isi\u00e4 ja muita.<\/li>\n<li data-sourcepos=\"13:1-13:123\"><strong>Helppo k\u00e4ytt\u00e4\u00e4:<\/strong> Ripusta ansat yksinkertaisesti kasvien l\u00e4helle varmistaen, etteiv\u00e4t ne kosketa lehti\u00e4 tai oksia.<\/li>\n<li data-sourcepos=\"14:1-14:105\"><strong>Monipuolinen k\u00e4ytt\u00f6:<\/strong> Sopii k\u00e4ytett\u00e4v\u00e4ksi niin vihannes- ja hedelm\u00e4tarhoissa kuin kasvihuoneissakin.<\/li>\n<li data-sourcepos=\"15:1-16:0\"><strong>Ennaltaehk\u00e4isev\u00e4 suoja:<\/strong> K\u00e4yt\u00e4 ansoja kirsikkak\u00e4rp\u00e4sten pyydyst\u00e4miseen ja toukkien muodostumisen ehk\u00e4isemiseen.<\/li>\n<\/ul>\n<p data-sourcepos=\"17:1-17:18\"><strong>K\u00e4ytt\u00f6ohje:<\/strong><\/p>\n<ul data-sourcepos=\"19:1-23:0\">\n<li data-sourcepos=\"19:1-19:111\">Hy\u00f6nteisten liima-ansoja k\u00e4ytet\u00e4\u00e4n seuraamaan eri tuholaisia, kuten lehtikirvoja, miinaajak\u00e4rp\u00e4si\u00e4, omenak\u00e4\u00e4reit\u00e4, kasvihuoneperhosia, ripsi\u00e4isi\u00e4 jne., erilaisilla kasveilla kotona ja puutarhassa.<\/li>\n<li data-sourcepos=\"19:1-19:111\">Ansa ty\u00f6nnet\u00e4\u00e4n maahan ja liimalla p\u00e4\u00e4llystetylt\u00e4 osalta poistetaan suojus.<\/li>\n<li data-sourcepos=\"19:1-19:111\">Kun liima-ansa on t\u00e4ynn\u00e4 tuholaisia, vaihda se uuteen.<\/li>\n<li data-sourcepos=\"19:1-19:111\">Tehokkaan tuholaistorjunnan varmistamiseksi aseta ansat kasveille tasaisin v\u00e4limatkoin.<\/li>\n<\/ul>\n<p data-sourcepos=\"39:1-39:34\"><strong>Miksi valita meid\u00e4n liima-ansamme?<\/strong><\/p>\n<p data-sourcepos=\"41:1-41:235\">Perhosen muotoiset hy\u00f6nteisten liima-ansamme ovat tehokas ja ymp\u00e4rist\u00f6yst\u00e4v\u00e4llinen ratkaisu, joka auttaa pit\u00e4m\u00e4\u00e4n kasvisi tervein\u00e4 ja tuholaisvapaana. Helppok\u00e4ytt\u00f6isyys ja monipuoliset k\u00e4ytt\u00f6mahdollisuudet tekev\u00e4t niist\u00e4 korvaamattoman apuv\u00e4lineen jokaiselle puutarhurille. <\/p>\n","protected":false},"excerpt":{"rendered":"<ul>\n<li>Kemikaalittomia, l\u00e4pin\u00e4kyv\u00e4ll\u00e4 liima-aineella p\u00e4\u00e4llystettyj\u00e4 perhosmuotoisia arkkeja, jotka on tarkoitettu kasvinsuojeluun.<\/li>\n<li>Liima-ansan keltainen v\u00e4ri houkuttelee hy\u00f6nteisi\u00e4 puoleensa, ja joutuessaan kosketuksiin sen kanssa tuholaiset tarttuvat ansaan.<\/li>\n<li>Hy\u00f6nteisliima-ansoja voidaan k\u00e4ytt\u00e4\u00e4 kirsikkak\u00e4rp\u00e4sten pyydyst\u00e4miseen ja niiden toukkien aiheuttamien matojen ehk\u00e4isyyn.<\/li>\n<li>Se auttaa my\u00f6s torjumaan tehokkaasti muita tuholaisia, kuten kirvoja, miinaajakoiria, omenak\u00e4\u00e4ri\u00e4isi\u00e4, kasvihuoneripsi\u00e4isi\u00e4, ripsi\u00e4isi\u00e4 jne.<\/li>\n<\/ul>\n","protected":false},"featured_media":53954,"template":"","meta":{"_acf_changed":false,"_seopress_robots_primary_cat":"none","_seopress_titles_title":"","_seopress_titles_desc":"Hy\u00f6nteisten liima-ansa keltainen v\u00e4ri houkuttelee hy\u00f6nteisi\u00e4. Auttaa torjumaan tehokkaasti kirvoja, miinaajakoiria, omenak\u00e4\u00e4ri\u00e4isi\u00e4, kasvihuoneripsi\u00e4isi\u00e4, ripsi\u00e4isi\u00e4 jne. ","_seopress_robots_index":"","_gspb_post_css":""},"product_brand":[],"product_cat":[2392,2356,2360],"product_tag":[2801,2834,2487,2836,2830,2832,2837,2831,2833,2829,2835,2803],"class_list":{"0":"post-42130","1":"product","2":"type-product","3":"status-publish","4":"has-post-thumbnail","6":"product_cat-kaikki-luokat","7":"product_cat-puutarhan-ja-kasvien-suojelu","8":"product_cat-kasvintuholaisten-torjunta","9":"product_tag-hyonteisten-liima-ansa","10":"product_tag-kasvihuoneperhonen","11":"product_tag-kasvinsuojeluaineet","12":"product_tag-kemikaaliton-kasvinsuojelu","13":"product_tag-kirsikkakarpanen","14":"product_tag-lehtikirva","15":"product_tag-luonnonmukainen-tuholaistorjunta","16":"product_tag-miinaajakarpanen","17":"product_tag-omenakaariainen","18":"product_tag-perhosen-muotoinen-liima-ansa","19":"product_tag-ripsiaiset-fi","20":"product_tag-tuholaistorjunta","22":"first","23":"instock","24":"featured","25":"taxable","26":"shipping-taxable","27":"purchasable","28":"product-type-simple"},"ct_brands":[],"acf":[],"_links":{"self":[{"href":"https:\/\/agrozone.ee\/fi\/wp-json\/wp\/v2\/product\/42130","targetHints":{"allow":["GET"]}}],"collection":[{"href":"https:\/\/agrozone.ee\/fi\/wp-json\/wp\/v2\/product"}],"about":[{"href":"https:\/\/agrozone.ee\/fi\/wp-json\/wp\/v2\/types\/product"}],"wp:featuredmedia":[{"embeddable":true,"href":"https:\/\/agrozone.ee\/fi\/wp-json\/wp\/v2\/media\/53954"}],"wp:attachment":[{"href":"https:\/\/agrozone.ee\/fi\/wp-json\/wp\/v2\/media?parent=42130"}],"wp:term":[{"taxonomy":"product_brand","embeddable":true,"href":"https:\/\/agrozone.ee\/fi\/wp-json\/wp\/v2\/product_brand?post=42130"},{"taxonomy":"product_cat","embeddable":true,"href":"https:\/\/agrozone.ee\/fi\/wp-json\/wp\/v2\/product_cat?post=42130"},{"taxonomy":"product_tag","embeddable":true,"href":"https:\/\/agrozone.ee\/fi\/wp-json\/wp\/v2\/product_tag?post=42130"}],"curies":[{"name":"wp","href":"https:\/\/api.w.org\/{rel}","templated":true}]}}