{"id":42135,"date":"2024-06-09T15:59:41","date_gmt":"2024-06-09T12:59:41","guid":{"rendered":"https:\/\/agrozone.ee\/toode\/etanoiden-torjunta-aine-25-kg\/"},"modified":"2024-06-09T15:59:41","modified_gmt":"2024-06-09T13:59:41","slug":"etanoiden-torjunta-aine-25-kg","status":"publish","type":"product","link":"https:\/\/agrozone.ee\/fi\/tuote\/etanoiden-torjunta-aine-25-kg\/","title":{"rendered":"Etanoiden torjunta-aine 2,5 kg"},"content":{"rendered":"<p>Etanoiden luonnollinen torjunta-aine muodostaa etanoille vaikeasti ylitett\u00e4v\u00e4n esteen, joka kuivattaa niiden limarauhaset. &nbsp;<\/p>\n<h3>K\u00e4ytt\u00f6ohjeet<\/h3>\n<p> Ravista jauhetta suojattavan alueen ymp\u00e4rille muodostaen esteen etanoiden tielle. Estett\u00e4 on uusittava toistuvasti torjunnan alussa, ja torjunta on toistettava sateen j\u00e4lkeen. <\/p>\n","protected":false},"excerpt":{"rendered":"<p>Etanoiden luonnollinen torjunta-aine muodostaa etanoille vaikeasti ylitett\u00e4v\u00e4n esteen, joka kuivattaa niiden limarauhaset.<\/p>\n","protected":false},"featured_media":57902,"template":"","meta":{"_acf_changed":false,"_seopress_robots_primary_cat":"","_seopress_titles_title":"","_seopress_titles_desc":"","_seopress_robots_index":"","_gspb_post_css":""},"product_brand":[],"product_cat":[2922,2392,2356,2360],"product_tag":[],"class_list":{"0":"post-42135","1":"product","2":"type-product","3":"status-publish","4":"has-post-thumbnail","6":"product_cat-tigude-torjunta","7":"product_cat-kaikki-luokat","8":"product_cat-puutarhan-ja-kasvien-suojelu","9":"product_cat-kasvintuholaisten-torjunta","11":"first","12":"instock","13":"taxable","14":"shipping-taxable","15":"purchasable","16":"product-type-simple"},"ct_brands":[],"acf":[],"_links":{"self":[{"href":"https:\/\/agrozone.ee\/fi\/wp-json\/wp\/v2\/product\/42135","targetHints":{"allow":["GET"]}}],"collection":[{"href":"https:\/\/agrozone.ee\/fi\/wp-json\/wp\/v2\/product"}],"about":[{"href":"https:\/\/agrozone.ee\/fi\/wp-json\/wp\/v2\/types\/product"}],"wp:featuredmedia":[{"embeddable":true,"href":"https:\/\/agrozone.ee\/fi\/wp-json\/wp\/v2\/media\/57902"}],"wp:attachment":[{"href":"https:\/\/agrozone.ee\/fi\/wp-json\/wp\/v2\/media?parent=42135"}],"wp:term":[{"taxonomy":"product_brand","embeddable":true,"href":"https:\/\/agrozone.ee\/fi\/wp-json\/wp\/v2\/product_brand?post=42135"},{"taxonomy":"product_cat","embeddable":true,"href":"https:\/\/agrozone.ee\/fi\/wp-json\/wp\/v2\/product_cat?post=42135"},{"taxonomy":"product_tag","embeddable":true,"href":"https:\/\/agrozone.ee\/fi\/wp-json\/wp\/v2\/product_tag?post=42135"}],"curies":[{"name":"wp","href":"https:\/\/api.w.org\/{rel}","templated":true}]}}