{"id":42136,"date":"2024-08-06T12:20:19","date_gmt":"2024-08-06T10:20:19","guid":{"rendered":"https:\/\/agrozone.ee\/toode\/expel-hyttysansat-8-kpl\/"},"modified":"2024-08-06T12:20:19","modified_gmt":"2024-08-06T10:20:19","slug":"expel-hyttysansat-8-kpl","status":"publish","type":"product","link":"https:\/\/agrozone.ee\/fi\/tuote\/expel-hyttysansat-8-kpl\/","title":{"rendered":"EXPEL &#8211; hyttysansat 8 kpl"},"content":{"rendered":"<p>Luonnollisia kasvi\u00f6ljyj\u00e4 sis\u00e4lt\u00e4vien hyttyskarkotteiden tarrat.<br \/>\n\u25cf Pakkauksen sis\u00e4lt\u00f6 &#8211; 8 kpl.<\/p>\n<p><strong>K\u00e4ytt\u00f6ohjeet:<\/strong><\/p>\n<p>Kiinnit\u00e4 tarra vaatteiden p\u00e4\u00e4llimm\u00e4iseen kerrokseen suojaamattomien ruumiinosien l\u00e4helle tai suojattavan henkil\u00f6n l\u00e4hell\u00e4 olevaan esineeseen.<\/p>\n","protected":false},"excerpt":{"rendered":"<p>Luonnollisia kasvi\u00f6ljyj\u00e4 sis\u00e4lt\u00e4vien hyttyskarkotteiden tarrat.<\/p>\n","protected":false},"featured_media":45949,"template":"","meta":{"_acf_changed":false,"_seopress_robots_primary_cat":"","_seopress_titles_title":"","_seopress_titles_desc":"","_seopress_robots_index":"","_gspb_post_css":""},"product_brand":[],"product_cat":[2358,2392,2356],"product_tag":[],"class_list":{"0":"post-42136","1":"product","2":"type-product","3":"status-publish","4":"has-post-thumbnail","6":"product_cat-hyonteisten-ja-hyttysten-torjunta","7":"product_cat-kaikki-luokat","8":"product_cat-puutarhan-ja-kasvien-suojelu","10":"first","11":"instock","12":"taxable","13":"shipping-taxable","14":"purchasable","15":"product-type-simple"},"ct_brands":[],"acf":[],"_links":{"self":[{"href":"https:\/\/agrozone.ee\/fi\/wp-json\/wp\/v2\/product\/42136","targetHints":{"allow":["GET"]}}],"collection":[{"href":"https:\/\/agrozone.ee\/fi\/wp-json\/wp\/v2\/product"}],"about":[{"href":"https:\/\/agrozone.ee\/fi\/wp-json\/wp\/v2\/types\/product"}],"wp:featuredmedia":[{"embeddable":true,"href":"https:\/\/agrozone.ee\/fi\/wp-json\/wp\/v2\/media\/45949"}],"wp:attachment":[{"href":"https:\/\/agrozone.ee\/fi\/wp-json\/wp\/v2\/media?parent=42136"}],"wp:term":[{"taxonomy":"product_brand","embeddable":true,"href":"https:\/\/agrozone.ee\/fi\/wp-json\/wp\/v2\/product_brand?post=42136"},{"taxonomy":"product_cat","embeddable":true,"href":"https:\/\/agrozone.ee\/fi\/wp-json\/wp\/v2\/product_cat?post=42136"},{"taxonomy":"product_tag","embeddable":true,"href":"https:\/\/agrozone.ee\/fi\/wp-json\/wp\/v2\/product_tag?post=42136"}],"curies":[{"name":"wp","href":"https:\/\/api.w.org\/{rel}","templated":true}]}}