{"id":42142,"date":"2024-06-09T15:59:42","date_gmt":"2024-06-09T12:59:42","guid":{"rendered":"https:\/\/agrozone.ee\/toode\/muurahaisten-torjuntajauhe-100-g\/"},"modified":"2024-06-09T15:59:42","modified_gmt":"2024-06-09T13:59:42","slug":"muurahaisten-torjuntajauhe-100-g","status":"publish","type":"product","link":"https:\/\/agrozone.ee\/fi\/tuote\/muurahaisten-torjuntajauhe-100-g\/","title":{"rendered":"Muurahaisten torjuntajauhe 100 g"},"content":{"rendered":"<p>Muurahaisten torjuntajauhe on kosketusvaikutteinen hy\u00f6nteismyrkky ry\u00f6mivien muurahaisten ja torakoiden torjuntaan. Jauhe vahingoittaa hy\u00f6nteisten hermostoa, mink\u00e4 ansiosta saavutat nopeasti halutun tuloksen.  &nbsp;<\/p>\n<h3>K\u00e4ytt\u00f6ohjeet<\/h3>\n<p> Ravista jauhetta pesien ymp\u00e4rille ja suihkuta sit\u00e4 rakoihin ja halkeamiin, joihin muurahaiset kiipe\u00e4v\u00e4t. Tuotetta voidaan k\u00e4ytt\u00e4\u00e4 puu-, betoni- ja sileill\u00e4 pinnoilla (lasi, keramiikka jne.). K\u00e4sittely toistetaan tarpeen mukaan. Tuote on k\u00e4ytt\u00f6valmis eik\u00e4 sit\u00e4 ole tarkoitettu sekoitettavaksi muiden tuotteiden kanssa. K\u00e4ytt\u00f6m\u00e4\u00e4r\u00e4: 1 g &#8211; 2,5 g tuotetta sis\u00e4tilan neli\u00f6metri\u00e4 kohti ennaltaehk\u00e4isyyn ja torjuntaan ry\u00f6mivien hy\u00f6nteisten runsaan esiintymisen yhteydess\u00e4 taloissa tai tyhjiss\u00e4 varastotiloissa.    <\/p>\n","protected":false},"excerpt":{"rendered":"<p>Muurahaisten torjuntajauhe on kosketusvaikutteinen hy\u00f6nteismyrkky ry\u00f6mivien muurahaisten ja torakoiden torjuntaan. Jauhe vahingoittaa hy\u00f6nteisten hermostoa, mink\u00e4 ansiosta saavutat nopeasti halutun tuloksen. <\/p>\n","protected":false},"featured_media":56759,"template":"","meta":{"_acf_changed":false,"_seopress_robots_primary_cat":"","_seopress_titles_title":"","_seopress_titles_desc":"","_seopress_robots_index":"","_gspb_post_css":""},"product_brand":[],"product_cat":[2392,2356,2360],"product_tag":[],"class_list":{"0":"post-42142","1":"product","2":"type-product","3":"status-publish","4":"has-post-thumbnail","6":"product_cat-kaikki-luokat","7":"product_cat-puutarhan-ja-kasvien-suojelu","8":"product_cat-kasvintuholaisten-torjunta","10":"first","11":"instock","12":"taxable","13":"shipping-taxable","14":"purchasable","15":"product-type-simple"},"ct_brands":[],"acf":[],"_links":{"self":[{"href":"https:\/\/agrozone.ee\/fi\/wp-json\/wp\/v2\/product\/42142","targetHints":{"allow":["GET"]}}],"collection":[{"href":"https:\/\/agrozone.ee\/fi\/wp-json\/wp\/v2\/product"}],"about":[{"href":"https:\/\/agrozone.ee\/fi\/wp-json\/wp\/v2\/types\/product"}],"wp:featuredmedia":[{"embeddable":true,"href":"https:\/\/agrozone.ee\/fi\/wp-json\/wp\/v2\/media\/56759"}],"wp:attachment":[{"href":"https:\/\/agrozone.ee\/fi\/wp-json\/wp\/v2\/media?parent=42142"}],"wp:term":[{"taxonomy":"product_brand","embeddable":true,"href":"https:\/\/agrozone.ee\/fi\/wp-json\/wp\/v2\/product_brand?post=42142"},{"taxonomy":"product_cat","embeddable":true,"href":"https:\/\/agrozone.ee\/fi\/wp-json\/wp\/v2\/product_cat?post=42142"},{"taxonomy":"product_tag","embeddable":true,"href":"https:\/\/agrozone.ee\/fi\/wp-json\/wp\/v2\/product_tag?post=42142"}],"curies":[{"name":"wp","href":"https:\/\/api.w.org\/{rel}","templated":true}]}}