{"id":42143,"date":"2024-06-09T16:16:10","date_gmt":"2024-06-09T14:16:10","guid":{"rendered":"https:\/\/agrozone.ee\/toode\/vihrea-saippua-chililla-suihkepullossa-500-ml\/"},"modified":"2024-06-09T16:16:10","modified_gmt":"2024-06-09T14:16:10","slug":"vihrea-saippua-chililla-suihkepullossa-500-ml","status":"publish","type":"product","link":"https:\/\/agrozone.ee\/fi\/tuote\/vihrea-saippua-chililla-suihkepullossa-500-ml\/","title":{"rendered":"Vihre\u00e4 saippua chilill\u00e4 (suihkepullossa) 500 ml"},"content":{"rendered":"<p><strong>Vihre\u00e4 saippua chilill\u00e4 (suihkepullossa) 500 ml<\/strong><\/p>\n<p>K\u00e4ytt\u00f6valmis tuote k\u00e4tev\u00e4ss\u00e4 suihkepullossa on tarkoitettu kasvien hoitoon, sopii my\u00f6s kasvinsuojeluliuosten tarttuvuuden lis\u00e4\u00e4miseen. Koostumus:&lt;5% kasvirasvojen kaliumsaippuaa, chiliuutetta.<\/p>\n<h3>K\u00e4ytt\u00f6ohjeet<\/h3>\n<ul>\n<li>Ravista pulloa ennen k\u00e4ytt\u00f6\u00e4.<\/li>\n<li>Sumuta kasveja 14 p\u00e4iv\u00e4n v\u00e4lein ja varmista, ett\u00e4 kasvit peittyv\u00e4t kokonaan liuokseen.<\/li>\n<li>K\u00e4yt\u00e4 tuotetta alle +20\u00b0C l\u00e4mp\u00f6tilassa ja ei suorassa auringonvalossa.<\/li>\n<li>On suositeltavaa j\u00e4tt\u00e4\u00e4 viimeisen ruiskutuksen ja sadonkorjuun v\u00e4liin 1 viikko.<\/li>\n<li>V\u00e4lt\u00e4 tuotteen joutumista kukkiin ruiskutuksen aikana.<\/li>\n<li>S\u00e4ilyt\u00e4 lasten ulottumattomissa.<\/li>\n<li>S\u00e4ilyt\u00e4 tiiviisti suljettuna alkuper\u00e4ispakkauksessa alle +35\u00b0C l\u00e4mp\u00f6tilassa.<\/li>\n<\/ul>\n","protected":false},"excerpt":{"rendered":"<p>K\u00e4ytt\u00f6valmis tuote k\u00e4tev\u00e4ss\u00e4 suihkepullossa on tarkoitettu kasvien hoitoon, sopii my\u00f6s kasvinsuojeluliuosten tarttuvuuden lis\u00e4\u00e4miseen.<\/p>\n<p>Koostumus: &lt;5% kasvirasvojen kaliumsaippuaa, chiliuutetta.<\/p>\n","protected":false},"featured_media":42145,"template":"","meta":{"_acf_changed":false,"_seopress_robots_primary_cat":"none","_seopress_titles_title":"%%post_title%%","_seopress_titles_desc":"Vihre\u00e4 saippua chilill\u00e4 - K\u00e4ytt\u00f6valmis tuote on tarkoitettu kasvien hoitoon, sopii my\u00f6s kasvinsuojeluliuosten tarttuvuuden lis\u00e4\u00e4miseen.","_seopress_robots_index":"","_gspb_post_css":""},"product_brand":[],"product_cat":[2392,2361,2356,2360],"product_tag":[],"class_list":{"0":"post-42143","1":"product","2":"type-product","3":"status-publish","4":"has-post-thumbnail","6":"product_cat-kaikki-luokat","7":"product_cat-kasvinsuojeluaineet","8":"product_cat-puutarhan-ja-kasvien-suojelu","9":"product_cat-kasvintuholaisten-torjunta","11":"first","12":"instock","13":"taxable","14":"shipping-taxable","15":"purchasable","16":"product-type-simple"},"ct_brands":[],"acf":[],"_links":{"self":[{"href":"https:\/\/agrozone.ee\/fi\/wp-json\/wp\/v2\/product\/42143","targetHints":{"allow":["GET"]}}],"collection":[{"href":"https:\/\/agrozone.ee\/fi\/wp-json\/wp\/v2\/product"}],"about":[{"href":"https:\/\/agrozone.ee\/fi\/wp-json\/wp\/v2\/types\/product"}],"wp:featuredmedia":[{"embeddable":true,"href":"https:\/\/agrozone.ee\/fi\/wp-json\/wp\/v2\/media\/42145"}],"wp:attachment":[{"href":"https:\/\/agrozone.ee\/fi\/wp-json\/wp\/v2\/media?parent=42143"}],"wp:term":[{"taxonomy":"product_brand","embeddable":true,"href":"https:\/\/agrozone.ee\/fi\/wp-json\/wp\/v2\/product_brand?post=42143"},{"taxonomy":"product_cat","embeddable":true,"href":"https:\/\/agrozone.ee\/fi\/wp-json\/wp\/v2\/product_cat?post=42143"},{"taxonomy":"product_tag","embeddable":true,"href":"https:\/\/agrozone.ee\/fi\/wp-json\/wp\/v2\/product_tag?post=42143"}],"curies":[{"name":"wp","href":"https:\/\/api.w.org\/{rel}","templated":true}]}}