{"id":42146,"date":"2024-06-09T16:00:04","date_gmt":"2024-06-09T13:00:04","guid":{"rendered":"https:\/\/agrozone.ee\/toode\/haavanhoitoaine-puille-ja-pensaille-300-g\/"},"modified":"2024-06-09T16:00:04","modified_gmt":"2024-06-09T14:00:04","slug":"haavanhoitoaine-puille-ja-pensaille-300-g","status":"publish","type":"product","link":"https:\/\/agrozone.ee\/fi\/tuote\/haavanhoitoaine-puille-ja-pensaille-300-g\/","title":{"rendered":"Haavanhoitoaine puille ja pensaille 300 g"},"content":{"rendered":"<p>Baltic Agron haavanhoitoaine sopii hedelm\u00e4puiden, pensaiden ja koristepuiden leikkauskohtien, viiltojen, varttauskohtien ja vaurioiden suojaamiseen ulkoisilta vaikutuksilta. Sopii jyrsij\u00f6iden, j\u00e4niksen tai kauriin aiheuttamien vaurioiden peitt\u00e4miseen. <\/p>\n<p>&nbsp;<\/p>\n<h3>K\u00e4ytt\u00f6ohjeet<\/h3>\n<p>Aine levitet\u00e4\u00e4n aiemmin puhdistetulle ja tasoitetulle haava-alueelle ja noin 2 cm haavan ymp\u00e4rille. K\u00e4yt\u00e4 tuotetta kuivalla s\u00e4\u00e4ll\u00e4. <\/p>\n","protected":false},"excerpt":{"rendered":"<p>Baltic Agron haavanhoitoaine sopii hedelm\u00e4puiden, pensaiden ja koristepuiden leikkauskohtien, viiltojen, varttauskohtien ja vaurioiden suojaamiseen ulkoisilta vaikutuksilta. Sopii jyrsij\u00f6iden, j\u00e4niksen tai kauriin aiheuttamien vaurioiden peitt\u00e4miseen. <\/p>\n","protected":false},"featured_media":56806,"template":"","meta":{"_acf_changed":false,"_seopress_robots_primary_cat":"","_seopress_titles_title":"","_seopress_titles_desc":"","_seopress_robots_index":"","_gspb_post_css":""},"product_brand":[],"product_cat":[2392,2361,2356],"product_tag":[],"class_list":{"0":"post-42146","1":"product","2":"type-product","3":"status-publish","4":"has-post-thumbnail","6":"product_cat-kaikki-luokat","7":"product_cat-kasvinsuojeluaineet","8":"product_cat-puutarhan-ja-kasvien-suojelu","10":"first","11":"instock","12":"featured","13":"taxable","14":"shipping-taxable","15":"purchasable","16":"product-type-simple"},"ct_brands":[],"acf":[],"_links":{"self":[{"href":"https:\/\/agrozone.ee\/fi\/wp-json\/wp\/v2\/product\/42146","targetHints":{"allow":["GET"]}}],"collection":[{"href":"https:\/\/agrozone.ee\/fi\/wp-json\/wp\/v2\/product"}],"about":[{"href":"https:\/\/agrozone.ee\/fi\/wp-json\/wp\/v2\/types\/product"}],"wp:featuredmedia":[{"embeddable":true,"href":"https:\/\/agrozone.ee\/fi\/wp-json\/wp\/v2\/media\/56806"}],"wp:attachment":[{"href":"https:\/\/agrozone.ee\/fi\/wp-json\/wp\/v2\/media?parent=42146"}],"wp:term":[{"taxonomy":"product_brand","embeddable":true,"href":"https:\/\/agrozone.ee\/fi\/wp-json\/wp\/v2\/product_brand?post=42146"},{"taxonomy":"product_cat","embeddable":true,"href":"https:\/\/agrozone.ee\/fi\/wp-json\/wp\/v2\/product_cat?post=42146"},{"taxonomy":"product_tag","embeddable":true,"href":"https:\/\/agrozone.ee\/fi\/wp-json\/wp\/v2\/product_tag?post=42146"}],"curies":[{"name":"wp","href":"https:\/\/api.w.org\/{rel}","templated":true}]}}