{"id":42147,"date":"2024-06-09T15:58:56","date_gmt":"2024-06-09T12:58:56","guid":{"rendered":"https:\/\/agrozone.ee\/toode\/karate-zeon-5-cs-2-ml\/"},"modified":"2025-10-31T13:19:57","modified_gmt":"2025-10-31T11:19:57","slug":"karate-zeon-5-cs-2-ml","status":"publish","type":"product","link":"https:\/\/agrozone.ee\/fi\/tuote\/karate-zeon-5-cs-2-ml\/","title":{"rendered":"Karate Zeon 5 CS 2 ml"},"content":{"rendered":"<p><strong>Karate Zeon 5 CS 2 ml<\/strong><\/p>\n<ul>\n<li>Kasvinsuojeluaine Karate Zeon 5 CS on laajakirjoinen kosketus- ja sy\u00f6m\u00e4myrkky tuhohy\u00f6nteisten torjuntaan puutarhoissa, pelloilla ja varastoissa.<\/li>\n<li>Hy\u00f6nteismyrkky.<\/li>\n<li>Laajakirjoinen kosketus- ja sy\u00f6m\u00e4myrkky tuhohy\u00f6nteisten torjuntaan puutarhoissa, pelloilla ja varastoissa.<\/li>\n<li>Lambda-syhalotriini on nopeasti vaikuttava kosketus- ja sy\u00f6m\u00e4myrkky, joka on tarkoitettu sek\u00e4 purevien ett\u00e4 imevien tuhohy\u00f6nteisten torjuntaan.<\/li>\n<li>Torjuu erilaisia kovakuoriaisia (Coleoptera), perhosia (Lepidoptera), kaksisiipisi\u00e4 (Diptera), pisti\u00e4isi\u00e4 (Hymenoptera), ripsi\u00e4isi\u00e4 (Thysanoptera) ja luteita (Hemiptera).<\/li>\n<li>Lambda-syhalotriini l\u00e4p\u00e4isee nopeasti hy\u00f6nteisen kitiinikuoren ja lamauttaa sen hermoston.<\/li>\n<li>Desorientaatio ja sy\u00f6misen lopettaminen ilmenev\u00e4t muutamassa minuutissa.<\/li>\n<\/ul>\n<p><a href=\"https:\/\/agrozone.ee\/wp-content\/uploads\/2025\/03\/karate-zeon-5-cs_vaikepakend.pdf\" target=\"_blank\" rel=\"noopener\">TIETOLEHTI<\/a><\/p>\n<p><a href=\"https:\/\/agrozone.ee\/wp-content\/uploads\/2024\/10\/karate_zeon_safety_datasheet_ee_04cb1ffc.pdf\">TURVALLISUUSKORTTI<\/a><\/p>\n<h3>K\u00e4ytt\u00f6ohjeet<\/h3>\n<p>&nbsp;<\/p>\n<p><strong>Koriste- ja kaupalliset kasvit:<\/strong> 1\u20133 litraa 100 m\u00b2:t\u00e4 kohti.<\/p>\n<p><strong>Puut ja pensaat:<\/strong> 4\u20138 litraa 100 m\u00b2:\u00e4 kohti.<\/p>\n<p><strong>Varastointi:<\/strong> 4 litraa 100 m\u00b2:\u00e4 kohti.<\/p>\n<p><strong>100 m\u00b2:n ruiskutusalan ruiskutusliuoksen valmistamiseen tarvittava vesim\u00e4\u00e4r\u00e4:<\/strong> 2\u20134 l.<\/p>\n<p><strong>Koristekasvit, kaali, mansikan emokasvit:<\/strong> 2\u20134 litraa 100 m\u00b2:t\u00e4 kohti.<\/p>\n<p><strong>Herneet, perunat, porkkanat, punajuuret:<\/strong> 2\u20138 litraa 100 m\u00b2:t\u00e4 kohti.<\/p>\n<p><strong>Omenapuut: <\/strong>5 l \/ 100 m\u00b2.<\/p>\n<ul>\n<li>Kasvinsuojeluaineen k\u00e4yt\u00f6ss\u00e4 on noudatettava pakkauksessa ja k\u00e4ytt\u00f6turvallisuustiedotteessa olevia ohjeita.<\/li>\n<li>Kasvinsuojelut\u00f6it\u00e4 teht\u00e4ess\u00e4 on k\u00e4ytett\u00e4v\u00e4 asianmukaisia henkil\u00f6nsuojaimia ja noudatettava hygienia- ja turvallisuusm\u00e4\u00e4r\u00e4yksi\u00e4.<\/li>\n<\/ul>\n","protected":false},"excerpt":{"rendered":"<ul>\n<li>Kasvinsuojeluaine Karate Zeon 5 CS on laajakirjoinen kosketus- ja sy\u00f6m\u00e4myrkky tuhohy\u00f6nteisten torjuntaan puutarhoissa, pelloilla ja varastoissa.<\/li>\n<li>Hy\u00f6nteismyrkky.<\/li>\n<li>Laajakirjoinen kosketus- ja sy\u00f6m\u00e4myrkky tuhohy\u00f6nteisten torjuntaan puutarhoissa, pelloilla ja varastoissa.<\/li>\n<\/ul>\n","protected":false},"featured_media":42149,"template":"","meta":{"_acf_changed":false,"_seopress_robots_primary_cat":"none","_seopress_titles_title":"","_seopress_titles_desc":"Kasvinsuojeluaine Karate Zeon 5 CS on laajakirjoinen kosketus- ja sy\u00f6m\u00e4myrkky tuhohy\u00f6nteisten torjuntaan puutarhoissa, pelloilla ja varastoissa. Hy\u00f6nteismyrkky. ","_seopress_robots_index":"","_gspb_post_css":""},"product_brand":[],"product_cat":[2392,2356,2360],"product_tag":[],"class_list":{"0":"post-42147","1":"product","2":"type-product","3":"status-publish","4":"has-post-thumbnail","6":"product_cat-kaikki-luokat","7":"product_cat-puutarhan-ja-kasvien-suojelu","8":"product_cat-kasvintuholaisten-torjunta","10":"first","11":"instock","12":"featured","13":"taxable","14":"shipping-taxable","15":"purchasable","16":"product-type-simple"},"ct_brands":[],"acf":[],"_links":{"self":[{"href":"https:\/\/agrozone.ee\/fi\/wp-json\/wp\/v2\/product\/42147","targetHints":{"allow":["GET"]}}],"collection":[{"href":"https:\/\/agrozone.ee\/fi\/wp-json\/wp\/v2\/product"}],"about":[{"href":"https:\/\/agrozone.ee\/fi\/wp-json\/wp\/v2\/types\/product"}],"wp:featuredmedia":[{"embeddable":true,"href":"https:\/\/agrozone.ee\/fi\/wp-json\/wp\/v2\/media\/42149"}],"wp:attachment":[{"href":"https:\/\/agrozone.ee\/fi\/wp-json\/wp\/v2\/media?parent=42147"}],"wp:term":[{"taxonomy":"product_brand","embeddable":true,"href":"https:\/\/agrozone.ee\/fi\/wp-json\/wp\/v2\/product_brand?post=42147"},{"taxonomy":"product_cat","embeddable":true,"href":"https:\/\/agrozone.ee\/fi\/wp-json\/wp\/v2\/product_cat?post=42147"},{"taxonomy":"product_tag","embeddable":true,"href":"https:\/\/agrozone.ee\/fi\/wp-json\/wp\/v2\/product_tag?post=42147"}],"curies":[{"name":"wp","href":"https:\/\/api.w.org\/{rel}","templated":true}]}}