{"id":42150,"date":"2024-06-09T16:04:10","date_gmt":"2024-06-09T13:04:10","guid":{"rendered":"https:\/\/agrozone.ee\/toode\/haava-ja-varttausvaha-brunonia-125-g\/"},"modified":"2024-06-09T16:04:10","modified_gmt":"2024-06-09T14:04:10","slug":"haava-ja-varttausvaha-brunonia-125-g","status":"publish","type":"product","link":"https:\/\/agrozone.ee\/fi\/tuote\/haava-ja-varttausvaha-brunonia-125-g\/","title":{"rendered":"Haava- ja varttausvaha &#8216;Brunonia&#8217; 125 g"},"content":{"rendered":"<p class=\"plained\">Haava- ja varttausvaha on valmistettu jalostetuista luonnon hartseista, joita tietyt puut eritt\u00e4v\u00e4t itse haavojensa parantamiseksi. Haavavaha on klassinen haavan sulkemisaine hedelm\u00e4- ja koristepuille. Hartsi-vahaseos muodostaa haavan pinnalle tiiviisti tarttuvan kerroksen. Se suojaa puuhaavaa kosteudelta ja kuivumiselta. Haavan ulkopuolelta tunkeutuva vesi edist\u00e4\u00e4 sekundaarisia haavatulehduksia (m\u00e4t\u00e4neminen). Puuvahasta muodostunut sienitautien torjunta-aineeton suojakalvo pit\u00e4\u00e4 kosteuden loitolla ja varmistaa haavan paranemisen. Suojakerros mahdollistaa haavan paremman kiinnikasvamisen. Puuvaha on helppo levitt\u00e4\u00e4, se ei valu kuumalla eik\u00e4 halkeile kylm\u00e4ll\u00e4 s\u00e4\u00e4ll\u00e4. Kasvien vahvistaja. Tuote soveltuu k\u00e4ytett\u00e4v\u00e4ksi luomuviljelyss\u00e4 (EU:n luomuasetuksen mukaisesti).         <\/p>\n<h4>K\u00e4ytt\u00f6ohjeet<\/h4>\n<p>Sekoita puuvaha huolellisesti. Huoneenl\u00e4mm\u00f6ss\u00e4 se muuttuu kermaiseksi kuten hunaja. \u00c4l\u00e4 s\u00e4ilyt\u00e4 puuvahaa yli +40 \u00b0C:n l\u00e4mp\u00f6tilassa. Peit\u00e4 varttauskohta ja rungon leikkauspinta puuvahalla heti varttauksen j\u00e4lkeen. Jos haavan on aiheuttanut sienitauti, leikkaa haava terveeseen puuhun asti ja peit\u00e4 se sitten haavavahalla. Levit\u00e4 tasaisesti puuhaavoille. K\u00e4yt\u00e4 vain kuivalla s\u00e4\u00e4ll\u00e4 ja v\u00e4hint\u00e4\u00e4n -5 \u00b0C:n l\u00e4mp\u00f6tilassa. K\u00e4ytt\u00f6m\u00e4\u00e4r\u00e4: 200 gr\/1 m2. Puhdistusaineet. Denaturoitu alkoholi, lakkabensiini. S\u00e4ilyt\u00e4 lasten ulottumattomissa, erill\u00e4\u00e4n ruoasta ja juomista.          <\/p>\n","protected":false},"excerpt":{"rendered":"<p class=\"plained\">Haava- ja varttausvaha on valmistettu jalostetuista luonnon hartseista, joita tietyt puut eritt\u00e4v\u00e4t itse haavojensa parantamiseksi. Haavavaha on klassinen haavan sulkemisaine hedelm\u00e4- ja koristepuille. Hartsi-vahaseos muodostaa haavan pinnalle tiiviisti tarttuvan kerroksen. Se suojaa puuhaavaa kosteudelta ja kuivumiselta. Haavan ulkopuolelta tunkeutuva vesi edist\u00e4\u00e4 sekundaarisia haavatulehduksia (m\u00e4t\u00e4neminen). Puuvahasta muodostunut sienitautien torjunta-aineeton suojakalvo pit\u00e4\u00e4 kosteuden loitolla ja varmistaa haavan paranemisen. Suojakerros mahdollistaa haavan paremman kiinnikasvamisen. Puuvaha on helppo levitt\u00e4\u00e4, se ei valu kuumalla eik\u00e4 halkeile kylm\u00e4ll\u00e4 s\u00e4\u00e4ll\u00e4. Kasvien vahvistaja. Tuote soveltuu k\u00e4ytett\u00e4v\u00e4ksi luomuviljelyss\u00e4 (EU:n luomuasetuksen mukaisesti).         <\/p>\n","protected":false},"featured_media":42152,"template":"","meta":{"_acf_changed":false,"_seopress_robots_primary_cat":"","_seopress_titles_title":"","_seopress_titles_desc":"","_seopress_robots_index":"","_gspb_post_css":""},"product_brand":[],"product_cat":[2392,2361,2356],"product_tag":[],"class_list":{"0":"post-42150","1":"product","2":"type-product","3":"status-publish","4":"has-post-thumbnail","6":"product_cat-kaikki-luokat","7":"product_cat-kasvinsuojeluaineet","8":"product_cat-puutarhan-ja-kasvien-suojelu","10":"first","11":"instock","12":"taxable","13":"shipping-taxable","14":"purchasable","15":"product-type-simple"},"ct_brands":[],"acf":[],"_links":{"self":[{"href":"https:\/\/agrozone.ee\/fi\/wp-json\/wp\/v2\/product\/42150","targetHints":{"allow":["GET"]}}],"collection":[{"href":"https:\/\/agrozone.ee\/fi\/wp-json\/wp\/v2\/product"}],"about":[{"href":"https:\/\/agrozone.ee\/fi\/wp-json\/wp\/v2\/types\/product"}],"wp:featuredmedia":[{"embeddable":true,"href":"https:\/\/agrozone.ee\/fi\/wp-json\/wp\/v2\/media\/42152"}],"wp:attachment":[{"href":"https:\/\/agrozone.ee\/fi\/wp-json\/wp\/v2\/media?parent=42150"}],"wp:term":[{"taxonomy":"product_brand","embeddable":true,"href":"https:\/\/agrozone.ee\/fi\/wp-json\/wp\/v2\/product_brand?post=42150"},{"taxonomy":"product_cat","embeddable":true,"href":"https:\/\/agrozone.ee\/fi\/wp-json\/wp\/v2\/product_cat?post=42150"},{"taxonomy":"product_tag","embeddable":true,"href":"https:\/\/agrozone.ee\/fi\/wp-json\/wp\/v2\/product_tag?post=42150"}],"curies":[{"name":"wp","href":"https:\/\/api.w.org\/{rel}","templated":true}]}}