{"id":42151,"date":"2024-09-26T09:55:27","date_gmt":"2024-09-26T07:55:27","guid":{"rendered":"https:\/\/agrozone.ee\/toode\/hajun-neutraloija-anti-tobacco-fast-fresh-eco\/"},"modified":"2024-09-26T09:55:27","modified_gmt":"2024-09-26T07:55:27","slug":"hajun-neutraloija-anti-tobacco-fast-fresh-eco","status":"publish","type":"product","link":"https:\/\/agrozone.ee\/fi\/tuote\/hajun-neutraloija-anti-tobacco-fast-fresh-eco\/","title":{"rendered":"Hajun Neutraloija &#8211; Anti Tobacco Fast Fresh ECO"},"content":{"rendered":"<p data-sourcepos=\"3:1-3:81\"><strong>ECO Anti Tobacco Fast Fresh \u2013 Nopea Ratkaisusi Ep\u00e4miellytt\u00e4viin Hajuongelmiin 50 ml<\/strong><\/p>\n<p data-sourcepos=\"5:1-5:3\">ECO Anti Tobacco Fast Fresh on luonnollinen ja tehokas hajun neutraloija, joka poistaa ep\u00e4miellytt\u00e4v\u00e4t hajut ymp\u00e4rist\u00f6st\u00e4si. T\u00e4m\u00e4 ymp\u00e4rist\u00f6yst\u00e4v\u00e4llinen tuote on suunniteltu erityisesti tupakan ja savukkeen savun torjuntaan, mutta se toimii erinomaisesti my\u00f6s muiden ep\u00e4miellytt\u00e4vien hajujen, kuten lemmikkiel\u00e4inten ulosteiden, vanhan verhoilun tai ruokaj\u00e4tteen, poistamiseen. <\/p>\n<p data-sourcepos=\"7:1-7:193\">Tuote on turvallinen k\u00e4ytt\u00e4\u00e4 kaikkialla kotonasi, autossa tai jopa mets\u00e4styksess\u00e4. Luonnollisten ainesosien ansiosta se ei aiheuta allergioita ja on siksi ihanteellinen valinta my\u00f6s herkemmille ihmisille. <\/p>\n<p data-sourcepos=\"9:1-9:86\">Unohda ep\u00e4miellytt\u00e4v\u00e4t hajut ja nauti raikkaasta ja puhtaasta ilmasta kaikkialla, minne menet!<\/p>\n<p data-sourcepos=\"3:1-3:36\"><strong>Neutralisoi seuraavat hajut:<\/strong><\/p>\n<ul data-sourcepos=\"5:1-5:10\">\n<li data-sourcepos=\"5:1-5:10\">Tupakointi<\/li>\n<li data-sourcepos=\"6:1-6:19\">Tuoreen ruoan haju<\/li>\n<li data-sourcepos=\"7:1-7:19\">Vanhan verhoilun haju<\/li>\n<li data-sourcepos=\"8:1-9:0\">Muut ep\u00e4miellytt\u00e4v\u00e4t hajut<\/li>\n<\/ul>\n<p data-sourcepos=\"10:1-10:6\"><strong>K\u00e4ytt\u00f6:<\/strong><\/p>\n<p data-sourcepos=\"12:1-12:94\">Suihkuta suoraan hajun l\u00e4hteeseen, mutta \u00e4l\u00e4 levit\u00e4 iholle. Ei ole suositeltavaa suihkuttaa el\u00e4imille. <\/p>\n<p data-sourcepos=\"9:1-9:34\"><strong>Vaco Anti Tobaccoa voi k\u00e4ytt\u00e4\u00e4:<\/strong><\/p>\n<ul data-sourcepos=\"11:1-13:1\">\n<li data-sourcepos=\"11:1-11:23\">vaatteilla ja kankailla,<\/li>\n<li data-sourcepos=\"12:1-12:11\">matoilla,<\/li>\n<li data-sourcepos=\"13:1-13:1\">huonekaluilla ja auton verhoilussa,<\/li>\n<li data-sourcepos=\"14:1-15:0\">kissanhiekkalaatikko.<\/li>\n<\/ul>\n<p data-sourcepos=\"16:1-16:31\">Ei tahraa eik\u00e4 haalista pintoja. Ei sis\u00e4ll\u00e4 alkoholia eik\u00e4 kemiallisia ainesosia. Turvallinen ihmisille, el\u00e4imille ja ymp\u00e4rist\u00f6lle.  <\/p>\n","protected":false},"excerpt":{"rendered":"<p>ECO Anti Tobacco Fast Fresh on luonnollinen hajun neutraloija, joka poistaa tehokkaasti tupakan, ruoan ja muut ep\u00e4miellytt\u00e4v\u00e4t hajut.<\/p>\n<p>Turvallinen k\u00e4ytt\u00e4\u00e4 kotona, autossa ja muualla.<\/p>\n","protected":false},"featured_media":42153,"template":"","meta":{"_acf_changed":false,"_seopress_robots_primary_cat":"none","_seopress_titles_title":"ECO Hajun Neutraloija \u2013 Tehokas Ratkaisu Hajuongelmiin","_seopress_titles_desc":"ECO Anti Tobacco Fast Fresh on luonnollinen hajun neutraloija, joka poistaa tupakan ja muut ep\u00e4miellytt\u00e4v\u00e4t hajut. Turvallinen ja tehokas ratkaisu! ","_seopress_robots_index":"","_gspb_post_css":""},"product_brand":[],"product_cat":[2392,2356,2363],"product_tag":[],"class_list":{"0":"post-42151","1":"product","2":"type-product","3":"status-publish","4":"has-post-thumbnail","6":"product_cat-kaikki-luokat","7":"product_cat-puutarhan-ja-kasvien-suojelu","8":"product_cat-puutarhatarvikkeet","10":"first","11":"instock","12":"taxable","13":"shipping-taxable","14":"purchasable","15":"product-type-simple"},"ct_brands":[],"acf":[],"_links":{"self":[{"href":"https:\/\/agrozone.ee\/fi\/wp-json\/wp\/v2\/product\/42151","targetHints":{"allow":["GET"]}}],"collection":[{"href":"https:\/\/agrozone.ee\/fi\/wp-json\/wp\/v2\/product"}],"about":[{"href":"https:\/\/agrozone.ee\/fi\/wp-json\/wp\/v2\/types\/product"}],"wp:featuredmedia":[{"embeddable":true,"href":"https:\/\/agrozone.ee\/fi\/wp-json\/wp\/v2\/media\/42153"}],"wp:attachment":[{"href":"https:\/\/agrozone.ee\/fi\/wp-json\/wp\/v2\/media?parent=42151"}],"wp:term":[{"taxonomy":"product_brand","embeddable":true,"href":"https:\/\/agrozone.ee\/fi\/wp-json\/wp\/v2\/product_brand?post=42151"},{"taxonomy":"product_cat","embeddable":true,"href":"https:\/\/agrozone.ee\/fi\/wp-json\/wp\/v2\/product_cat?post=42151"},{"taxonomy":"product_tag","embeddable":true,"href":"https:\/\/agrozone.ee\/fi\/wp-json\/wp\/v2\/product_tag?post=42151"}],"curies":[{"name":"wp","href":"https:\/\/api.w.org\/{rel}","templated":true}]}}