{"id":42154,"date":"2024-06-09T15:50:11","date_gmt":"2024-06-09T12:50:11","guid":{"rendered":"https:\/\/agrozone.ee\/toode\/haavahoitoaine-bio-puille-ja-pensaille-100-g\/"},"modified":"2025-07-29T15:42:07","modified_gmt":"2025-07-29T13:42:07","slug":"haavahoitoaine-bio-puille-ja-pensaille-100-g","status":"publish","type":"product","link":"https:\/\/agrozone.ee\/fi\/tuote\/haavahoitoaine-bio-puille-ja-pensaille-100-g\/","title":{"rendered":"Haavasalva Arbosan Bio puille ja pensaille 100 g"},"content":{"rendered":"<p>Korkealaatuinen Bio Plantella Arbosan -varttamismassa haavojen peitt\u00e4miseen varttamisen yhteydess\u00e4 ja muiden puiden ja pensaiden vammojen sattuessa.<\/p>\n<p>Suojaavan vaikutuksen omaava varttamismassa <b>Arbosan <\/b>on riitt\u00e4v\u00e4n tihe\u00e4\u00e4, mik\u00e4 takaa haavojen ja muiden vaurioiden erinomaisen peitt\u00e4vyyden, est\u00e4en siten sairauksien p\u00e4\u00e4syn kasviin. Se mahdollistaa my\u00f6s kasvien haavojen helpomman ja nopeamman umpeutumisen. Sit\u00e4 voidaan k\u00e4ytt\u00e4\u00e4 sek\u00e4 lepo- ett\u00e4 kasvukaudella.  <\/p>\n<hr>\n<p>Eelised Tehokas suoja kasveille tautien levi\u00e4mist\u00e4 vastaan takaa:<\/p>\n<ul>\n<li><b>hyv\u00e4 elastisuus my\u00f6s matalissa l\u00e4mp\u00f6tiloissa<\/b><\/li>\n<li><b>sopiva tiheys haavojen ja vaurioiden erinomaiseen peitt\u00e4miseen<\/b><\/li>\n<li><b>kudosten nopeamman umpeutumisen mahdollistaminen<\/b><\/li>\n<li><b>sairauksienaiheuttajien p\u00e4\u00e4syn est\u00e4minen kasviin<\/b><\/li>\n<\/ul>\n<p>&nbsp;<\/p>\n<h3>K\u00e4ytt\u00f6ohjeet<\/h3>\n<p>Haavahoitoaine on valmistettu samoista luonnollisista aineista, joita kasvi itse tuottaa haavojen parantamiseksi. 100 g:n tuubi, jossa on vaahtomuovi-applikaattori. <\/p>\n<p><b>Varttamisen yhteydess\u00e4:<\/b> Levit\u00e4 mastiksia siveltimell\u00e4 vartteeseen niin, ett\u00e4 muodostuu tasainen kerros. T\u00e4m\u00e4 varmistaa kudoksen hyv\u00e4n yhteenkasvun ja suojaa kasveja infektioilta. Mastiksi sopii kaikentyyppiseen varttamiseen.  <\/p>\n<p><b>Haavojen korjauksessa:<\/b> Voit k\u00e4ytt\u00e4\u00e4 sit\u00e4 kaikenlaisilla kasveilla erilaisten vaurioiden (leikkaukset, hakkuut, tuuli- ja raevauriot) suojaamiseen (sulkemiseen, umpeenkasvuun).<\/p>\n<p>K\u00e4yt\u00e4 mastiksia kuivalla s\u00e4\u00e4ll\u00e4 ja yli 0 \u00b0C l\u00e4mp\u00f6tilassa. Jos pinnoite laimenee tai pehmenee sateen vuoksi, uusi k\u00e4sittely. Pinnoite kuivuu v\u00e4hint\u00e4\u00e4n 1 tunnissa, mink\u00e4 j\u00e4lkeen se kest\u00e4\u00e4 kaikki s\u00e4\u00e4n muutokset.  <\/p>\n<p>S\u00e4ilyt\u00e4 Bio Plantella Arbosan -mastiksia yli 5 \u00b0C:n l\u00e4mp\u00f6tilassa.<\/p>\n","protected":false},"excerpt":{"rendered":"<ul>\n<li>mastiksi haavojen suojaamiseen ja kudosten nopeaan uusiutumiseen<\/li>\n<li>Est\u00e4\u00e4 patogeenien p\u00e4\u00e4syn kasviin varttamisen, leikkaamisen ja puiden vaurioiden j\u00e4lkeen.<\/li>\n<li>Helppo levitt\u00e4\u00e4, hyv\u00e4 peitt\u00e4vyys<\/li>\n<\/ul>\n","protected":false},"featured_media":57408,"template":"","meta":{"_acf_changed":false,"_seopress_robots_primary_cat":"none","_seopress_titles_title":"","_seopress_titles_desc":"","_seopress_robots_index":"","_gspb_post_css":""},"product_brand":[],"product_cat":[2392,2361,2356],"product_tag":[],"class_list":{"0":"post-42154","1":"product","2":"type-product","3":"status-publish","4":"has-post-thumbnail","6":"product_cat-kaikki-luokat","7":"product_cat-kasvinsuojeluaineet","8":"product_cat-puutarhan-ja-kasvien-suojelu","10":"first","11":"instock","12":"taxable","13":"shipping-taxable","14":"purchasable","15":"product-type-simple"},"ct_brands":[],"acf":[],"_links":{"self":[{"href":"https:\/\/agrozone.ee\/fi\/wp-json\/wp\/v2\/product\/42154","targetHints":{"allow":["GET"]}}],"collection":[{"href":"https:\/\/agrozone.ee\/fi\/wp-json\/wp\/v2\/product"}],"about":[{"href":"https:\/\/agrozone.ee\/fi\/wp-json\/wp\/v2\/types\/product"}],"wp:featuredmedia":[{"embeddable":true,"href":"https:\/\/agrozone.ee\/fi\/wp-json\/wp\/v2\/media\/57408"}],"wp:attachment":[{"href":"https:\/\/agrozone.ee\/fi\/wp-json\/wp\/v2\/media?parent=42154"}],"wp:term":[{"taxonomy":"product_brand","embeddable":true,"href":"https:\/\/agrozone.ee\/fi\/wp-json\/wp\/v2\/product_brand?post=42154"},{"taxonomy":"product_cat","embeddable":true,"href":"https:\/\/agrozone.ee\/fi\/wp-json\/wp\/v2\/product_cat?post=42154"},{"taxonomy":"product_tag","embeddable":true,"href":"https:\/\/agrozone.ee\/fi\/wp-json\/wp\/v2\/product_tag?post=42154"}],"curies":[{"name":"wp","href":"https:\/\/api.w.org\/{rel}","templated":true}]}}