{"id":42155,"date":"2024-06-09T16:04:31","date_gmt":"2024-06-09T14:04:31","guid":{"rendered":"https:\/\/agrozone.ee\/toode\/haavasuihke-aerosoli-200-ml\/"},"modified":"2024-06-09T16:04:31","modified_gmt":"2024-06-09T14:04:31","slug":"haavasuihke-aerosoli-200-ml","status":"publish","type":"product","link":"https:\/\/agrozone.ee\/fi\/tuote\/haavasuihke-aerosoli-200-ml\/","title":{"rendered":"Haavasuihke aerosoli 200 ml"},"content":{"rendered":"<p class=\"plained\">Puun vahaa sis\u00e4lt\u00e4v\u00e4 haavasulkija, nestem\u00e4inen haavan sulkemisaine suihkeena (aerosoli). Viimeistelyyn ja haavan sulkemiseen: suihkuta viimeistely- tai haava-alueelle, jotta kosteus ei p\u00e4\u00e4se sis\u00e4\u00e4n. Aerosoli sis\u00e4lt\u00e4\u00e4 jalostettuja luonnollisia hartseja, joita puu itse eritt\u00e4\u00e4 haavojen parantamiseksi. Kasvien vahvistaja.   <\/p>\n<h4>K\u00e4ytt\u00f6ohjeet<\/h4>\n<p>Haavasuihke on k\u00e4yt\u00e4nn\u00f6llinen puun leikkaushaavojen ja pakkasvaurioiden sulkemisaine nopeaan ja turvalliseen hoitoon. Ennen tuulen ja villiel\u00e4inten aiheuttamien vaurioiden hoitoa puhdista puuhaava huolellisesti. Poista irtonaiset kuorenpalat ja tasoita haavan reunat. Jos puuhaava on saanut hedelm\u00e4puun sy\u00f6v\u00e4n, puhdista se perusteellisesti terveeseen puuhun asti. K\u00e4ytt\u00f6m\u00e4\u00e4r\u00e4: 200 gr\/1 m2. Suojaa haavaa kosteudelta ja luo haava-alueelle suotuisan mikroilmaston, joka nopeuttaa haavan paranemista. Suihkuta puuhaavoja noin 20 cm et\u00e4isyydelt\u00e4. Hieno sumutussuihku luo elastisen kalvon. K\u00e4yt\u00e4 kuivalla s\u00e4\u00e4ll\u00e4, sopii k\u00e4ytett\u00e4v\u00e4ksi my\u00f6s pakkasella. K\u00e4ytt\u00f6ohjeet.          Ravista hyvin ennen k\u00e4ytt\u00f6\u00e4. K\u00e4yt\u00f6n j\u00e4lkeen k\u00e4\u00e4nn\u00e4 purkki yl\u00f6salaisin ja tyhjenn\u00e4 venttiili. \u00c4l\u00e4 suihkuta haavasuihketta keholle tai kasvoille. Seuraa tuulen suuntaa. VAROITUS! Eritt\u00e4in helposti syttyv\u00e4 aerosoli. Paineen alaisena oleva s\u00e4ili\u00f6 voi revet\u00e4 kuumennettaessa. Pid\u00e4 loitolla l\u00e4mm\u00f6st\u00e4, kuumista pinnoista, kipin\u00f6ist\u00e4, avotulesta ja muista sytytysl\u00e4hteist\u00e4. \u00c4l\u00e4 tupakoi tuotteen k\u00e4yt\u00f6n aikana. \u00c4l\u00e4 suihkuta avotuleen tai muihin sytytysl\u00e4hteisiin. Suojaa auringolta. \u00c4l\u00e4 s\u00e4ilyt\u00e4 yli +50 \u00b0C:n l\u00e4mp\u00f6tilassa. S\u00e4ilyt\u00e4 lasten ulottumattomissa. Palauta kierr\u00e4tyspisteeseen vain tyhj\u00e4t pakkaukset.           <\/p>\n","protected":false},"excerpt":{"rendered":"<p class=\"plained\">Puun vahaa sis\u00e4lt\u00e4v\u00e4 haavasulkija, nestem\u00e4inen haavan sulkemisaine suihkeena (aerosoli). Viimeistelyyn ja haavan sulkemiseen: suihkuta viimeistely- tai haava-alueelle, jotta kosteus ei p\u00e4\u00e4se sis\u00e4\u00e4n. Aerosoli sis\u00e4lt\u00e4\u00e4 jalostettuja luonnollisia hartseja, joita puu itse eritt\u00e4\u00e4 haavojen parantamiseksi. Kasvien vahvistaja.   <\/p>\n","protected":false},"featured_media":42157,"template":"","meta":{"_acf_changed":false,"_seopress_robots_primary_cat":"","_seopress_titles_title":"","_seopress_titles_desc":"","_seopress_robots_index":"","_gspb_post_css":""},"product_brand":[],"product_cat":[2392,2361,2356],"product_tag":[],"class_list":{"0":"post-42155","1":"product","2":"type-product","3":"status-publish","4":"has-post-thumbnail","6":"product_cat-kaikki-luokat","7":"product_cat-kasvinsuojeluaineet","8":"product_cat-puutarhan-ja-kasvien-suojelu","10":"first","11":"instock","12":"taxable","13":"shipping-taxable","14":"purchasable","15":"product-type-simple"},"ct_brands":[],"acf":[],"_links":{"self":[{"href":"https:\/\/agrozone.ee\/fi\/wp-json\/wp\/v2\/product\/42155","targetHints":{"allow":["GET"]}}],"collection":[{"href":"https:\/\/agrozone.ee\/fi\/wp-json\/wp\/v2\/product"}],"about":[{"href":"https:\/\/agrozone.ee\/fi\/wp-json\/wp\/v2\/types\/product"}],"wp:featuredmedia":[{"embeddable":true,"href":"https:\/\/agrozone.ee\/fi\/wp-json\/wp\/v2\/media\/42157"}],"wp:attachment":[{"href":"https:\/\/agrozone.ee\/fi\/wp-json\/wp\/v2\/media?parent=42155"}],"wp:term":[{"taxonomy":"product_brand","embeddable":true,"href":"https:\/\/agrozone.ee\/fi\/wp-json\/wp\/v2\/product_brand?post=42155"},{"taxonomy":"product_cat","embeddable":true,"href":"https:\/\/agrozone.ee\/fi\/wp-json\/wp\/v2\/product_cat?post=42155"},{"taxonomy":"product_tag","embeddable":true,"href":"https:\/\/agrozone.ee\/fi\/wp-json\/wp\/v2\/product_tag?post=42155"}],"curies":[{"name":"wp","href":"https:\/\/api.w.org\/{rel}","templated":true}]}}