{"id":42158,"date":"2024-06-09T15:54:34","date_gmt":"2024-06-09T12:54:34","guid":{"rendered":"https:\/\/agrozone.ee\/toode\/rungonsuojusverkko-musta-6-x-80-cm\/"},"modified":"2024-06-09T15:54:34","modified_gmt":"2024-06-09T13:54:34","slug":"rungonsuojusverkko-musta-6-x-80-cm","status":"publish","type":"product","link":"https:\/\/agrozone.ee\/fi\/tuote\/rungonsuojusverkko-musta-6-x-80-cm\/","title":{"rendered":"Rungonsuojusverkko musta 6 \u00d7 80 cm"},"content":{"rendered":"<p>UV-suojattu, hengitt\u00e4v\u00e4 ja joustava rungonsuojusverkko.<\/p>\n<p>&nbsp;<\/p>\n<h3>K\u00e4ytt\u00f6ohjeet<\/h3>\n<p>Musta rungonsuojusverkko suojaa puiden runkoja jyrsij\u00f6ilt\u00e4, j\u00e4niksilt\u00e4 ja peuroilta. Suojaa my\u00f6s rungon kuorta vaurioilta trimmauksen aikana. <\/p>\n<p>&nbsp;<\/p>\n<h3>Pakkaus<\/h3>\n<p>8 kpl<\/p>\n","protected":false},"excerpt":{"rendered":"<p>UV-suojattu, hengitt\u00e4v\u00e4 ja joustava rungonsuojusverkko.<\/p>\n","protected":false},"featured_media":42160,"template":"","meta":{"_acf_changed":false,"_seopress_robots_primary_cat":"","_seopress_titles_title":"","_seopress_titles_desc":"","_seopress_robots_index":"","_gspb_post_css":""},"product_brand":[],"product_cat":[2392,2448,2436,2356,2360],"product_tag":[],"class_list":{"0":"post-42158","1":"product","2":"type-product","3":"status-publish","4":"has-post-thumbnail","6":"product_cat-kaikki-luokat","7":"product_cat-kasvinsuojelukankaat-ja-maanpeitekankaat","8":"product_cat-runkoverkko","9":"product_cat-puutarhan-ja-kasvien-suojelu","10":"product_cat-kasvintuholaisten-torjunta","11":"product_shipping_class-ei-mahdu-automaattiin","13":"first","14":"instock","15":"taxable","16":"shipping-taxable","17":"purchasable","18":"product-type-simple"},"ct_brands":[],"acf":[],"_links":{"self":[{"href":"https:\/\/agrozone.ee\/fi\/wp-json\/wp\/v2\/product\/42158","targetHints":{"allow":["GET"]}}],"collection":[{"href":"https:\/\/agrozone.ee\/fi\/wp-json\/wp\/v2\/product"}],"about":[{"href":"https:\/\/agrozone.ee\/fi\/wp-json\/wp\/v2\/types\/product"}],"wp:featuredmedia":[{"embeddable":true,"href":"https:\/\/agrozone.ee\/fi\/wp-json\/wp\/v2\/media\/42160"}],"wp:attachment":[{"href":"https:\/\/agrozone.ee\/fi\/wp-json\/wp\/v2\/media?parent=42158"}],"wp:term":[{"taxonomy":"product_brand","embeddable":true,"href":"https:\/\/agrozone.ee\/fi\/wp-json\/wp\/v2\/product_brand?post=42158"},{"taxonomy":"product_cat","embeddable":true,"href":"https:\/\/agrozone.ee\/fi\/wp-json\/wp\/v2\/product_cat?post=42158"},{"taxonomy":"product_tag","embeddable":true,"href":"https:\/\/agrozone.ee\/fi\/wp-json\/wp\/v2\/product_tag?post=42158"}],"curies":[{"name":"wp","href":"https:\/\/api.w.org\/{rel}","templated":true}]}}