{"id":42159,"date":"2024-06-09T15:59:18","date_gmt":"2024-06-09T13:59:18","guid":{"rendered":"https:\/\/agrozone.ee\/toode\/liima-ansa-3-varilla-3-m\/"},"modified":"2024-06-09T15:59:18","modified_gmt":"2024-06-09T13:59:18","slug":"liima-ansa-3-varilla-3-m","status":"publish","type":"product","link":"https:\/\/agrozone.ee\/fi\/tuote\/liima-ansa-3-varilla-3-m\/","title":{"rendered":"Liima-ansa 3-v\u00e4rill\u00e4 3 m"},"content":{"rendered":"<ul>\n<li>Liima-ansa kolmella v\u00e4rill\u00e4 kemikaalittomaan tuholaistorjuntaan.<\/li>\n<li>Tuholaisten pyydyst\u00e4miseen ja tunnistamiseen sopiva tuote puutarhaan, kasvihuoneeseen ja sis\u00e4tiloihin.<\/li>\n<li>Eri v\u00e4rit houkuttelevat erilaisia tuholaisia, ja tuholaiset tarttuvat erityiseen liimaan.<\/li>\n<li>Keltainen: kirsikkak\u00e4rp\u00e4sten, harsos\u00e4\u00e4skien, pisti\u00e4isten, lent\u00e4vien kirvojen, alppiruusun kiertokaarien pyydyst\u00e4miseen.<\/li>\n<li>Kirsikkak\u00e4rp\u00e4sen seurantaan ja pyydyst\u00e4miseen.<\/li>\n<li>Valkoinen: omenak\u00e4\u00e4ri\u00e4isten, luumuk\u00e4\u00e4ri\u00e4isten, vadelmakuoriaisten pyydyst\u00e4miseen.<\/li>\n<\/ul>\n<h3>K\u00e4ytt\u00f6ohjeet<\/h3>\n<ul>\n<li>Ansapaperin koon voi leikata sopivaksi.<\/li>\n<li>Mukana narulenkill\u00e4 varustettu lanka ansan ripustamiseen.<\/li>\n<li>Ripusta ansapaperin kaikki 3 v\u00e4ri\u00e4 kasvien l\u00e4helle selvitt\u00e4\u00e4ksesi, mitk\u00e4 tuholaiset ovat vahingoittaneet kasveja.<\/li>\n<li>Tietyn tuholaisen seurantaa varten voidaan ripustaa yhden v\u00e4rinen osa liima-ansasta.<\/li>\n<li>Leikkaa haluamasi pituus liima-ansasta ja ripustuslangasta.<\/li>\n<li>Suositus puille: 42 cm liimapaperia ja 60 cm ripustuslankaa.<\/li>\n<li>Taita ansapaperi langan yli ja liimaa se pakkauksessa olevalla py\u00f6re\u00e4ll\u00e4 tarralla kiinni.<\/li>\n<li>Sen j\u00e4lkeen ripusta puuhun tai kasviin.<\/li>\n<li>Tartu liimaa peitt\u00e4v\u00e4\u00e4 paperia vain p\u00e4ist\u00e4 ja ved\u00e4 paperi varovasti sivuille. Katso pakkauksessa olevaa kuvaa. <\/li>\n<li>Leikkaa sis\u00e4tiloissa noin 6 cm pituinen paperinauha ja laita se tikun p\u00e4\u00e4h\u00e4n ja ty\u00f6nn\u00e4 se kukkaruukkuun.<\/li>\n<li>K\u00e4siin joutuneen liiman voi poistaa alkoholilla tai kasvi\u00f6ljyll\u00e4.<\/li>\n<li>Kompostoituva tuote.<\/li>\n<\/ul>\n","protected":false},"excerpt":{"rendered":"<ul>\n<li>Liima-ansa kolmella v\u00e4rill\u00e4 kemikaalittomaan tuholaistorjuntaan.<\/li>\n<li>Tuholaisten pyydyst\u00e4miseen ja tunnistamiseen sopiva tuote puutarhaan, kasvihuoneeseen ja sis\u00e4tiloihin.<\/li>\n<li>Eri v\u00e4rit houkuttelevat erilaisia tuholaisia, ja tuholaiset tarttuvat erityiseen liimaan.<\/li>\n<\/ul>\n","protected":false},"featured_media":42161,"template":"","meta":{"_acf_changed":false,"_seopress_robots_primary_cat":"","_seopress_titles_title":"","_seopress_titles_desc":"Liima-ansa kolmella v\u00e4rill\u00e4 kemikaalittomaan tuholaistorjuntaan. Sopii tuholaisten pyydyst\u00e4miseen ja tunnistamiseen puutarhassa, kasvihuoneessa ja sis\u00e4tiloissa. ","_seopress_robots_index":"","_gspb_post_css":""},"product_brand":[],"product_cat":[2392,2356,2360],"product_tag":[],"class_list":{"0":"post-42159","1":"product","2":"type-product","3":"status-publish","4":"has-post-thumbnail","6":"product_cat-kaikki-luokat","7":"product_cat-puutarhan-ja-kasvien-suojelu","8":"product_cat-kasvintuholaisten-torjunta","10":"first","11":"instock","12":"taxable","13":"shipping-taxable","14":"purchasable","15":"product-type-simple"},"ct_brands":[],"acf":[],"_links":{"self":[{"href":"https:\/\/agrozone.ee\/fi\/wp-json\/wp\/v2\/product\/42159","targetHints":{"allow":["GET"]}}],"collection":[{"href":"https:\/\/agrozone.ee\/fi\/wp-json\/wp\/v2\/product"}],"about":[{"href":"https:\/\/agrozone.ee\/fi\/wp-json\/wp\/v2\/types\/product"}],"wp:featuredmedia":[{"embeddable":true,"href":"https:\/\/agrozone.ee\/fi\/wp-json\/wp\/v2\/media\/42161"}],"wp:attachment":[{"href":"https:\/\/agrozone.ee\/fi\/wp-json\/wp\/v2\/media?parent=42159"}],"wp:term":[{"taxonomy":"product_brand","embeddable":true,"href":"https:\/\/agrozone.ee\/fi\/wp-json\/wp\/v2\/product_brand?post=42159"},{"taxonomy":"product_cat","embeddable":true,"href":"https:\/\/agrozone.ee\/fi\/wp-json\/wp\/v2\/product_cat?post=42159"},{"taxonomy":"product_tag","embeddable":true,"href":"https:\/\/agrozone.ee\/fi\/wp-json\/wp\/v2\/product_tag?post=42159"}],"curies":[{"name":"wp","href":"https:\/\/api.w.org\/{rel}","templated":true}]}}