{"id":42163,"date":"2024-06-09T15:58:14","date_gmt":"2024-06-09T13:58:14","guid":{"rendered":"https:\/\/agrozone.ee\/toode\/hyonteisten-keltainen-liima-ansa-kasvihuoneeseen-ja-ulos-10-kpl\/"},"modified":"2024-06-09T15:58:14","modified_gmt":"2024-06-09T13:58:14","slug":"hyonteisten-keltainen-liima-ansa-kasvihuoneeseen-ja-ulos-10-kpl","status":"publish","type":"product","link":"https:\/\/agrozone.ee\/fi\/tuote\/hyonteisten-keltainen-liima-ansa-kasvihuoneeseen-ja-ulos-10-kpl\/","title":{"rendered":"Hy\u00f6nteisten keltainen liima-ansa kasvihuoneeseen ja ulos 10 kpl"},"content":{"rendered":"<ul>\n<li>Kemikaalittomia, l\u00e4pin\u00e4kyv\u00e4ll\u00e4 liima-aineella p\u00e4\u00e4llystettyj\u00e4 arkkeja, jotka on tarkoitettu kasvinsuojeluun.<\/li>\n<li>Liima-ansan keltainen v\u00e4ri houkuttelee hy\u00f6nteisi\u00e4 puoleensa, ja joutuessaan kosketuksiin sen kanssa tuholaiset tarttuvat ansaan.<\/li>\n<li>Hy\u00f6nteisliima-ansoja voidaan k\u00e4ytt\u00e4\u00e4 kirsikkak\u00e4rp\u00e4sten pyydyst\u00e4miseen ja niiden toukkien aiheuttamien matojen ehk\u00e4isyyn.<\/li>\n<li>Se auttaa my\u00f6s torjumaan tehokkaasti muita tuholaisia, kuten kirvoja, miinaajakoiria, omenak\u00e4\u00e4ri\u00e4isi\u00e4, kasvihuoneripsi\u00e4isi\u00e4, ripsi\u00e4isi\u00e4 jne.<\/li>\n<\/ul>\n<h3>K\u00e4ytt\u00f6ohjeet<\/h3>\n<ul>\n<li>Tuholaisten m\u00e4\u00e4r\u00e4n v\u00e4hent\u00e4miseksi ripusta kasvi- tai hedelm\u00e4tarhaan 100 m\u00b2 kohden 10\u201312 liima-ansaa sijoittamalla ne tasaisin v\u00e4lein kasveille.<\/li>\n<li>Liima-ansojen tulisi roikkua oksien l\u00e4hell\u00e4, mutta ne eiv\u00e4t saa tarttua lehtiin tai oksiin.<\/li>\n<li>Kun ansa on t\u00e4ynn\u00e4 tuholaisia, vaihda se uuteen.<\/li>\n<li>Tehokkaaseen tuholaistorjuntaan kasvihuoneessa tai puutarhassa aseta liima-ansat tasaisin v\u00e4lein kasveille.<\/li>\n<li>Korkeampien viljelykasvien (tomaatit-kurkut) kohdalla suosittelemme useampien ansojen k\u00e4ytt\u00f6\u00e4.<\/li>\n<\/ul>\n","protected":false},"excerpt":{"rendered":"<ul>\n<li>Kemikaalittomia, l\u00e4pin\u00e4kyv\u00e4ll\u00e4 liima-aineella p\u00e4\u00e4llystettyj\u00e4 arkkeja, jotka on tarkoitettu kasvinsuojeluun.<\/li>\n<li>Liima-ansan keltainen v\u00e4ri houkuttelee hy\u00f6nteisi\u00e4 puoleensa, ja joutuessaan kosketuksiin sen kanssa tuholaiset tarttuvat ansaan.<\/li>\n<li>Hy\u00f6nteisliima-ansoja voidaan k\u00e4ytt\u00e4\u00e4 kirsikkak\u00e4rp\u00e4sten pyydyst\u00e4miseen ja niiden toukkien aiheuttamien matojen ehk\u00e4isyyn.<\/li>\n<li>Se auttaa my\u00f6s torjumaan tehokkaasti muita tuholaisia, kuten kirvoja, miinaajakoiria, omenak\u00e4\u00e4ri\u00e4isi\u00e4, kasvihuoneripsi\u00e4isi\u00e4, ripsi\u00e4isi\u00e4 jne.<\/li>\n<\/ul>\n","protected":false},"featured_media":42165,"template":"","meta":{"_acf_changed":false,"_seopress_robots_primary_cat":"","_seopress_titles_title":"","_seopress_titles_desc":"Hy\u00f6nteisten liima-ansa keltainen v\u00e4ri houkuttelee hy\u00f6nteisi\u00e4. Auttaa torjumaan tehokkaasti kirvoja, miinaajakoiria, omenak\u00e4\u00e4ri\u00e4isi\u00e4, kasvihuoneripsi\u00e4isi\u00e4, ripsi\u00e4isi\u00e4 jne. ","_seopress_robots_index":"","_gspb_post_css":""},"product_brand":[],"product_cat":[2392,2356,2360],"product_tag":[],"class_list":{"0":"post-42163","1":"product","2":"type-product","3":"status-publish","4":"has-post-thumbnail","6":"product_cat-kaikki-luokat","7":"product_cat-puutarhan-ja-kasvien-suojelu","8":"product_cat-kasvintuholaisten-torjunta","10":"first","11":"instock","12":"taxable","13":"shipping-taxable","14":"purchasable","15":"product-type-simple"},"ct_brands":[],"acf":[],"_links":{"self":[{"href":"https:\/\/agrozone.ee\/fi\/wp-json\/wp\/v2\/product\/42163","targetHints":{"allow":["GET"]}}],"collection":[{"href":"https:\/\/agrozone.ee\/fi\/wp-json\/wp\/v2\/product"}],"about":[{"href":"https:\/\/agrozone.ee\/fi\/wp-json\/wp\/v2\/types\/product"}],"wp:featuredmedia":[{"embeddable":true,"href":"https:\/\/agrozone.ee\/fi\/wp-json\/wp\/v2\/media\/42165"}],"wp:attachment":[{"href":"https:\/\/agrozone.ee\/fi\/wp-json\/wp\/v2\/media?parent=42163"}],"wp:term":[{"taxonomy":"product_brand","embeddable":true,"href":"https:\/\/agrozone.ee\/fi\/wp-json\/wp\/v2\/product_brand?post=42163"},{"taxonomy":"product_cat","embeddable":true,"href":"https:\/\/agrozone.ee\/fi\/wp-json\/wp\/v2\/product_cat?post=42163"},{"taxonomy":"product_tag","embeddable":true,"href":"https:\/\/agrozone.ee\/fi\/wp-json\/wp\/v2\/product_tag?post=42163"}],"curies":[{"name":"wp","href":"https:\/\/api.w.org\/{rel}","templated":true}]}}