{"id":42164,"date":"2024-06-09T15:59:41","date_gmt":"2024-06-09T12:59:41","guid":{"rendered":"https:\/\/agrozone.ee\/toode\/neemazal-t-s-100-ml-tuholaistorjuntaan-kasveilla\/"},"modified":"2024-06-09T15:59:41","modified_gmt":"2024-06-09T13:59:41","slug":"neemazal-t-s-100-ml-tuholaistorjuntaan-kasveilla","status":"publish","type":"product","link":"https:\/\/agrozone.ee\/fi\/tuote\/neemazal-t-s-100-ml-tuholaistorjuntaan-kasveilla\/","title":{"rendered":"NeemAzal T\/S 100 ml (tuholaistorjuntaan kasveilla)"},"content":{"rendered":"<p>Luonnollinen kasviuute tuholaistorjuntaan. Trooppisen neem-puun siementen ytimist\u00e4 saatua kasviuutetta NeemAzal-T\/S sopii k\u00e4ytt\u00e4\u00e4 tuholaistorjuntaan my\u00f6s luomuviljelyss\u00e4.<\/p>\n<p class=\"lead\">NeemAzal on trooppisen neem-puun siementen ytimist\u00e4 saatu kasviuute, jota k\u00e4ytet\u00e4\u00e4n kirvojen, ripsi\u00e4isten, miinaajak\u00e4rp\u00e4sten, kilpikirvojen, vihannespunkkien, omenankehr\u00e4\u00e4j\u00e4koisa, kes\u00e4turilaan, koloradonkuoriaisen, gammay\u00f6kk\u00f6sen, hedelm\u00e4koisan ja muiden imevien ja purevien tuholaisten torjuntaan.<\/p>\n<h3>Vaikutus<\/h3>\n<p>NeemAzal-T\/S sis\u00e4lt\u00e4\u00e4 atsadiraktiini A:ta, joka on uutettu trooppisen neem-puun (<em>Azadirachta indica A. Juss<\/em>) siementen ytimist\u00e4. Vaikuttava aine imeytyy lehtiin ja p\u00e4\u00e4tyy tuholaisiin niiden imiess\u00e4 tai sy\u00f6dess\u00e4 kasvin lehti\u00e4.<\/p>\n<p>Tuholaisten toukkien sy\u00f6minen ja nahanluonti estyy ja ne kuolevat, aikuisilla sy\u00f6minen ja lis\u00e4\u00e4ntyminen estyy ja pienemm\u00e4ss\u00e4 m\u00e4\u00e4rin esiintyy kuolleisuutta. Jos tuholaisia on v\u00e4h\u00e4n ja ne ovat samassa kehitysvaiheessa, yleens\u00e4 riitt\u00e4\u00e4 yksi k\u00e4sittely tuholaissukupolvea tai kautta kohden. Pysyv\u00e4n tuholaistartunnan sattuessa (useita sukupolvia) on tarpeen tehd\u00e4 toistuva k\u00e4sittely. NeemAzal ei ole haitallinen useimmille hy\u00f6tyhy\u00f6nteisille.<\/p>\n<p><a href=\"https:\/\/agrozone.ee\/wp-content\/uploads\/2024\/10\/infoleht_neemazal_d70f7667.pdf\" target=\"_blank\" rel=\"noopener\">TIETOLEHTI<\/a><\/p>\n<p><a href=\"https:\/\/agrozone.ee\/wp-content\/uploads\/2024\/10\/neemazal_ts_ohutuskaart_100ml_eesti_keeles_13veebruar2017_d5a94774.pdf\">TURVALLISUUSKORTTI<\/a><\/p>\n<h3>K\u00e4ytt\u00f6ohjeet<\/h3>\n<p>Tuholaistorjuntaan kasveilla: koristekasvit, koristepuut, herneet, juurekset, kaali, peruna, kurkku, kukkakaali, pavut, hedelm\u00e4puut; kasvihuoneessa: paprika, tomaatti, kurkku, huonekasvit. Torjuttavat tuholaiset: kirvat, ripsi\u00e4iset, miinaajak\u00e4rp\u00e4set, pisti\u00e4iset, kehr\u00e4\u00e4j\u00e4punkit, omenankehr\u00e4\u00e4j\u00e4koit, turilaat, koloradonkuoriaiset, y\u00f6kk\u00f6set, hedelm\u00e4koit ja muut imev\u00e4t ja purevat tuholaiset. Sopii my\u00f6s huonekasvien tuholaistorjuntaan.  <\/p>\n","protected":false},"excerpt":{"rendered":"<p>Luonnollinen kasviuute tuholaistorjuntaan. Trooppisen neem-puun siementen ytimist\u00e4 saatua kasviuutetta NeemAzal-T\/S sopii k\u00e4ytt\u00e4\u00e4 tuholaistorjuntaan my\u00f6s luomuviljelyss\u00e4.<\/p>\n","protected":false},"featured_media":52537,"template":"","meta":{"_acf_changed":false,"_seopress_robots_primary_cat":"none","_seopress_titles_title":"","_seopress_titles_desc":"","_seopress_robots_index":"","_gspb_post_css":""},"product_brand":[],"product_cat":[2392,2356,2360],"product_tag":[],"class_list":{"0":"post-42164","1":"product","2":"type-product","3":"status-publish","4":"has-post-thumbnail","6":"product_cat-kaikki-luokat","7":"product_cat-puutarhan-ja-kasvien-suojelu","8":"product_cat-kasvintuholaisten-torjunta","10":"first","11":"instock","12":"featured","13":"taxable","14":"shipping-taxable","15":"purchasable","16":"product-type-simple"},"ct_brands":[],"acf":[],"_links":{"self":[{"href":"https:\/\/agrozone.ee\/fi\/wp-json\/wp\/v2\/product\/42164","targetHints":{"allow":["GET"]}}],"collection":[{"href":"https:\/\/agrozone.ee\/fi\/wp-json\/wp\/v2\/product"}],"about":[{"href":"https:\/\/agrozone.ee\/fi\/wp-json\/wp\/v2\/types\/product"}],"wp:featuredmedia":[{"embeddable":true,"href":"https:\/\/agrozone.ee\/fi\/wp-json\/wp\/v2\/media\/52537"}],"wp:attachment":[{"href":"https:\/\/agrozone.ee\/fi\/wp-json\/wp\/v2\/media?parent=42164"}],"wp:term":[{"taxonomy":"product_brand","embeddable":true,"href":"https:\/\/agrozone.ee\/fi\/wp-json\/wp\/v2\/product_brand?post=42164"},{"taxonomy":"product_cat","embeddable":true,"href":"https:\/\/agrozone.ee\/fi\/wp-json\/wp\/v2\/product_cat?post=42164"},{"taxonomy":"product_tag","embeddable":true,"href":"https:\/\/agrozone.ee\/fi\/wp-json\/wp\/v2\/product_tag?post=42164"}],"curies":[{"name":"wp","href":"https:\/\/api.w.org\/{rel}","templated":true}]}}