{"id":42167,"date":"2024-06-09T15:57:09","date_gmt":"2024-06-09T13:57:09","guid":{"rendered":"https:\/\/agrozone.ee\/toode\/hedelmapuiden-runkovari-tahna-15-kg\/"},"modified":"2024-06-09T15:57:09","modified_gmt":"2024-06-09T13:57:09","slug":"hedelmapuiden-runkovari-tahna-15-kg","status":"publish","type":"product","link":"https:\/\/agrozone.ee\/fi\/tuote\/hedelmapuiden-runkovari-tahna-15-kg\/","title":{"rendered":"Hedelm\u00e4puiden runkov\u00e4ri tahna 1,5 kg"},"content":{"rendered":"<p class=\"plained\">Hedelm\u00e4puiden suoja pakkasvaurioita vastaan. K\u00e4ytt\u00f6valmis maali puuvartisten kasvien valkaisuun ja suojaamiseen kylm\u00e4halkeamilta ja kuumuudelta. Puuhaavojen kautta puuhun p\u00e4\u00e4sev\u00e4t taudinaiheuttajat, jotka voivat johtaa puun kuolemaan. Heijastava erikoispinnoite est\u00e4\u00e4 ep\u00e4tasaisen kuumenemisen aurinkoisina p\u00e4ivin\u00e4 ja est\u00e4\u00e4 siten rungon j\u00e4nnitykset ja repe\u00e4m\u00e4t. Kuori pysyy vahingoittumattomana ja terveen\u00e4.    <\/p>\n<p>&nbsp;<\/p>\n<h4>K\u00e4ytt\u00f6ohjeet<\/h4>\n<p>Sile\u00e4n kuoren k\u00e4ytt\u00f6m\u00e4\u00e4r\u00e4 noin 270 gr\/m2 (1,5 kg riitt\u00e4\u00e4 jopa 5,6 m2:n kuoripinnalle). Poista rungosta irtonaiset kuorenpalat. Levit\u00e4 maali rungolle latvasta alasp\u00e4in. Voidaan k\u00e4ytt\u00e4\u00e4 ymp\u00e4ri vuoden yli 0 \u00b0C:n l\u00e4mp\u00f6tilassa. Erityisen t\u00e4rke\u00e4\u00e4 k\u00e4ytt\u00e4\u00e4 marraskuusta maaliskuuhun. S\u00e4ilyt\u00e4 pakkaselta suojassa. Tahna on tiksotrooppinen, mik\u00e4 tarkoittaa, ett\u00e4 se muuttuu levitett\u00e4v\u00e4ksi levitett\u00e4ess\u00e4. Suurempaa m\u00e4\u00e4r\u00e4\u00e4 varten sit\u00e4 voidaan laimentaa vedell\u00e4 suhteessa 1:2. Kuivalla s\u00e4\u00e4ll\u00e4 kuivumisaika on noin 2 tuntia. Ruiskutusmenetelm\u00e4. Laimenna tahna vedell\u00e4 suhteessa 1:3. K\u00e4yt\u00e4 rungolle levitt\u00e4miseen puutarharuiskutinta ja erityist\u00e4 kalkkiruiskutussuutinta. K\u00e4yt\u00e4 suojalaseja. K\u00e4yt\u00e4 vedell\u00e4 laimennettu liuos mahdollisimman pian. J\u00e4\u00e4m\u00e4t voidaan h\u00e4vitt\u00e4\u00e4 kotitalousj\u00e4tteen mukana. Valkoinen v\u00e4ri haalistuu puunrungosta yleens\u00e4 hitaasti muutamassa kuukaudessa. Tuote on kehitetty erityisesti siten, ett\u00e4 valkoinen v\u00e4ri ei h\u00e4iritse puutarhan estetiikkaa kes\u00e4ll\u00e4. Jatkuva sade voi johtaa nopeampaan v\u00e4rin kulumiseen, joten \u00e4l\u00e4 levit\u00e4 valkoista v\u00e4ri\u00e4 runkoon liian aikaisin ennen talvea. Huomautus! Valkoinen v\u00e4ri sis\u00e4lt\u00e4\u00e4 sammutettua kalkkia, joka on jalostettu luonnontuote (sis\u00e4ltyy my\u00f6s laastiin jne.). Sammutettu kalkki on em\u00e4ksinen ja siksi luokiteltu silmi\u00e4 vaurioittavaksi. \u00c4rsytt\u00e4v\u00e4 vaikutus johtuu vain korkeasta pH-arvosta. Tuote ei sis\u00e4ll\u00e4 myrkyllisi\u00e4 aineita. VAROITUS! Aiheuttaa vakavia silm\u00e4vaurioita. Aiheuttaa iho\u00e4rsytyst\u00e4. Jos ainetta joutuu iholle, pese runsaalla vedell\u00e4 ja saippualla. Jos ainetta joutuu silmiin, huuhtele varovasti vedell\u00e4 usean minuutin ajan. Poista piilolinssit, jos mahdollista, ja jatka huuhtelua. Jos silm\u00e4-\u00e4rsytys jatkuu, hakeudu l\u00e4\u00e4k\u00e4riin.        <\/p>\n<p>      S\u00e4ilyt\u00e4 lasten ulottumattomissa.<\/p>\n","protected":false},"excerpt":{"rendered":"<p class=\"plained\">Hedelm\u00e4puiden suoja pakkasvaurioita vastaan. K\u00e4ytt\u00f6valmis maali puuvartisten kasvien valkaisuun ja suojaamiseen kylm\u00e4halkeamilta ja kuumuudelta. Puuhaavojen kautta puuhun p\u00e4\u00e4sev\u00e4t taudinaiheuttajat, jotka voivat johtaa puun kuolemaan. Heijastava erikoispinnoite est\u00e4\u00e4 ep\u00e4tasaisen kuumenemisen aurinkoisina p\u00e4ivin\u00e4 ja est\u00e4\u00e4 siten rungon j\u00e4nnitykset ja repe\u00e4m\u00e4t. Kuori pysyy vahingoittumattomana ja terveen\u00e4.    <\/p>\n","protected":false},"featured_media":42168,"template":"","meta":{"_acf_changed":false,"_seopress_robots_primary_cat":"","_seopress_titles_title":"","_seopress_titles_desc":"","_seopress_robots_index":"","_gspb_post_css":""},"product_brand":[],"product_cat":[2392,2361,2356],"product_tag":[],"class_list":{"0":"post-42167","1":"product","2":"type-product","3":"status-publish","4":"has-post-thumbnail","6":"product_cat-kaikki-luokat","7":"product_cat-kasvinsuojeluaineet","8":"product_cat-puutarhan-ja-kasvien-suojelu","10":"first","11":"instock","12":"taxable","13":"shipping-taxable","14":"purchasable","15":"product-type-simple"},"ct_brands":[],"acf":[],"_links":{"self":[{"href":"https:\/\/agrozone.ee\/fi\/wp-json\/wp\/v2\/product\/42167","targetHints":{"allow":["GET"]}}],"collection":[{"href":"https:\/\/agrozone.ee\/fi\/wp-json\/wp\/v2\/product"}],"about":[{"href":"https:\/\/agrozone.ee\/fi\/wp-json\/wp\/v2\/types\/product"}],"wp:featuredmedia":[{"embeddable":true,"href":"https:\/\/agrozone.ee\/fi\/wp-json\/wp\/v2\/media\/42168"}],"wp:attachment":[{"href":"https:\/\/agrozone.ee\/fi\/wp-json\/wp\/v2\/media?parent=42167"}],"wp:term":[{"taxonomy":"product_brand","embeddable":true,"href":"https:\/\/agrozone.ee\/fi\/wp-json\/wp\/v2\/product_brand?post=42167"},{"taxonomy":"product_cat","embeddable":true,"href":"https:\/\/agrozone.ee\/fi\/wp-json\/wp\/v2\/product_cat?post=42167"},{"taxonomy":"product_tag","embeddable":true,"href":"https:\/\/agrozone.ee\/fi\/wp-json\/wp\/v2\/product_tag?post=42167"}],"curies":[{"name":"wp","href":"https:\/\/api.w.org\/{rel}","templated":true}]}}