{"id":42169,"date":"2024-06-09T15:57:09","date_gmt":"2024-06-09T13:57:09","guid":{"rendered":"https:\/\/agrozone.ee\/toode\/hedelmapuiden-runkovari-500-g\/"},"modified":"2024-06-09T15:57:09","modified_gmt":"2024-06-09T13:57:09","slug":"hedelmapuiden-runkovari-500-g","status":"publish","type":"product","link":"https:\/\/agrozone.ee\/fi\/tuote\/hedelmapuiden-runkovari-500-g\/","title":{"rendered":"Hedelm\u00e4puiden runkov\u00e4ri 500 g"},"content":{"rendered":"<p>Hedelm\u00e4puiden runkov\u00e4ri suojaa puiden runkoja auringonpolttamilta ja lievent\u00e4\u00e4 l\u00e4mp\u00f6tilan \u00e4killisten vaihteluiden haitallisia vaikutuksia, jotka aiheuttavat kuoren halkeilua. Runkov\u00e4ri tuhoaa my\u00f6s tuholaisia ja niiden munia, koska se sis\u00e4lt\u00e4\u00e4 sammutettua kalkkia ja rautasulfaattia. <\/p>\n<h3>K\u00e4ytt\u00f6ohjeet<\/h3>\n<p>Pakkauksen sis\u00e4lt\u00f6 sekoitetaan 2 litraan vett\u00e4 tasaiseksi massaksi (suspensioksi). Kalkkimaali levitet\u00e4\u00e4n runkoihin ja s\u00e4leikk\u00f6ihin siveltimell\u00e4. Valkaisu kuivalla s\u00e4\u00e4ll\u00e4, kun ilman l\u00e4mp\u00f6tila on yli 0\u00baC. Osa maalista saattaa irrota talven aikana, ja valkaisu voidaan tarvittaessa toistaa.<\/p>\n","protected":false},"excerpt":{"rendered":"<p>Hedelm\u00e4puiden runkov\u00e4ri suojaa puiden runkoja auringonpolttamilta ja lievent\u00e4\u00e4 l\u00e4mp\u00f6tilan \u00e4killisten vaihteluiden haitallisia vaikutuksia, jotka aiheuttavat kuoren halkeilua. Runkov\u00e4ri tuhoaa my\u00f6s tuholaisia ja niiden munia, koska se sis\u00e4lt\u00e4\u00e4 sammutettua kalkkia ja rautasulfaattia. <\/p>\n","protected":false},"featured_media":42170,"template":"","meta":{"_acf_changed":false,"_seopress_robots_primary_cat":"none","_seopress_titles_title":"","_seopress_titles_desc":"","_seopress_robots_index":"","_gspb_post_css":""},"product_brand":[],"product_cat":[2392,2361,2356,2360],"product_tag":[],"class_list":{"0":"post-42169","1":"product","2":"type-product","3":"status-publish","4":"has-post-thumbnail","6":"product_cat-kaikki-luokat","7":"product_cat-kasvinsuojeluaineet","8":"product_cat-puutarhan-ja-kasvien-suojelu","9":"product_cat-kasvintuholaisten-torjunta","11":"first","12":"instock","13":"taxable","14":"shipping-taxable","15":"purchasable","16":"product-type-simple"},"ct_brands":[],"acf":[],"_links":{"self":[{"href":"https:\/\/agrozone.ee\/fi\/wp-json\/wp\/v2\/product\/42169","targetHints":{"allow":["GET"]}}],"collection":[{"href":"https:\/\/agrozone.ee\/fi\/wp-json\/wp\/v2\/product"}],"about":[{"href":"https:\/\/agrozone.ee\/fi\/wp-json\/wp\/v2\/types\/product"}],"wp:featuredmedia":[{"embeddable":true,"href":"https:\/\/agrozone.ee\/fi\/wp-json\/wp\/v2\/media\/42170"}],"wp:attachment":[{"href":"https:\/\/agrozone.ee\/fi\/wp-json\/wp\/v2\/media?parent=42169"}],"wp:term":[{"taxonomy":"product_brand","embeddable":true,"href":"https:\/\/agrozone.ee\/fi\/wp-json\/wp\/v2\/product_brand?post=42169"},{"taxonomy":"product_cat","embeddable":true,"href":"https:\/\/agrozone.ee\/fi\/wp-json\/wp\/v2\/product_cat?post=42169"},{"taxonomy":"product_tag","embeddable":true,"href":"https:\/\/agrozone.ee\/fi\/wp-json\/wp\/v2\/product_tag?post=42169"}],"curies":[{"name":"wp","href":"https:\/\/api.w.org\/{rel}","templated":true}]}}