{"id":42171,"date":"2024-06-09T15:59:41","date_gmt":"2024-06-09T13:59:41","guid":{"rendered":"https:\/\/agrozone.ee\/toode\/vihrea-saippua-suihkepullossa-500-ml-mayeri\/"},"modified":"2024-06-09T15:59:41","modified_gmt":"2024-06-09T13:59:41","slug":"vihrea-saippua-suihkepullossa-500-ml-mayeri","status":"publish","type":"product","link":"https:\/\/agrozone.ee\/fi\/tuote\/vihrea-saippua-suihkepullossa-500-ml-mayeri\/","title":{"rendered":"Vihre\u00e4 saippua suihkepullossa 500 ml Mayeri"},"content":{"rendered":"<ul>\n<li>Nestem\u00e4inen vihre\u00e4 saippua suihkepullossa, 500 ml.<\/li>\n<li>K\u00e4ytet\u00e4\u00e4n puutarhanhoidossa tuholaisten ja homeiden torjuntaan.<\/li>\n<li>Vihre\u00e4\u00e4 saippuaa k\u00e4ytet\u00e4\u00e4n kasvienhoitoaineena ja kasvinsuojeluaineiden liuosten tarttuvuuden lis\u00e4\u00e4miseen.<\/li>\n<li>Sopii hyvin puhdistusaineeksi.<\/li>\n<li>Sopii vedenkest\u00e4vien pintojen puhdistamiseen.<\/li>\n<li>Sopii my\u00f6s tekstiilien pesuun.<\/li>\n<\/ul>\n<h3>K\u00e4ytt\u00f6ohjeet<\/h3>\n<p>&nbsp;<\/p>\n<p><strong><span lang=\"EN-US\">Puhdistusaineena:<\/span><\/strong><span lang=\"EN-US\"> <\/span><\/p>\n<ul>\n<li><span lang=\"EN-US\">Sopii kaikkien vett\u00e4 kest\u00e4vien pintojen puhdistamiseen ja tekstiilien pesuun. <\/span><\/li>\n<li><span lang=\"EN-US\">Suihkuta ainetta pinnalle tai tekstiiliin ja puhdista se sitten kostealla liinalla tai huuhtele puhtaalla vedell\u00e4.<b><br \/>\n<\/b><\/span><\/li>\n<\/ul>\n<p><span lang=\"EN-US\"><strong>Puutarhanhoidossa:<\/strong> <\/span><\/p>\n<ul>\n<li><span lang=\"EN-US\">K\u00e4ytet\u00e4\u00e4n kasvienhoitoaineena ja my\u00f6s muiden liuosten tarttuvuuden lis\u00e4\u00e4miseen. <\/span><\/li>\n<li><span lang=\"EN-US\">Sumuta kasveja liuoksella. <\/span><\/li>\n<li><span lang=\"EN-US\">Kasveja voi sy\u00f6d\u00e4 7 p\u00e4iv\u00e4n kuluttua ruiskutuksesta.<\/span><\/li>\n<\/ul>\n<p><strong><span lang=\"EN-US\">Koostumus:<\/span><\/strong> <span lang=\"EN-US\">&lt;5% kasvirasvojen kaliumsaippuaa.<\/span><\/p>\n","protected":false},"excerpt":{"rendered":"<ul>\n<li>Nestem\u00e4inen vihre\u00e4 saippua suihkepullossa, 500 ml.<\/li>\n<li>K\u00e4ytet\u00e4\u00e4n puutarhanhoidossa tuholaisten ja homeiden torjuntaan.<\/li>\n<li>Vihre\u00e4\u00e4 saippuaa k\u00e4ytet\u00e4\u00e4n kasvienhoitoaineena ja kasvinsuojeluaineiden liuosten tarttuvuuden lis\u00e4\u00e4miseen.<\/li>\n<li>Sopii hyvin puhdistusaineeksi.<\/li>\n<\/ul>\n","protected":false},"featured_media":42172,"template":"","meta":{"_acf_changed":false,"_seopress_robots_primary_cat":"","_seopress_titles_title":"","_seopress_titles_desc":"Vihre\u00e4 saippua - kasvienhoitoaine ja kasvinsuojeluaineiden liuosten tarttuvuuden lis\u00e4\u00e4miseen sek\u00e4 puutarhanhoidossa tuholaisten ja homeiden torjuntaan.","_seopress_robots_index":"","_gspb_post_css":""},"product_brand":[],"product_cat":[2392,2361,2356,2360],"product_tag":[],"class_list":{"0":"post-42171","1":"product","2":"type-product","3":"status-publish","4":"has-post-thumbnail","6":"product_cat-kaikki-luokat","7":"product_cat-kasvinsuojeluaineet","8":"product_cat-puutarhan-ja-kasvien-suojelu","9":"product_cat-kasvintuholaisten-torjunta","11":"first","12":"instock","13":"taxable","14":"shipping-taxable","15":"purchasable","16":"product-type-simple"},"ct_brands":[],"acf":[],"_links":{"self":[{"href":"https:\/\/agrozone.ee\/fi\/wp-json\/wp\/v2\/product\/42171","targetHints":{"allow":["GET"]}}],"collection":[{"href":"https:\/\/agrozone.ee\/fi\/wp-json\/wp\/v2\/product"}],"about":[{"href":"https:\/\/agrozone.ee\/fi\/wp-json\/wp\/v2\/types\/product"}],"wp:featuredmedia":[{"embeddable":true,"href":"https:\/\/agrozone.ee\/fi\/wp-json\/wp\/v2\/media\/42172"}],"wp:attachment":[{"href":"https:\/\/agrozone.ee\/fi\/wp-json\/wp\/v2\/media?parent=42171"}],"wp:term":[{"taxonomy":"product_brand","embeddable":true,"href":"https:\/\/agrozone.ee\/fi\/wp-json\/wp\/v2\/product_brand?post=42171"},{"taxonomy":"product_cat","embeddable":true,"href":"https:\/\/agrozone.ee\/fi\/wp-json\/wp\/v2\/product_cat?post=42171"},{"taxonomy":"product_tag","embeddable":true,"href":"https:\/\/agrozone.ee\/fi\/wp-json\/wp\/v2\/product_tag?post=42171"}],"curies":[{"name":"wp","href":"https:\/\/api.w.org\/{rel}","templated":true}]}}