{"id":42173,"date":"2024-06-09T15:59:41","date_gmt":"2024-06-09T13:59:41","guid":{"rendered":"https:\/\/agrozone.ee\/toode\/luonnollinen-kasvienhoitaja-i-500-ml\/"},"modified":"2024-06-09T15:59:41","modified_gmt":"2024-06-09T13:59:41","slug":"luonnollinen-kasvienhoitaja-i-500-ml","status":"publish","type":"product","link":"https:\/\/agrozone.ee\/fi\/tuote\/luonnollinen-kasvienhoitaja-i-500-ml\/","title":{"rendered":"Luonnollinen kasvienhoitaja I 500 ml"},"content":{"rendered":"<p>K\u00e4ytt\u00f6valmis liuos kasvien yleisen terveydentilan parantamiseen. Puutarha- ja katajanmarjojen biologinen vaikutus on ihmisille jo pitk\u00e4\u00e4n tunnettu. Uute parantaa kasvien kasvuenergiaa ja tuo lehdille runsaasti erilaisia mikrobeja, jotka tukahduttavat taudinaiheuttajia ja parantavat kasvien luonnollista vastustuskyky\u00e4. Ruusut, kukat, koristekasvit puutarhassa, parvekkeella tai sis\u00e4tiloissa, kurkku-, tomaatti- ja paprikakasvit, mansikka, peruna, omena-, p\u00e4\u00e4ryn\u00e4- ja luumupuut.   <\/p>\n<p>&nbsp;<\/p>\n<h3>K\u00e4ytt\u00f6ohjeet<\/h3>\n<p>Ravista huolellisesti ennen k\u00e4ytt\u00f6\u00e4. Kasvien ennaltaehk\u00e4isev\u00e4 ja toistuva ruiskutus on suositeltavaa 7-10 p\u00e4iv\u00e4n v\u00e4lein. Suihkuta my\u00f6s lehtien alapinnoille. Parasta on k\u00e4ytt\u00e4\u00e4 tuotetta aamulla tai illalla. V\u00e4lt\u00e4 ruiskuttamista keskip\u00e4iv\u00e4ll\u00e4, koska aurinko voi nestem\u00e4isten pisaroiden vaikutuksesta lehdill\u00e4 aiheuttaa suurennuslasivaikutuksen. Sadonkorjuuta ei tarvitse lyk\u00e4t\u00e4 tuotteen k\u00e4yt\u00f6n vuoksi. Tuotetta voidaan k\u00e4ytt\u00e4\u00e4 my\u00f6s luomuviljelyss\u00e4.      <\/p>\n","protected":false},"excerpt":{"rendered":"<p>K\u00e4ytt\u00f6valmis liuos kasvien yleisen terveydentilan parantamiseen. Puutarha- ja katajanmarjojen biologinen vaikutus on ihmisille jo pitk\u00e4\u00e4n tunnettu. Uute parantaa kasvien kasvuenergiaa ja tuo lehdille runsaasti erilaisia mikrobeja, jotka tukahduttavat taudinaiheuttajia ja parantavat kasvien luonnollista vastustuskyky\u00e4. Ruusut, kukat, koristekasvit puutarhassa, parvekkeella tai sis\u00e4tiloissa, kurkku-, tomaatti- ja paprikakasvit, mansikka, peruna, omena-, p\u00e4\u00e4ryn\u00e4- ja luumupuut. &nbsp; K\u00e4ytt\u00f6ohjeet Ravista huolellisesti [&hellip;]<\/p>\n","protected":false},"featured_media":42174,"template":"","meta":{"_acf_changed":false,"_seopress_robots_primary_cat":"","_seopress_titles_title":"","_seopress_titles_desc":"","_seopress_robots_index":"","_gspb_post_css":""},"product_brand":[],"product_cat":[2392,2356,2360],"product_tag":[],"class_list":{"0":"post-42173","1":"product","2":"type-product","3":"status-publish","4":"has-post-thumbnail","6":"product_cat-kaikki-luokat","7":"product_cat-puutarhan-ja-kasvien-suojelu","8":"product_cat-kasvintuholaisten-torjunta","10":"first","11":"instock","12":"taxable","13":"shipping-taxable","14":"purchasable","15":"product-type-simple"},"ct_brands":[],"acf":[],"_links":{"self":[{"href":"https:\/\/agrozone.ee\/fi\/wp-json\/wp\/v2\/product\/42173","targetHints":{"allow":["GET"]}}],"collection":[{"href":"https:\/\/agrozone.ee\/fi\/wp-json\/wp\/v2\/product"}],"about":[{"href":"https:\/\/agrozone.ee\/fi\/wp-json\/wp\/v2\/types\/product"}],"wp:featuredmedia":[{"embeddable":true,"href":"https:\/\/agrozone.ee\/fi\/wp-json\/wp\/v2\/media\/42174"}],"wp:attachment":[{"href":"https:\/\/agrozone.ee\/fi\/wp-json\/wp\/v2\/media?parent=42173"}],"wp:term":[{"taxonomy":"product_brand","embeddable":true,"href":"https:\/\/agrozone.ee\/fi\/wp-json\/wp\/v2\/product_brand?post=42173"},{"taxonomy":"product_cat","embeddable":true,"href":"https:\/\/agrozone.ee\/fi\/wp-json\/wp\/v2\/product_cat?post=42173"},{"taxonomy":"product_tag","embeddable":true,"href":"https:\/\/agrozone.ee\/fi\/wp-json\/wp\/v2\/product_tag?post=42173"}],"curies":[{"name":"wp","href":"https:\/\/api.w.org\/{rel}","templated":true}]}}