{"id":42622,"date":"2025-01-21T14:54:02","date_gmt":"2025-01-21T12:54:02","guid":{"rendered":"https:\/\/agrozone.ee\/?post_type=product&#038;p=42622"},"modified":"2026-03-27T11:38:02","modified_gmt":"2026-03-27T09:38:02","slug":"seemnekartul-birgit-5-kg","status":"publish","type":"product","link":"https:\/\/agrozone.ee\/fi\/tuote\/seemnekartul-birgit-5-kg\/","title":{"rendered":"Seemnekartul Birgit 5 kg"},"content":{"rendered":"<p data-path-to-node=\"31,3,1,0\"><b data-path-to-node=\"31,3,1,0\" data-index-in-node=\"0\">Birgit<\/b> on pilkup\u00fc\u00fcdev punase koorega sort, mis v\u00f5idab s\u00fcdameid oma maitsega. See on v\u00e4ga hea s\u00e4ilivusega lauakartul, mis ei vea sind talvel alt.<\/p>\n<p data-path-to-node=\"31,3,1,1\">T\u00e4nu tumekollasele sisule ja heale tekstuurile on Birgit <b data-path-to-node=\"31,3,1,1\" data-index-in-node=\"57\">v\u00e4ga mitmek\u00fclgne<\/b> \u2013 valmista sellest kuldseid praekartuleid v\u00f5i serveeri keedetult pidulaual.<\/p>\n","protected":false},"excerpt":{"rendered":"<p><em>Sertifitseeritud seemnekartul<\/em><\/p>\n","protected":false},"featured_media":42625,"template":"","meta":{"_acf_changed":false,"_seopress_robots_primary_cat":"none","_seopress_titles_title":"Birgit Seemnekartul \u2013 Punane Koor ja Suurep\u00e4rane Maitse | Agrozone","_seopress_titles_desc":"Birgit on hea s\u00e4ilivusega lauakartul. Punase koore ja tumekollase sisuga. Sobib nii keedu- kui praekartuliks. Vaata valikut ja telli!","_seopress_robots_index":"","_gspb_post_css":""},"product_brand":[],"product_cat":[15,87,994],"product_tag":[],"class_list":{"0":"post-42622","1":"product","2":"type-product","3":"status-publish","4":"has-post-thumbnail","6":"product_cat-koik-kategooriad","7":"product_cat-seemned","8":"product_cat-seemnekartul","10":"first","11":"instock","12":"taxable","13":"shipping-taxable","14":"purchasable","15":"product-type-simple"},"ct_brands":[],"acf":[],"_links":{"self":[{"href":"https:\/\/agrozone.ee\/fi\/wp-json\/wp\/v2\/product\/42622","targetHints":{"allow":["GET"]}}],"collection":[{"href":"https:\/\/agrozone.ee\/fi\/wp-json\/wp\/v2\/product"}],"about":[{"href":"https:\/\/agrozone.ee\/fi\/wp-json\/wp\/v2\/types\/product"}],"wp:featuredmedia":[{"embeddable":true,"href":"https:\/\/agrozone.ee\/fi\/wp-json\/wp\/v2\/media\/42625"}],"wp:attachment":[{"href":"https:\/\/agrozone.ee\/fi\/wp-json\/wp\/v2\/media?parent=42622"}],"wp:term":[{"taxonomy":"product_brand","embeddable":true,"href":"https:\/\/agrozone.ee\/fi\/wp-json\/wp\/v2\/product_brand?post=42622"},{"taxonomy":"product_cat","embeddable":true,"href":"https:\/\/agrozone.ee\/fi\/wp-json\/wp\/v2\/product_cat?post=42622"},{"taxonomy":"product_tag","embeddable":true,"href":"https:\/\/agrozone.ee\/fi\/wp-json\/wp\/v2\/product_tag?post=42622"}],"curies":[{"name":"wp","href":"https:\/\/api.w.org\/{rel}","templated":true}]}}