{"id":42628,"date":"2025-01-21T15:03:27","date_gmt":"2025-01-21T13:03:27","guid":{"rendered":"https:\/\/agrozone.ee\/?post_type=product&#038;p=42628"},"modified":"2026-03-27T11:37:32","modified_gmt":"2026-03-27T09:37:32","slug":"seemnekartul-soraya-5-kg","status":"publish","type":"product","link":"https:\/\/agrozone.ee\/fi\/tuote\/seemnekartul-soraya-5-kg\/","title":{"rendered":"Seemnekartul Soraya 5 kg"},"content":{"rendered":"<p data-path-to-node=\"43,3,1,0\"><b data-path-to-node=\"43,3,1,0\" data-index-in-node=\"0\">Soraya<\/b> on usaldusv\u00e4\u00e4rne keskvalmiv sort, mis sobib igasse majapidamisse. Selle \u00fcmarovaalsed mugulad on sileda kollase koore ja madalate silmadega, mis teeb k\u00e4itlemise lihtsaks.<\/p>\n<p data-path-to-node=\"43,3,1,1\">K\u00f6\u00f6gis on Soraya t\u00f5eline universaals\u00f5dur \u2013 keeda, prae v\u00f5i lisa suppidesse, ta p\u00fcsib tervena ega kee pudruks.<\/p>\n","protected":false},"excerpt":{"rendered":"<p><em>Sertifitseeritud seemnekartul<\/em><\/p>\n","protected":false},"featured_media":42631,"template":"","meta":{"_acf_changed":false,"_seopress_robots_primary_cat":"none","_seopress_titles_title":"Soraya Seemnekartul \u2013 Universaalne Keskvalmiv Sort | Agrozone","_seopress_titles_desc":"Soraya on keskvalmiv kollase koore ja sisuga kartul. Suurep\u00e4rane mittelagunev lauakartul igap\u00e4evaseks kasutamiseks. Telli mugavalt e-poest.","_seopress_robots_index":"","_gspb_post_css":""},"product_brand":[],"product_cat":[15,87,994],"product_tag":[],"class_list":{"0":"post-42628","1":"product","2":"type-product","3":"status-publish","4":"has-post-thumbnail","6":"product_cat-koik-kategooriad","7":"product_cat-seemned","8":"product_cat-seemnekartul","10":"first","11":"instock","12":"taxable","13":"shipping-taxable","14":"purchasable","15":"product-type-simple"},"ct_brands":[],"acf":[],"_links":{"self":[{"href":"https:\/\/agrozone.ee\/fi\/wp-json\/wp\/v2\/product\/42628","targetHints":{"allow":["GET"]}}],"collection":[{"href":"https:\/\/agrozone.ee\/fi\/wp-json\/wp\/v2\/product"}],"about":[{"href":"https:\/\/agrozone.ee\/fi\/wp-json\/wp\/v2\/types\/product"}],"wp:featuredmedia":[{"embeddable":true,"href":"https:\/\/agrozone.ee\/fi\/wp-json\/wp\/v2\/media\/42631"}],"wp:attachment":[{"href":"https:\/\/agrozone.ee\/fi\/wp-json\/wp\/v2\/media?parent=42628"}],"wp:term":[{"taxonomy":"product_brand","embeddable":true,"href":"https:\/\/agrozone.ee\/fi\/wp-json\/wp\/v2\/product_brand?post=42628"},{"taxonomy":"product_cat","embeddable":true,"href":"https:\/\/agrozone.ee\/fi\/wp-json\/wp\/v2\/product_cat?post=42628"},{"taxonomy":"product_tag","embeddable":true,"href":"https:\/\/agrozone.ee\/fi\/wp-json\/wp\/v2\/product_tag?post=42628"}],"curies":[{"name":"wp","href":"https:\/\/api.w.org\/{rel}","templated":true}]}}