{"id":42653,"date":"2025-01-21T11:55:01","date_gmt":"2025-01-21T09:55:01","guid":{"rendered":"https:\/\/agrozone.ee\/toode\/suvetunne-kukkien-siemensekoitus-100-g\/"},"modified":"2025-01-21T11:55:01","modified_gmt":"2025-01-21T09:55:01","slug":"suvetunne-kukkien-siemensekoitus-100-g","status":"publish","type":"product","link":"https:\/\/agrozone.ee\/fi\/tuote\/suvetunne-kukkien-siemensekoitus-100-g\/","title":{"rendered":"&#8220;Suvetunne&#8221; kukkien siemensekoitus 100 g"},"content":{"rendered":"<ul>\n<li class=\"plained\">&#8220;Suvetunne&#8221; yksivuotisten kukkien seos erottuu kirkkaiden ja v\u00e4rikk\u00e4iden kukkiensa ansiosta ja kasvaa 50-100 cm korkeaksi.<\/li>\n<li class=\"plained\">Lajirikas kukkien seos houkuttelee puutarhaan erilaisia hy\u00f6dyllisi\u00e4 hy\u00f6nteisi\u00e4, kuten mehil\u00e4isi\u00e4, kimalaisia ja perhosia.<\/li>\n<li class=\"plained\">V\u00e4rik\u00e4s kukkakeidas koko kes\u00e4ksi.<\/li>\n<\/ul>\n<h3>K\u00e4ytt\u00f6ohjeet<\/h3>\n<ul>\n<li>Kylv\u00e4 huhti-toukokuussa aurinkoiseen paikkaan, runsasravinteiseen ja vett\u00e4 l\u00e4p\u00e4isev\u00e4\u00e4n maaper\u00e4\u00e4n.<\/li>\n<li>Kylv\u00f6 huhtikuusta kes\u00e4kuuhun. It\u00e4\u00e4 14-21 p\u00e4iv\u00e4ss\u00e4. <\/li>\n<li>Kukkii hein\u00e4kuusta lokakuuhun.<\/li>\n<\/ul>\n<p>Kasvualusta.<\/p>\n<ul>\n<li>Kukkien seos sopii runsasravinteiseen ja aurinkoiseen tai puolivarjoisaan kasvupaikkaan.<\/li>\n<li>Valmistele kylv\u00f6alusta ja kylv\u00e4 siemensekoitus tasaisesti pinnalle.<\/li>\n<li>Haravoi siemenet kevyesti 1-2 cm syvyyteen maahan.<\/li>\n<li>Paina maata kevyesti ja pid\u00e4 kylv\u00f6ala kosteana.<\/li>\n<li>Siementen it\u00e4misaika vaihtelee.<\/li>\n<li>Suojaa kylv\u00f6ala linnuilta.<\/li>\n<\/ul>\n<p>Saat parhaan tuloksen, noudata pakkauksessa suositeltua kylv\u00f6tiheytt\u00e4.<\/p>\n<ul>\n<li>100 g riitt\u00e4\u00e4 100 m\u00b2 alueelle.<\/li>\n<\/ul>\n","protected":false},"excerpt":{"rendered":"<p>&#8220;Suvetunne&#8221; yksivuotisten kukkien seos erottuu kirkkaiden ja v\u00e4rikk\u00e4iden kukkiensa ansiosta ja kasvaa 50-100 cm korkeaksi. Lajirikas kukkien seos houkuttelee puutarhaan erilaisia hy\u00f6dyllisi\u00e4 hy\u00f6nteisi\u00e4, kuten mehil\u00e4isi\u00e4, kimalaisia ja perhosia. V\u00e4rik\u00e4s kukkakeidas koko kes\u00e4ksi. K\u00e4ytt\u00f6ohjeet Kylv\u00e4 huhti-toukokuussa aurinkoiseen paikkaan, runsasravinteiseen ja vett\u00e4 l\u00e4p\u00e4isev\u00e4\u00e4n maaper\u00e4\u00e4n. Kylv\u00f6 huhtikuusta kes\u00e4kuuhun. It\u00e4\u00e4 14-21 p\u00e4iv\u00e4ss\u00e4. Kukkii hein\u00e4kuusta lokakuuhun. Kasvualusta. Kukkien seos sopii [&hellip;]<\/p>\n","protected":false},"featured_media":42603,"template":"","meta":{"_acf_changed":false,"_seopress_robots_primary_cat":"none","_seopress_titles_title":"","_seopress_titles_desc":"","_seopress_robots_index":"","_gspb_post_css":""},"product_brand":[],"product_cat":[2392,2427,2423,2399],"product_tag":[],"class_list":{"0":"post-42653","1":"product","2":"type-product","3":"status-publish","4":"has-post-thumbnail","6":"product_cat-kaikki-luokat","7":"product_cat-kukkien-siemensekoitukset","8":"product_cat-kukkien-siemenet","9":"product_cat-siemenet","11":"first","12":"instock","13":"taxable","14":"shipping-taxable","15":"purchasable","16":"product-type-simple"},"ct_brands":[],"acf":[],"_links":{"self":[{"href":"https:\/\/agrozone.ee\/fi\/wp-json\/wp\/v2\/product\/42653","targetHints":{"allow":["GET"]}}],"collection":[{"href":"https:\/\/agrozone.ee\/fi\/wp-json\/wp\/v2\/product"}],"about":[{"href":"https:\/\/agrozone.ee\/fi\/wp-json\/wp\/v2\/types\/product"}],"wp:featuredmedia":[{"embeddable":true,"href":"https:\/\/agrozone.ee\/fi\/wp-json\/wp\/v2\/media\/42603"}],"wp:attachment":[{"href":"https:\/\/agrozone.ee\/fi\/wp-json\/wp\/v2\/media?parent=42653"}],"wp:term":[{"taxonomy":"product_brand","embeddable":true,"href":"https:\/\/agrozone.ee\/fi\/wp-json\/wp\/v2\/product_brand?post=42653"},{"taxonomy":"product_cat","embeddable":true,"href":"https:\/\/agrozone.ee\/fi\/wp-json\/wp\/v2\/product_cat?post=42653"},{"taxonomy":"product_tag","embeddable":true,"href":"https:\/\/agrozone.ee\/fi\/wp-json\/wp\/v2\/product_tag?post=42653"}],"curies":[{"name":"wp","href":"https:\/\/api.w.org\/{rel}","templated":true}]}}