{"id":42820,"date":"2025-01-21T22:25:51","date_gmt":"2025-01-21T20:25:51","guid":{"rendered":"https:\/\/agrozone.ee\/toode\/peruna-soltastic-h\/"},"modified":"2025-02-08T12:48:20","modified_gmt":"2025-02-08T10:48:20","slug":"peruna-soltastic-h","status":"publish","type":"product","link":"https:\/\/agrozone.ee\/fi\/tuote\/peruna-soltastic-h\/","title":{"rendered":"PERUNA SOLTASTIC H"},"content":{"rendered":"<div class=\"et_pb_module et_pb_wc_description et_pb_wc_description_1_tb_body et_pb_bg_layout_light et_pb_text_align_justified\">\n<div class=\"et_pb_module_inner\">\n<ul>\n<li>Ainutlaatuinen hybridilajike, joka on luotu kasvattamaan maukkaita perunoita pienist\u00e4 siemenist\u00e4.<\/li>\n<li>Ihanteellinen todellisille puutarhanhoidon harrastajille.<\/li>\n<li>Kauniin muotoiset kellert\u00e4v\u00e4t juurekset keltaisella sisuksella.<\/li>\n<li>Perunat ovat soikeita ja keskikokoisia.<\/li>\n<li>Siemenet kylvet\u00e4\u00e4n aikaisin kev\u00e4\u00e4ll\u00e4, it\u00e4neet taimet istutetaan kasvupaikalle toukokuussa y\u00f6pakkasten menty\u00e4.<\/li>\n<li>Perunoita voi kasvattaa kukkaruukuissa, kasvus\u00e4keiss\u00e4, 1 m2:n penkiss\u00e4 tai puutarhassa.<\/li>\n<li>Istuta yksi taimi kerrallaan ja nauti kompaktista kasvista, jonka sato ilahduttaa sinua syyskuussa.<\/li>\n<\/ul>\n<p>10 siement\u00e4 riitt\u00e4\u00e4 2 m\u00b2:n alalle tai 7 kukkaruukkuun.<\/p>\n<\/div><\/div>\n<div class=\"et_pb_module et_pb_wc_additional_info et_pb_wc_additional_info_0_tb_body et_pb_bg_layout_light et_pb_text_align_left\">\n<div class=\"et_pb_module_inner\">\n<table class=\"woocommerce-product-attributes shop_attributes\">\n<tbody>\n<tr class=\"woocommerce-product-attributes-item woocommerce-product-attributes-item--attribute_pa_sejos-laikas-i-siltnami\">\n<th class=\"woocommerce-product-attributes-item__label\">Kylv\u00f6aika kasvihuoneessa:<\/th>\n<td class=\"woocommerce-product-attributes-item__value\">II-V<\/td>\n<\/tr>\n<tr class=\"woocommerce-product-attributes-item woocommerce-product-attributes-item--attribute_pa_atstumai\">\n<th class=\"woocommerce-product-attributes-item__label\">V\u00e4lit, cm<\/th>\n<td class=\"woocommerce-product-attributes-item__value\">V-VI 20X 60 cm<\/td>\n<\/tr>\n<tr class=\"woocommerce-product-attributes-item woocommerce-product-attributes-item--attribute_pa_derlius\">\n<th class=\"woocommerce-product-attributes-item__label\">Sato<\/th>\n<td class=\"woocommerce-product-attributes-item__value\">VIII-IX<\/td>\n<\/tr>\n<\/tbody>\n<\/table><\/div>\n<\/p><\/div>\n","protected":false},"excerpt":{"rendered":"<p>Solanum tuberosum<\/p>\n","protected":false},"featured_media":42701,"template":"","meta":{"_acf_changed":false,"_seopress_robots_primary_cat":"none","_seopress_titles_title":"","_seopress_titles_desc":"","_seopress_robots_index":"","_gspb_post_css":""},"product_brand":[],"product_cat":[2392,2399,2446,2401],"product_tag":[],"class_list":{"0":"post-42820","1":"product","2":"type-product","3":"status-publish","4":"has-post-thumbnail","6":"product_cat-kaikki-luokat","7":"product_cat-siemenet","8":"product_cat-siemenperuna","9":"product_cat-vihanneksien-siemenet","11":"first","12":"instock","13":"taxable","14":"shipping-taxable","15":"purchasable","16":"product-type-simple"},"ct_brands":[],"acf":[],"_links":{"self":[{"href":"https:\/\/agrozone.ee\/fi\/wp-json\/wp\/v2\/product\/42820","targetHints":{"allow":["GET"]}}],"collection":[{"href":"https:\/\/agrozone.ee\/fi\/wp-json\/wp\/v2\/product"}],"about":[{"href":"https:\/\/agrozone.ee\/fi\/wp-json\/wp\/v2\/types\/product"}],"wp:featuredmedia":[{"embeddable":true,"href":"https:\/\/agrozone.ee\/fi\/wp-json\/wp\/v2\/media\/42701"}],"wp:attachment":[{"href":"https:\/\/agrozone.ee\/fi\/wp-json\/wp\/v2\/media?parent=42820"}],"wp:term":[{"taxonomy":"product_brand","embeddable":true,"href":"https:\/\/agrozone.ee\/fi\/wp-json\/wp\/v2\/product_brand?post=42820"},{"taxonomy":"product_cat","embeddable":true,"href":"https:\/\/agrozone.ee\/fi\/wp-json\/wp\/v2\/product_cat?post=42820"},{"taxonomy":"product_tag","embeddable":true,"href":"https:\/\/agrozone.ee\/fi\/wp-json\/wp\/v2\/product_tag?post=42820"}],"curies":[{"name":"wp","href":"https:\/\/api.w.org\/{rel}","templated":true}]}}