{"id":42821,"date":"2025-01-21T21:55:59","date_gmt":"2025-01-21T19:55:59","guid":{"rendered":"https:\/\/agrozone.ee\/toode\/kasvunstimulaattori-2-g\/"},"modified":"2025-05-21T12:01:59","modified_gmt":"2025-05-21T10:01:59","slug":"kasvunstimulaattori-2-g","status":"publish","type":"product","link":"https:\/\/agrozone.ee\/fi\/tuote\/kasvunstimulaattori-2-g\/","title":{"rendered":"KASVUNSTIMULAATTORI 2 G"},"content":{"rendered":"<p data-sourcepos=\"1:1-10:174\">Kasvun stimulaattori<\/p>\n<p data-sourcepos=\"1:1-10:174\">K\u00e4ytt\u00f6tarkoitus: Aktivaattori stimuloi juurtumista, nopeuttaa siirrettyjen taimien juurtumista, lis\u00e4\u00e4 kasvien vastustuskyky\u00e4 ep\u00e4suotuisia ymp\u00e4rist\u00f6tekij\u00f6it\u00e4 vastaan, nopeuttaa kasvien kypsymist\u00e4 ja lis\u00e4\u00e4 satoa.<\/p>\n<p data-sourcepos=\"1:1-10:174\">K\u00e4ytt\u00f6: Kostuta kerrokset, pistokkaat, versot tai taimet vedell\u00e4 ja kasta ne aktivaattorijauheeseen (noin 2 cm) niiden juurruttamiseksi ja aseta ne sitten substraattiin tehtyihin reikiin.<\/p>\n<p data-sourcepos=\"1:1-10:174\">Ennen istutusta liota siemeni\u00e4 ja sipuleita 6-12 tuntia aktivaattoriliuoksessa, joka on valmistettu 2 g \/ litra vett\u00e4.<\/p>\n<p data-sourcepos=\"1:1-10:174\">Kastele taimia ja it\u00e4vi\u00e4 kasveja 7\u201314 p\u00e4iv\u00e4n v\u00e4lein aktivaattoriliuoksella, joka on valmistettu 2 g \/ 10 litraa vett\u00e4.<\/p>\n<p data-sourcepos=\"1:1-10:174\">Koostumus: CaCO3 \u2013 98,1%, MgCO3 \u2013 0,9%, Fe2O3 \u2013 0,08%, Al2O3 \u2013 0,35%, SiO2 \u2013 0,55%, Ca&gt; 38%, HCl &lt;1%, pH \u2013 9,4.<\/p>\n<p data-sourcepos=\"1:1-10:174\">Suojaa tuotetta kosteudelta ja auringonvalolta. Pese k\u00e4det huolellisesti saippualla ja vedell\u00e4 k\u00e4yt\u00f6n j\u00e4lkeen. <\/p>\n<p data-sourcepos=\"1:1-10:174\">S\u00e4ilyt\u00e4 l\u00e4mp\u00f6tilassa +5 &#8211; +30 \u00b0C.<\/p>\n<p data-sourcepos=\"1:1-10:174\">Valmistaja: Penergetic International AG, Sveitsi.<\/p>\n<p data-sourcepos=\"1:1-10:174\">Fysikaalisten muutosten yhteydess\u00e4 tuotteen ainesosien ravintoarvot eiv\u00e4t muutu. S\u00e4ilyt\u00e4 tuotetta kuivana ja suojattuna suoralta auringonvalolta, ja sen k\u00e4ytt\u00f6ik\u00e4 on rajoittamaton. <\/p>\n","protected":false},"excerpt":{"rendered":"<p>Yleinen stimulaattori<\/p>\n","protected":false},"featured_media":42664,"template":"","meta":{"_acf_changed":false,"_seopress_robots_primary_cat":"none","_seopress_titles_title":"","_seopress_titles_desc":"","_seopress_robots_index":"","_gspb_post_css":""},"product_brand":[],"product_cat":[2467,2392,2461,2438,2447],"product_tag":[],"class_list":{"0":"post-42821","1":"product","2":"type-product","3":"status-publish","4":"has-post-thumbnail","6":"product_cat-huonekasvien-lannoitteet","7":"product_cat-kaikki-luokat","8":"product_cat-kasteluun-sekoitettava-lannoite","9":"product_cat-lannoitteet","10":"product_cat-tarvikkeet","12":"first","13":"outofstock","14":"taxable","15":"shipping-taxable","16":"purchasable","17":"product-type-simple"},"ct_brands":[],"acf":[],"_links":{"self":[{"href":"https:\/\/agrozone.ee\/fi\/wp-json\/wp\/v2\/product\/42821","targetHints":{"allow":["GET"]}}],"collection":[{"href":"https:\/\/agrozone.ee\/fi\/wp-json\/wp\/v2\/product"}],"about":[{"href":"https:\/\/agrozone.ee\/fi\/wp-json\/wp\/v2\/types\/product"}],"wp:featuredmedia":[{"embeddable":true,"href":"https:\/\/agrozone.ee\/fi\/wp-json\/wp\/v2\/media\/42664"}],"wp:attachment":[{"href":"https:\/\/agrozone.ee\/fi\/wp-json\/wp\/v2\/media?parent=42821"}],"wp:term":[{"taxonomy":"product_brand","embeddable":true,"href":"https:\/\/agrozone.ee\/fi\/wp-json\/wp\/v2\/product_brand?post=42821"},{"taxonomy":"product_cat","embeddable":true,"href":"https:\/\/agrozone.ee\/fi\/wp-json\/wp\/v2\/product_cat?post=42821"},{"taxonomy":"product_tag","embeddable":true,"href":"https:\/\/agrozone.ee\/fi\/wp-json\/wp\/v2\/product_tag?post=42821"}],"curies":[{"name":"wp","href":"https:\/\/api.w.org\/{rel}","templated":true}]}}