{"id":4302,"date":"2024-06-09T16:00:05","date_gmt":"2024-06-09T13:00:05","guid":{"rendered":"https:\/\/agrozone.ee\/?post_type=product&#038;p=4302"},"modified":"2026-01-16T12:31:12","modified_gmt":"2026-01-16T10:31:12","slug":"tekstiilmults-1-06x100m-106m%c2%b2","status":"publish","type":"product","link":"https:\/\/agrozone.ee\/fi\/tuote\/tekstiilmults-1-06x100m-106m%c2%b2\/","title":{"rendered":"Tekstiilmult\u0161 1.06x100m, 106m\u00b2"},"content":{"rendered":"<p><strong>Tekstiilmult\u0161 1.06x100m, 106m\u00b2<\/strong><\/p>\n<ul>\n<li>Tekstiilmult\u0161 on spetsiaalselt v\u00e4ljat\u00f6\u00f6tatud kerge pinnakattematerjal, kasutamiseks aianduses ja haljastuses.<\/li>\n<li>Mustakiuline pol\u00fcprop\u00fcleenmaterjal on vastupidav ultraviolettkiirguse ja mullas leiduvatele \u00fchendite suhtes.<\/li>\n<li>Kangas takistab umbrohu kasvu ja kiirendab ka noorte taimede juurdumist, kuna hoiab pinnase niiske ja sooja.<\/li>\n<li>Tekstiilmult\u0161i v\u00f5ib kasutada ka erinevate pinnasekihtide eraldamiseks, n\u00e4iteks drenaa\u017ei ja substraadi vahel lillepeenras.<\/li>\n<li>Tekstiilmult\u0161iga kaetud istutusalal s\u00e4ilib muld kohevamana kui peenravaiba v\u00f5i geotekstiiliga kaetud peenras.<\/li>\n<li>Tekstiilmult\u0161i kare pind takistab tigude ja n\u00e4lkjate tegutsemist taimede vahel.<\/li>\n<li>Olenevalt kasutuskohast peab vastu 5-6 aastat.<\/li>\n<\/ul>\n<h3>Kasutusjuhend<\/h3>\n<ul>\n<li>Kangas laotatakse ettevalmistatud pinnasele ja l\u00f5igatakse terava noaga istutusaugud, servad kinnitatakse kas mulla v\u00f5i spetsiaalsete kinnitusharkidega.<\/li>\n<li>Haljastuses v\u00f5ib taimede \u00fcmbruse katta koorepuru v\u00f5i dekoratiivkillustikuga.<\/li>\n<\/ul>\n","protected":false},"excerpt":{"rendered":"<ul>\n<li>Tekstiilmult\u0161 on spetsiaalselt v\u00e4ljat\u00f6\u00f6tatud kerge pinnakattematerjal, kasutamiseks aianduses ja haljastuses.<\/li>\n<li>Mustakiuline pol\u00fcprop\u00fcleenmaterjal on vastupidav ultraviolettkiirguse ja mullas leiduvatele \u00fchendite suhtes.<\/li>\n<li>Kangas takistab umbrohu kasvu ja kiirendab ka noorte taimede juurdumist, kuna hoiab pinnase niiske ja sooja.<\/li>\n<li>Tekstiilmult\u0161i v\u00f5ib kasutada ka erinevate pinnasekihtide eraldamiseks, n\u00e4iteks drenaa\u017ei ja substraadi vahel lillepeenras.<\/li>\n<li>Tekstiilmult\u0161iga kaetud istutusalal s\u00e4ilib muld kohevamana kui peenravaiba v\u00f5i geotekstiiliga kaetud peenras.<\/li>\n<li>Tekstiilmult\u0161i kare pind takistab tigude ja n\u00e4lkjate tegutsemist taimede vahel.<\/li>\n<li>Olenevalt kasutuskohast peab vastu 5-6 aastat.<\/li>\n<\/ul>\n","protected":false},"featured_media":4350,"template":"","meta":{"_acf_changed":false,"_seopress_robots_primary_cat":"none","_seopress_titles_title":"","_seopress_titles_desc":"Tekstiilmult\u0161 on spetsiaalselt v\u00e4ljat\u00f6\u00f6tatud kerge pinnakattematerjal, kasutamiseks aianduses ja haljastuses. Olenevalt kasutuskohast peab vastu 5-6 aastat.","_seopress_robots_index":"","_gspb_post_css":""},"product_brand":[2630],"product_cat":[15,174,175],"product_tag":[],"class_list":{"0":"post-4302","1":"product","2":"type-product","3":"status-publish","4":"has-post-thumbnail","6":"product_brand-marma-polskie-folie-sp-z-o-o","7":"product_cat-koik-kategooriad","8":"product_cat-taime-ja-pinnasekatted","9":"product_cat-tekstiilmults","10":"product_shipping_class-ei-mahu-automaati","12":"first","13":"instock","14":"taxable","15":"shipping-taxable","16":"purchasable","17":"product-type-simple"},"ct_brands":[{"id":2630,"name":"MARMA Polskie Folie Sp. z o.o","slug":"marma-polskie-folie-sp-z-o-o"}],"acf":[],"_links":{"self":[{"href":"https:\/\/agrozone.ee\/fi\/wp-json\/wp\/v2\/product\/4302","targetHints":{"allow":["GET"]}}],"collection":[{"href":"https:\/\/agrozone.ee\/fi\/wp-json\/wp\/v2\/product"}],"about":[{"href":"https:\/\/agrozone.ee\/fi\/wp-json\/wp\/v2\/types\/product"}],"wp:featuredmedia":[{"embeddable":true,"href":"https:\/\/agrozone.ee\/fi\/wp-json\/wp\/v2\/media\/4350"}],"wp:attachment":[{"href":"https:\/\/agrozone.ee\/fi\/wp-json\/wp\/v2\/media?parent=4302"}],"wp:term":[{"taxonomy":"product_brand","embeddable":true,"href":"https:\/\/agrozone.ee\/fi\/wp-json\/wp\/v2\/product_brand?post=4302"},{"taxonomy":"product_cat","embeddable":true,"href":"https:\/\/agrozone.ee\/fi\/wp-json\/wp\/v2\/product_cat?post=4302"},{"taxonomy":"product_tag","embeddable":true,"href":"https:\/\/agrozone.ee\/fi\/wp-json\/wp\/v2\/product_tag?post=4302"}],"curies":[{"name":"wp","href":"https:\/\/api.w.org\/{rel}","templated":true}]}}