{"id":4352,"date":"2024-06-09T16:00:47","date_gmt":"2024-06-09T13:00:47","guid":{"rendered":"https:\/\/agrozone.ee\/?post_type=product&#038;p=4352"},"modified":"2026-03-16T08:31:47","modified_gmt":"2026-03-16T06:31:47","slug":"varjutus-ja-tuuletokkekangas-15x10m-15m%c2%b2-60","status":"publish","type":"product","link":"https:\/\/agrozone.ee\/fi\/tuote\/varjutus-ja-tuuletokkekangas-15x10m-15m%c2%b2-60\/","title":{"rendered":"Varjutus- ja tuulet\u00f5kkekangas 1,5\u00d710m, 15m\u00b2, 60%"},"content":{"rendered":"<p>Varjutus- ja tuulet\u00f5kkekangast kasutatakse igihaljaste taimede (n\u00e4iteks pukspuude, ebak\u00fcpresside, elupuude, rododendronite, kanada kuuse \u2019Conica\u2019, kiviktaimla igihaljaste taimede jne) varakevadise p\u00e4ikesep\u00f5letuse kaitseks ja okaspuude istutusj\u00e4rgseks varjutamiseks.<\/p>\n<p>&nbsp;<\/p>\n<h3>Kasutusjuhend<\/h3>\n<p>Varjutamine aitab v\u00e4hendada vee aurumist igihaljastest lehtedest ja okastest, see kaitseb taimi varakevadise ereda p\u00e4ikese ning \u00f5rnemaid taimi ka tugeva j\u00e4ise tuule eest. Istutusj\u00e4rgsel varjutamisel juurdub taim paremini ning okaste kuivamise oht on v\u00e4iksem. Varjutuskangas on ultraviolettkiirgusekindel ning 60% varjutusv\u00f5imega. Kasutusaeg 8-10 aastat. Tugev kootud materjal kannatab ka tugevamaid tormituuli.<\/p>\n","protected":false},"excerpt":{"rendered":"<p>Varjutus- ja tuulet\u00f5kkekangast kasutatakse igihaljaste taimede (n\u00e4iteks pukspuude, ebak\u00fcpresside, elupuude, rododendronite, kanada kuuse \u2019Conica\u2019, kiviktaimla igihaljaste taimede jne) varakevadise p\u00e4ikesep\u00f5letuse kaitseks ja okaspuude istutusj\u00e4rgseks varjutamiseks.<\/p>\n","protected":false},"featured_media":4394,"template":"","meta":{"_acf_changed":false,"_seopress_robots_primary_cat":"","_seopress_titles_title":"","_seopress_titles_desc":"","_seopress_robots_index":"","_gspb_post_css":""},"product_brand":[],"product_cat":[15,174,186],"product_tag":[],"class_list":{"0":"post-4352","1":"product","2":"type-product","3":"status-publish","4":"has-post-thumbnail","6":"product_cat-koik-kategooriad","7":"product_cat-taime-ja-pinnasekatted","8":"product_cat-varjutuskangas","10":"first","11":"outofstock","12":"taxable","13":"shipping-taxable","14":"purchasable","15":"product-type-simple"},"ct_brands":[],"acf":[],"_links":{"self":[{"href":"https:\/\/agrozone.ee\/fi\/wp-json\/wp\/v2\/product\/4352","targetHints":{"allow":["GET"]}}],"collection":[{"href":"https:\/\/agrozone.ee\/fi\/wp-json\/wp\/v2\/product"}],"about":[{"href":"https:\/\/agrozone.ee\/fi\/wp-json\/wp\/v2\/types\/product"}],"wp:featuredmedia":[{"embeddable":true,"href":"https:\/\/agrozone.ee\/fi\/wp-json\/wp\/v2\/media\/4394"}],"wp:attachment":[{"href":"https:\/\/agrozone.ee\/fi\/wp-json\/wp\/v2\/media?parent=4352"}],"wp:term":[{"taxonomy":"product_brand","embeddable":true,"href":"https:\/\/agrozone.ee\/fi\/wp-json\/wp\/v2\/product_brand?post=4352"},{"taxonomy":"product_cat","embeddable":true,"href":"https:\/\/agrozone.ee\/fi\/wp-json\/wp\/v2\/product_cat?post=4352"},{"taxonomy":"product_tag","embeddable":true,"href":"https:\/\/agrozone.ee\/fi\/wp-json\/wp\/v2\/product_tag?post=4352"}],"curies":[{"name":"wp","href":"https:\/\/api.w.org\/{rel}","templated":true}]}}