{"id":4379,"date":"2024-06-09T16:01:09","date_gmt":"2024-06-09T13:01:09","guid":{"rendered":"https:\/\/agrozone.ee\/?post_type=product&#038;p=4379"},"modified":"2025-07-31T13:52:54","modified_gmt":"2025-07-31T11:52:54","slug":"talveloor-16x10m-16m%c2%b2-50g-m%c2%b2","status":"publish","type":"product","link":"https:\/\/agrozone.ee\/fi\/tuote\/talveloor-16x10m-16m%c2%b2-50g-m%c2%b2\/","title":{"rendered":"Talveloor 1,6\u00d710m, 16m\u00b2, 50g\/m\u00b2"},"content":{"rendered":"<p>Talveloor kaitseb k\u00fclmakartlikke p\u00f5\u00f5said, dekoratiiv- ja okaspuid, roosip\u00f5\u00f5said, rododendroneid, p\u00fcsililli, ronitaimi ja maitsetaimi talvel k\u00fclma- ja kevadel p\u00e4ikesekahjustuse eest.<\/p>\n<p>&nbsp;<\/p>\n<h3>Kasutusjuhend<\/h3>\n<p>Kate asetatakse taimedele p\u00fcsik\u00fclmade saabumisel ja eemaldatakse p\u00e4rast mullapinna sulamist. \u00d5rnade taimede puhul on vajalik toestus. Kangas laseb l\u00e4bi \u00f5hku ja kaitseb taimi haiguste eest. P\u00e4rast taimedelt eemaldamist kangas kuivatada ja s\u00e4ilitada j\u00e4rgmise talveni.<\/p>\n","protected":false},"excerpt":{"rendered":"<p>Talveloor kaitseb k\u00fclmakartlikke p\u00f5\u00f5said, dekoratiiv- ja okaspuid, roosip\u00f5\u00f5said, rododendroneid, p\u00fcsililli, ronitaimi ja maitsetaimi talvel k\u00fclma- ja kevadel p\u00e4ikesekahjustuse eest.<\/p>\n","protected":false},"featured_media":4416,"template":"","meta":{"_acf_changed":false,"_seopress_robots_primary_cat":"","_seopress_titles_title":"","_seopress_titles_desc":"","_seopress_robots_index":"","_gspb_post_css":""},"product_brand":[],"product_cat":[15,174,193],"product_tag":[],"class_list":{"0":"post-4379","1":"product","2":"type-product","3":"status-publish","4":"has-post-thumbnail","6":"product_cat-koik-kategooriad","7":"product_cat-taime-ja-pinnasekatted","8":"product_cat-talvekatted","10":"first","11":"instock","12":"taxable","13":"shipping-taxable","14":"purchasable","15":"product-type-simple"},"ct_brands":[],"acf":[],"_links":{"self":[{"href":"https:\/\/agrozone.ee\/fi\/wp-json\/wp\/v2\/product\/4379","targetHints":{"allow":["GET"]}}],"collection":[{"href":"https:\/\/agrozone.ee\/fi\/wp-json\/wp\/v2\/product"}],"about":[{"href":"https:\/\/agrozone.ee\/fi\/wp-json\/wp\/v2\/types\/product"}],"wp:featuredmedia":[{"embeddable":true,"href":"https:\/\/agrozone.ee\/fi\/wp-json\/wp\/v2\/media\/4416"}],"wp:attachment":[{"href":"https:\/\/agrozone.ee\/fi\/wp-json\/wp\/v2\/media?parent=4379"}],"wp:term":[{"taxonomy":"product_brand","embeddable":true,"href":"https:\/\/agrozone.ee\/fi\/wp-json\/wp\/v2\/product_brand?post=4379"},{"taxonomy":"product_cat","embeddable":true,"href":"https:\/\/agrozone.ee\/fi\/wp-json\/wp\/v2\/product_cat?post=4379"},{"taxonomy":"product_tag","embeddable":true,"href":"https:\/\/agrozone.ee\/fi\/wp-json\/wp\/v2\/product_tag?post=4379"}],"curies":[{"name":"wp","href":"https:\/\/api.w.org\/{rel}","templated":true}]}}