{"id":4382,"date":"2024-06-09T16:01:09","date_gmt":"2024-06-09T13:01:09","guid":{"rendered":"https:\/\/agrozone.ee\/?post_type=product&#038;p=4382"},"modified":"2026-01-16T12:26:54","modified_gmt":"2026-01-16T10:26:54","slug":"peenravaip-105x100m-105m%c2%b2","status":"publish","type":"product","link":"https:\/\/agrozone.ee\/fi\/tuote\/peenravaip-105x100m-105m%c2%b2\/","title":{"rendered":"Peenravaip 1,05x100m, 105m\u00b2"},"content":{"rendered":"<p><strong>Peenravaip 1,05x100m<\/strong><\/p>\n<ul>\n<li>Peenravaip on koduaias ja haljastuses kasutatav pol\u00fcprop\u00fcleenist pinnakattematerjal.<\/li>\n<li>See on vett ja \u00f5hku l\u00e4bilaskev, tugev ja vastupidav tallamisele.<\/li>\n<li>Peenravaip takistab umbrohtude arengut ja hoiab pinnase niiskena ning v\u00e4hendab selle erosiooni.<\/li>\n<li>On vastupidav ultraviolettkiirguse suhtes.<\/li>\n<li>Peenravaip sobib kasutamiseks maasika- ja muudes istandustes, p\u00fcsilillepeenras, puude- ja p\u00f5\u00f5saste all umbrohu kasvu takistamiseks, teede rajamisel pinnase kihtide eraldamiseks, puukoolis taimepottide alla jne.<\/li>\n<\/ul>\n<p>&nbsp;<\/p>\n<h3>Kasutusjuhend<\/h3>\n<ul>\n<li>Peenravaip laotatakse ettevalmistatud pinnasele, servad kinnitatakse ning terava noa abil l\u00f5igatakse X-kujulised istutus- v\u00f5i k\u00fclviaugud.<\/li>\n<li>Ilutaimede istutamisel v\u00f5ib peenravaiba katta killustiku, puukoore vms mult\u0161iga.<\/li>\n<li>Peab vastu kuni 10 aastat.<\/li>\n<\/ul>\n","protected":false},"excerpt":{"rendered":"<ul>\n<li>Peenravaip on koduaias ja haljastuses kasutatav pol\u00fcprop\u00fcleenist pinnakattematerjal.<\/li>\n<li>See on vett ja \u00f5hku l\u00e4bilaskev, tugev ja vastupidav tallamisele.<\/li>\n<li>Peenravaip takistab umbrohtude arengut ja hoiab pinnase niiskena ning v\u00e4hendab selle erosiooni.<\/li>\n<li>On vastupidav ultraviolettkiirguse suhtes.<\/li>\n<li>Peenravaip sobib kasutamiseks maasika- ja muudes istandustes, p\u00fcsilillepeenras, puude- ja p\u00f5\u00f5saste all umbrohu kasvu takistamiseks, teede rajamisel pinnase kihtide eraldamiseks, puukoolis taimepottide alla jne.<\/li>\n<\/ul>\n","protected":false},"featured_media":4419,"template":"","meta":{"_acf_changed":false,"_seopress_robots_primary_cat":"none","_seopress_titles_title":"","_seopress_titles_desc":"Peenravaip on koduaias ja haljastuses kasutatav pol\u00fcprop\u00fcleenist pinnakattematerjal. See on vett ja \u00f5hku l\u00e4bilaskev, tugev ja vastupidav tallamisele.","_seopress_robots_index":"","_gspb_post_css":""},"product_brand":[],"product_cat":[15,201,174],"product_tag":[],"class_list":{"0":"post-4382","1":"product","2":"type-product","3":"status-publish","4":"has-post-thumbnail","6":"product_cat-koik-kategooriad","7":"product_cat-peenravaip","8":"product_cat-taime-ja-pinnasekatted","9":"product_shipping_class-ei-mahu-automaati","11":"first","12":"instock","13":"taxable","14":"shipping-taxable","15":"purchasable","16":"product-type-simple"},"ct_brands":[],"acf":[],"_links":{"self":[{"href":"https:\/\/agrozone.ee\/fi\/wp-json\/wp\/v2\/product\/4382","targetHints":{"allow":["GET"]}}],"collection":[{"href":"https:\/\/agrozone.ee\/fi\/wp-json\/wp\/v2\/product"}],"about":[{"href":"https:\/\/agrozone.ee\/fi\/wp-json\/wp\/v2\/types\/product"}],"wp:featuredmedia":[{"embeddable":true,"href":"https:\/\/agrozone.ee\/fi\/wp-json\/wp\/v2\/media\/4419"}],"wp:attachment":[{"href":"https:\/\/agrozone.ee\/fi\/wp-json\/wp\/v2\/media?parent=4382"}],"wp:term":[{"taxonomy":"product_brand","embeddable":true,"href":"https:\/\/agrozone.ee\/fi\/wp-json\/wp\/v2\/product_brand?post=4382"},{"taxonomy":"product_cat","embeddable":true,"href":"https:\/\/agrozone.ee\/fi\/wp-json\/wp\/v2\/product_cat?post=4382"},{"taxonomy":"product_tag","embeddable":true,"href":"https:\/\/agrozone.ee\/fi\/wp-json\/wp\/v2\/product_tag?post=4382"}],"curies":[{"name":"wp","href":"https:\/\/api.w.org\/{rel}","templated":true}]}}