{"id":44258,"date":"2024-07-05T09:24:47","date_gmt":"2024-07-05T07:24:47","guid":{"rendered":"https:\/\/agrozone.ee\/toode\/lintujen-kasvatuspakkaus\/"},"modified":"2025-07-01T00:00:03","modified_gmt":"2025-06-30T22:00:03","slug":"lintujen-kasvatuspakkaus","status":"publish","type":"product","link":"https:\/\/agrozone.ee\/fi\/tuote\/lintujen-kasvatuspakkaus\/","title":{"rendered":"LINTUJEN KASVATUSPAKKAUS"},"content":{"rendered":"<p>LINTUJEN JALOSTUSPAKKAUS &#8211; Phleum pratense L. &#8211; Field timut<\/p>\n<ul>\n<li>Ilahduta lintuja tuoreilla ja maukkailla lehdill\u00e4!<\/li>\n<li>Pakkaus on valmistettu siten, ett\u00e4 kasveja voidaan kasvattaa ymp\u00e4ri vuoden ja ruokkia lehti\u00e4 lintuihin.<\/li>\n<li>Voit n\u00e4hd\u00e4, ett\u00e4 viljely voi olla helppoa ja hauskaa!<\/li>\n<li>Vihre\u00e4t ja pehme\u00e4t lehdet soveltuvat papukaijojen ja muiden lintujen ruokintaan.<\/li>\n<li>T\u00e4m\u00e4 setti on loistava lahja lapsille, jotka haluavat paitsi huolehtia kasveista my\u00f6s ruokkia lintuja itse kasvatetulla ruoalla.<\/li>\n<\/ul>\n<p><strong>Pakkaus sis\u00e4lt\u00e4\u00e4:<\/strong> uudelleenk\u00e4ytett\u00e4v\u00e4n ruukun kierr\u00e4tetty\u00e4 kierr\u00e4tysmuovia 10,8&#215;10,9cm, 2 kookoskuplatablettia, tarroja ja pakkauksen siemeni\u00e4 (timutiinirehuruoho 1g).<\/p>\n<p>Siementen lukum\u00e4\u00e4r\u00e4 grammaa kohti ~2500<br \/>\nSaanto I-XII<\/p>\n","protected":false},"excerpt":{"rendered":"<ul>\n<li>Ilahduta lintuja tuoreilla ja maukkailla lehdill\u00e4!<\/li>\n<li>Pakkaus on valmistettu siten, ett\u00e4 kasveja voidaan kasvattaa ymp\u00e4ri vuoden ja ruokkia lehti\u00e4 lintuihin.<\/li>\n<li>Voit n\u00e4hd\u00e4, ett\u00e4 viljely voi olla helppoa ja hauskaa!<\/li>\n<li>Vihre\u00e4t ja pehme\u00e4t lehdet soveltuvat papukaijojen ja muiden lintujen ruokintaan.<\/li>\n<\/ul>\n","protected":false},"featured_media":44265,"template":"","meta":{"_acf_changed":false,"_seopress_robots_primary_cat":"none","_seopress_titles_title":"","_seopress_titles_desc":"","_seopress_robots_index":"","_gspb_post_css":""},"product_brand":[],"product_cat":[2392,2400,2399],"product_tag":[],"class_list":{"0":"post-44258","1":"product","2":"type-product","3":"status-publish","4":"has-post-thumbnail","6":"product_cat-kaikki-luokat","7":"product_cat-kasvatuspakkaukset","8":"product_cat-siemenet","10":"first","11":"instock","12":"taxable","13":"shipping-taxable","14":"purchasable","15":"product-type-simple"},"ct_brands":[],"acf":[],"_links":{"self":[{"href":"https:\/\/agrozone.ee\/fi\/wp-json\/wp\/v2\/product\/44258","targetHints":{"allow":["GET"]}}],"collection":[{"href":"https:\/\/agrozone.ee\/fi\/wp-json\/wp\/v2\/product"}],"about":[{"href":"https:\/\/agrozone.ee\/fi\/wp-json\/wp\/v2\/types\/product"}],"wp:featuredmedia":[{"embeddable":true,"href":"https:\/\/agrozone.ee\/fi\/wp-json\/wp\/v2\/media\/44265"}],"wp:attachment":[{"href":"https:\/\/agrozone.ee\/fi\/wp-json\/wp\/v2\/media?parent=44258"}],"wp:term":[{"taxonomy":"product_brand","embeddable":true,"href":"https:\/\/agrozone.ee\/fi\/wp-json\/wp\/v2\/product_brand?post=44258"},{"taxonomy":"product_cat","embeddable":true,"href":"https:\/\/agrozone.ee\/fi\/wp-json\/wp\/v2\/product_cat?post=44258"},{"taxonomy":"product_tag","embeddable":true,"href":"https:\/\/agrozone.ee\/fi\/wp-json\/wp\/v2\/product_tag?post=44258"}],"curies":[{"name":"wp","href":"https:\/\/api.w.org\/{rel}","templated":true}]}}