{"id":44259,"date":"2024-07-05T09:27:36","date_gmt":"2024-07-05T07:27:36","guid":{"rendered":"https:\/\/agrozone.ee\/toode\/kasvatuspakkaus-perhosille\/"},"modified":"2025-07-01T00:00:03","modified_gmt":"2025-06-30T22:00:03","slug":"kasvatuspakkaus-perhosille","status":"publish","type":"product","link":"https:\/\/agrozone.ee\/fi\/tuote\/kasvatuspakkaus-perhosille\/","title":{"rendered":"KASVATUSPAKKAUS PERHOSILLE"},"content":{"rendered":"<p>KASVATUSPAKKAUS PERHOSILLE<\/p>\n<ul>\n<li>Ihanteellisen kukkaviljelysarjan avulla voit l\u00f6yt\u00e4\u00e4 ja rakastua kukkien maailmaan.<\/li>\n<li>T\u00e4m\u00e4 on loistava tilaisuus oppia kasvattamaan kukkia ja saada mielenkiintoisia asioita kasveista.<\/li>\n<li>Kun kukat kukkivat, voit my\u00f6s nauttia perhosista, joita ne houkuttelevat!<\/li>\n<li>T\u00e4m\u00e4 setti on loistava lahja lapsille, jotka haluavat oppia luonnon salaisuuksia ja kokea kukkaviljelyn todellisen ilon.<\/li>\n<\/ul>\n<p><strong>Setti sis\u00e4lt\u00e4\u00e4:<\/strong> uudelleenk\u00e4ytett\u00e4v\u00e4n kierr\u00e4tett\u00e4v\u00e4n kierr\u00e4tysmuoviruukun 10,8&#215;10,9cm, 2 kookoskuplatablettia, tarroja ja siemenpakkauksen (kukansiemenseos 1g).<\/p>\n<p>Siementen m\u00e4\u00e4r\u00e4 grammaa kohti ~300<\/p>\n","protected":false},"excerpt":{"rendered":"<ul>\n<li>Ihanteellisen kukkaviljelysarjan avulla voit l\u00f6yt\u00e4\u00e4 ja rakastua kukkien maailmaan.<\/li>\n<li>T\u00e4m\u00e4 on loistava tilaisuus oppia kasvattamaan kukkia ja saada mielenkiintoisia asioita kasveista.<\/li>\n<li>Kun kukat kukkivat, voit my\u00f6s nauttia perhosista, joita ne houkuttelevat!<\/li>\n<\/ul>\n","protected":false},"featured_media":44266,"template":"","meta":{"_acf_changed":false,"_seopress_robots_primary_cat":"none","_seopress_titles_title":"","_seopress_titles_desc":"","_seopress_robots_index":"","_gspb_post_css":""},"product_brand":[],"product_cat":[2392,2400,2399],"product_tag":[],"class_list":{"0":"post-44259","1":"product","2":"type-product","3":"status-publish","4":"has-post-thumbnail","6":"product_cat-kaikki-luokat","7":"product_cat-kasvatuspakkaukset","8":"product_cat-siemenet","10":"first","11":"instock","12":"taxable","13":"shipping-taxable","14":"purchasable","15":"product-type-simple"},"ct_brands":[],"acf":[],"_links":{"self":[{"href":"https:\/\/agrozone.ee\/fi\/wp-json\/wp\/v2\/product\/44259","targetHints":{"allow":["GET"]}}],"collection":[{"href":"https:\/\/agrozone.ee\/fi\/wp-json\/wp\/v2\/product"}],"about":[{"href":"https:\/\/agrozone.ee\/fi\/wp-json\/wp\/v2\/types\/product"}],"wp:featuredmedia":[{"embeddable":true,"href":"https:\/\/agrozone.ee\/fi\/wp-json\/wp\/v2\/media\/44266"}],"wp:attachment":[{"href":"https:\/\/agrozone.ee\/fi\/wp-json\/wp\/v2\/media?parent=44259"}],"wp:term":[{"taxonomy":"product_brand","embeddable":true,"href":"https:\/\/agrozone.ee\/fi\/wp-json\/wp\/v2\/product_brand?post=44259"},{"taxonomy":"product_cat","embeddable":true,"href":"https:\/\/agrozone.ee\/fi\/wp-json\/wp\/v2\/product_cat?post=44259"},{"taxonomy":"product_tag","embeddable":true,"href":"https:\/\/agrozone.ee\/fi\/wp-json\/wp\/v2\/product_tag?post=44259"}],"curies":[{"name":"wp","href":"https:\/\/api.w.org\/{rel}","templated":true}]}}