{"id":44260,"date":"2024-07-05T09:31:30","date_gmt":"2024-07-05T07:31:30","guid":{"rendered":"https:\/\/agrozone.ee\/toode\/viljelypakkaus-basil-italiano-classico-kerma\/"},"modified":"2025-07-01T00:00:02","modified_gmt":"2025-06-30T22:00:02","slug":"viljelypakkaus-basil-italiano-classico-kerma","status":"publish","type":"product","link":"https:\/\/agrozone.ee\/fi\/tuote\/viljelypakkaus-basil-italiano-classico-kerma\/","title":{"rendered":"VILJELYPAKKAUS BASIL ITALIANO CLASSICO KERMA"},"content":{"rendered":"<p>JALOSTUSPAKKAUS BASIL ITALIANO CLASSICO KERMA &#8211; Ocimum basilicum L.<\/p>\n<ul>\n<li>Ruukkukasvatussarjan avulla voit nauttia tuoreesta basilikasta ymp\u00e4ri vuoden.<\/li>\n<li>Tuoksuvalla basilikalla &#8216;Italiano Classico&#8217; on suuret tuoksuvat lehdet ja se kasvaa jopa 30-40 cm korkeaksi.<\/li>\n<li>Elintarvikkeisiin k\u00e4ytet\u00e4\u00e4n tuoreita ja kuivattuja lehti\u00e4 tai lehtien ja kukkien seosta.<\/li>\n<\/ul>\n<p><strong>Setti sis\u00e4lt\u00e4\u00e4:<\/strong> uudelleenk\u00e4ytett\u00e4v\u00e4n kierr\u00e4tett\u00e4v\u00e4n kierr\u00e4tysmuoviruukun, 2 kookosturvetablettia ja siemenpakkauksen.<\/p>\n<p>Siementen lukum\u00e4\u00e4r\u00e4 grammaa kohti ~600-700<br \/>\nTaimien kylv\u00f6aika III-IV, 1 \u0441m.<br \/>\nSaalis I\u2013XII<\/p>\n","protected":false},"excerpt":{"rendered":"<ul>\n<li>Oti-viljelypakkauksen avulla voit nauttia tuoreesta basilikasta ymp\u00e4ri vuoden.<\/li>\n<li>Tuoksuvalla basilikalla &#8216;Italiano Classico&#8217; on suuret tuoksuvat lehdet ja se kasvaa jopa 30-40 cm korkeaksi.<\/li>\n<li>Elintarvikkeisiin k\u00e4ytet\u00e4\u00e4n tuoreita ja kuivattuja lehti\u00e4 tai lehtien ja kukkien seosta.<\/li>\n<\/ul>\n","protected":false},"featured_media":44267,"template":"","meta":{"_acf_changed":false,"_seopress_robots_primary_cat":"none","_seopress_titles_title":"","_seopress_titles_desc":"","_seopress_robots_index":"","_gspb_post_css":""},"product_brand":[],"product_cat":[2405,2392,2400,2399,2401],"product_tag":[],"class_list":{"0":"post-44260","1":"product","2":"type-product","3":"status-publish","4":"has-post-thumbnail","6":"product_cat-basilika","7":"product_cat-kaikki-luokat","8":"product_cat-kasvatuspakkaukset","9":"product_cat-siemenet","10":"product_cat-vihanneksien-siemenet","12":"first","13":"instock","14":"taxable","15":"shipping-taxable","16":"purchasable","17":"product-type-simple"},"ct_brands":[],"acf":[],"_links":{"self":[{"href":"https:\/\/agrozone.ee\/fi\/wp-json\/wp\/v2\/product\/44260","targetHints":{"allow":["GET"]}}],"collection":[{"href":"https:\/\/agrozone.ee\/fi\/wp-json\/wp\/v2\/product"}],"about":[{"href":"https:\/\/agrozone.ee\/fi\/wp-json\/wp\/v2\/types\/product"}],"wp:featuredmedia":[{"embeddable":true,"href":"https:\/\/agrozone.ee\/fi\/wp-json\/wp\/v2\/media\/44267"}],"wp:attachment":[{"href":"https:\/\/agrozone.ee\/fi\/wp-json\/wp\/v2\/media?parent=44260"}],"wp:term":[{"taxonomy":"product_brand","embeddable":true,"href":"https:\/\/agrozone.ee\/fi\/wp-json\/wp\/v2\/product_brand?post=44260"},{"taxonomy":"product_cat","embeddable":true,"href":"https:\/\/agrozone.ee\/fi\/wp-json\/wp\/v2\/product_cat?post=44260"},{"taxonomy":"product_tag","embeddable":true,"href":"https:\/\/agrozone.ee\/fi\/wp-json\/wp\/v2\/product_tag?post=44260"}],"curies":[{"name":"wp","href":"https:\/\/api.w.org\/{rel}","templated":true}]}}