{"id":44261,"date":"2024-07-05T09:54:28","date_gmt":"2024-07-05T07:54:28","guid":{"rendered":"https:\/\/agrozone.ee\/toode\/kasvatussarja-tomaatti-tiny-tim-kerma\/"},"modified":"2025-07-01T00:00:02","modified_gmt":"2025-06-30T22:00:02","slug":"kasvatussarja-tomaatti-tiny-tim-kerma","status":"publish","type":"product","link":"https:\/\/agrozone.ee\/fi\/tuote\/kasvatussarja-tomaatti-tiny-tim-kerma\/","title":{"rendered":"KASVATUSSARJA TOMAATTI TINY TIM KERMA"},"content":{"rendered":"<p>KASVATUSSARJA TOMAATTI TINY TIM KERMA &#8211; Solanum lycopersicum L.<\/p>\n<ul>\n<li>Ruukkukasvatussarja tarjoaa mahdollisuuden nauttia tuoreista tomaateista.<\/li>\n<li>Tomaatit &#8220;Tiny Tim&#8221; ovat kompakteja, v\u00e4h\u00e4n kasvavia kasveja, joita voidaan kasvattaa potissa ymp\u00e4ri vuoden.<\/li>\n<li>Ne tuottavat paljon pieni\u00e4 ja maukkaita tomaatteja.<\/li>\n<\/ul>\n<p><strong>Setti sis\u00e4lt\u00e4\u00e4:<\/strong> uudelleenk\u00e4ytett\u00e4v\u00e4n kierr\u00e4tett\u00e4v\u00e4n kierr\u00e4tysmuoviruukun, 2 kookosturvetablettia ja siemenpakkauksen.<\/p>\n<p>Siementen m\u00e4\u00e4r\u00e4 grammaa kohti ~500-700<br \/>\nKylv\u00f6aika III-IV, 2 cm taimet<br \/>\nSadonkorjuu VII-VIII<\/p>\n","protected":false},"excerpt":{"rendered":"<ul>\n<li>Ruukkukasvatussarja tarjoaa mahdollisuuden nauttia tuoreista tomaateista.<\/li>\n<li>Tomaatit &#8220;Tiny Tim&#8221; ovat kompakteja, v\u00e4h\u00e4n kasvavia kasveja, joita voidaan kasvattaa potissa ymp\u00e4ri vuoden.<\/li>\n<li>Ne tuottavat paljon pieni\u00e4 ja maukkaita tomaatteja.<\/li>\n<\/ul>\n","protected":false},"featured_media":44269,"template":"","meta":{"_acf_changed":false,"_seopress_robots_primary_cat":"none","_seopress_titles_title":"","_seopress_titles_desc":"","_seopress_robots_index":"","_gspb_post_css":""},"product_brand":[],"product_cat":[2392,2400,2399,2422,2401],"product_tag":[],"class_list":{"0":"post-44261","1":"product","2":"type-product","3":"status-publish","4":"has-post-thumbnail","6":"product_cat-kaikki-luokat","7":"product_cat-kasvatuspakkaukset","8":"product_cat-siemenet","9":"product_cat-tomaatti","10":"product_cat-vihanneksien-siemenet","12":"first","13":"instock","14":"taxable","15":"shipping-taxable","16":"purchasable","17":"product-type-simple"},"ct_brands":[],"acf":[],"_links":{"self":[{"href":"https:\/\/agrozone.ee\/fi\/wp-json\/wp\/v2\/product\/44261","targetHints":{"allow":["GET"]}}],"collection":[{"href":"https:\/\/agrozone.ee\/fi\/wp-json\/wp\/v2\/product"}],"about":[{"href":"https:\/\/agrozone.ee\/fi\/wp-json\/wp\/v2\/types\/product"}],"wp:featuredmedia":[{"embeddable":true,"href":"https:\/\/agrozone.ee\/fi\/wp-json\/wp\/v2\/media\/44269"}],"wp:attachment":[{"href":"https:\/\/agrozone.ee\/fi\/wp-json\/wp\/v2\/media?parent=44261"}],"wp:term":[{"taxonomy":"product_brand","embeddable":true,"href":"https:\/\/agrozone.ee\/fi\/wp-json\/wp\/v2\/product_brand?post=44261"},{"taxonomy":"product_cat","embeddable":true,"href":"https:\/\/agrozone.ee\/fi\/wp-json\/wp\/v2\/product_cat?post=44261"},{"taxonomy":"product_tag","embeddable":true,"href":"https:\/\/agrozone.ee\/fi\/wp-json\/wp\/v2\/product_tag?post=44261"}],"curies":[{"name":"wp","href":"https:\/\/api.w.org\/{rel}","templated":true}]}}