{"id":44262,"date":"2024-07-05T09:40:46","date_gmt":"2024-07-05T07:40:46","guid":{"rendered":"https:\/\/agrozone.ee\/toode\/kasvava-pakkaus-kuumapippuri-de-cayenne-kerma\/"},"modified":"2025-07-01T00:00:02","modified_gmt":"2025-06-30T22:00:02","slug":"kasvava-pakkaus-kuumapippuri-de-cayenne-kerma","status":"publish","type":"product","link":"https:\/\/agrozone.ee\/fi\/tuote\/kasvava-pakkaus-kuumapippuri-de-cayenne-kerma\/","title":{"rendered":"KASVAVA PAKKAUS KUUMAPIPPURI DE CAYENNE KERMA"},"content":{"rendered":"<p>KASVATUSSARJA KUUMAPIPPURI DE CAYENNE KERMA &#8211; Capsicum annuum L.<\/p>\n<p><b>Tavallinen pippuri<\/b> tai <b>paprika<\/b> tai <b>palkokasvit.<br \/>\n<\/b><\/p>\n<ul>\n<li>Ruukkukasvatussarja antaa sinulle mahdollisuuden nauttia chilipaprikoista.<\/li>\n<li>Chilipippurilajike \u02bbDe Cayenne on kompakti ja eritt\u00e4in koristeellinen.<\/li>\n<li>Hedelm\u00e4t ovat punaisia ja mausteisia.<\/li>\n<li>K\u00e4ytet\u00e4\u00e4n mausteena.<\/li>\n<li>Sopii s\u00e4ilykkeisiin ja kuivaukseen.<\/li>\n<\/ul>\n<p><strong>Setti sis\u00e4lt\u00e4\u00e4:<\/strong> uudelleenk\u00e4ytett\u00e4v\u00e4n kierr\u00e4tett\u00e4v\u00e4n kierr\u00e4tysmuoviruukun, 2 kookosturvetablettia ja siemenpakkauksen.<\/p>\n<p>Siementen m\u00e4\u00e4r\u00e4 grammaa kohti ~ 120-160.<br \/>\nII-IV siemenpuiden kylv\u00f6aika 2 cm<br \/>\nSato VI-VIII<\/p>\n","protected":false},"excerpt":{"rendered":"<ul>\n<li>Ruukkukasvatussarja antaa sinulle mahdollisuuden nauttia chilipaprikoista.<\/li>\n<li>Chilipippurilajike \u02bbDe Cayenne on kompakti ja eritt\u00e4in koristeellinen.<\/li>\n<li>Hedelm\u00e4t ovat punaisia ja mausteisia.<\/li>\n<li>K\u00e4ytet\u00e4\u00e4n mausteena.<\/li>\n<li>Sopii s\u00e4ilykkeisiin ja kuivaukseen.<\/li>\n<\/ul>\n","protected":false},"featured_media":44273,"template":"","meta":{"_acf_changed":false,"_seopress_robots_primary_cat":"none","_seopress_titles_title":"","_seopress_titles_desc":"","_seopress_robots_index":"","_gspb_post_css":""},"product_brand":[],"product_cat":[2392,2400,2413,2399,2401],"product_tag":[],"class_list":{"0":"post-44262","1":"product","2":"type-product","3":"status-publish","4":"has-post-thumbnail","6":"product_cat-kaikki-luokat","7":"product_cat-kasvatuspakkaukset","8":"product_cat-paprika-chilipaprika","9":"product_cat-siemenet","10":"product_cat-vihanneksien-siemenet","12":"first","13":"instock","14":"taxable","15":"shipping-taxable","16":"purchasable","17":"product-type-simple"},"ct_brands":[],"acf":[],"_links":{"self":[{"href":"https:\/\/agrozone.ee\/fi\/wp-json\/wp\/v2\/product\/44262","targetHints":{"allow":["GET"]}}],"collection":[{"href":"https:\/\/agrozone.ee\/fi\/wp-json\/wp\/v2\/product"}],"about":[{"href":"https:\/\/agrozone.ee\/fi\/wp-json\/wp\/v2\/types\/product"}],"wp:featuredmedia":[{"embeddable":true,"href":"https:\/\/agrozone.ee\/fi\/wp-json\/wp\/v2\/media\/44273"}],"wp:attachment":[{"href":"https:\/\/agrozone.ee\/fi\/wp-json\/wp\/v2\/media?parent=44262"}],"wp:term":[{"taxonomy":"product_brand","embeddable":true,"href":"https:\/\/agrozone.ee\/fi\/wp-json\/wp\/v2\/product_brand?post=44262"},{"taxonomy":"product_cat","embeddable":true,"href":"https:\/\/agrozone.ee\/fi\/wp-json\/wp\/v2\/product_cat?post=44262"},{"taxonomy":"product_tag","embeddable":true,"href":"https:\/\/agrozone.ee\/fi\/wp-json\/wp\/v2\/product_tag?post=44262"}],"curies":[{"name":"wp","href":"https:\/\/api.w.org\/{rel}","templated":true}]}}