{"id":44263,"date":"2024-07-05T09:35:48","date_gmt":"2024-07-05T07:35:48","guid":{"rendered":"https:\/\/agrozone.ee\/toode\/viljely-kit-oregano-kerma\/"},"modified":"2025-07-01T00:00:02","modified_gmt":"2025-06-30T22:00:02","slug":"viljely-kit-oregano-kerma","status":"publish","type":"product","link":"https:\/\/agrozone.ee\/fi\/tuote\/viljely-kit-oregano-kerma\/","title":{"rendered":"VILJELY KIT OREGANO KERMA"},"content":{"rendered":"<p>VILJELYPAKKAUS OREGANO KERMA &#8211; Origanum vulgare L. &#8211; Oregano<\/p>\n<ul>\n<li>Ruukkukasvatussarjan avulla voit nauttia tuoreesta oreganosta ymp\u00e4ri vuoden.<\/li>\n<li>N\u00e4m\u00e4 ovat l\u00e4\u00e4ke-, aromi-, koriste- ja hunajakasveja.<\/li>\n<li>Tuoreet ja kuivatut lehdet parantavat liha-, muna- ja kalaruokien, salaattien ja keittojen makua.<\/li>\n<\/ul>\n<p><strong>Setti sis\u00e4lt\u00e4\u00e4:<\/strong> uudelleenk\u00e4ytett\u00e4v\u00e4n kierr\u00e4tett\u00e4v\u00e4n kierr\u00e4tysmuoviruukun, 2 kookosturvetablettia ja siemenpakkauksen.<\/p>\n<p>Siementen m\u00e4\u00e4r\u00e4 grammaa kohti ~7000-500<br \/>\nTaimien kylv\u00f6aika IV-V, 0 cm<br \/>\nViljely I-XII<\/p>\n","protected":false},"excerpt":{"rendered":"<ul>\n<li>Ruukkukasvatussarjan avulla voit nauttia tuoreesta oreganosta ymp\u00e4ri vuoden.<\/li>\n<li>N\u00e4m\u00e4 ovat l\u00e4\u00e4ke-, aromi-, koriste- ja hunajakasveja.<\/li>\n<li>Tuoreet ja kuivatut lehdet parantavat liha-, muna- ja kalaruokien, salaattien ja keittojen makua.<\/li>\n<\/ul>\n","protected":false},"featured_media":44271,"template":"","meta":{"_acf_changed":false,"_seopress_robots_primary_cat":"none","_seopress_titles_title":"","_seopress_titles_desc":"","_seopress_robots_index":"","_gspb_post_css":""},"product_brand":[],"product_cat":[2392,2400,2419,2399,2401],"product_tag":[],"class_list":{"0":"post-44263","1":"product","2":"type-product","3":"status-publish","4":"has-post-thumbnail","6":"product_cat-kaikki-luokat","7":"product_cat-kasvatuspakkaukset","8":"product_cat-salaatit-ja-muut","9":"product_cat-siemenet","10":"product_cat-vihanneksien-siemenet","12":"first","13":"instock","14":"taxable","15":"shipping-taxable","16":"purchasable","17":"product-type-simple"},"ct_brands":[],"acf":[],"_links":{"self":[{"href":"https:\/\/agrozone.ee\/fi\/wp-json\/wp\/v2\/product\/44263","targetHints":{"allow":["GET"]}}],"collection":[{"href":"https:\/\/agrozone.ee\/fi\/wp-json\/wp\/v2\/product"}],"about":[{"href":"https:\/\/agrozone.ee\/fi\/wp-json\/wp\/v2\/types\/product"}],"wp:featuredmedia":[{"embeddable":true,"href":"https:\/\/agrozone.ee\/fi\/wp-json\/wp\/v2\/media\/44271"}],"wp:attachment":[{"href":"https:\/\/agrozone.ee\/fi\/wp-json\/wp\/v2\/media?parent=44263"}],"wp:term":[{"taxonomy":"product_brand","embeddable":true,"href":"https:\/\/agrozone.ee\/fi\/wp-json\/wp\/v2\/product_brand?post=44263"},{"taxonomy":"product_cat","embeddable":true,"href":"https:\/\/agrozone.ee\/fi\/wp-json\/wp\/v2\/product_cat?post=44263"},{"taxonomy":"product_tag","embeddable":true,"href":"https:\/\/agrozone.ee\/fi\/wp-json\/wp\/v2\/product_tag?post=44263"}],"curies":[{"name":"wp","href":"https:\/\/api.w.org\/{rel}","templated":true}]}}