{"id":44436,"date":"2025-02-10T10:37:22","date_gmt":"2025-02-10T08:37:22","guid":{"rendered":"https:\/\/agrozone.ee\/toode\/pikatoiminen-puutarhalannoite-4-kg\/"},"modified":"2025-05-02T11:31:29","modified_gmt":"2025-05-02T09:31:29","slug":"pikatoiminen-puutarhalannoite-4-kg","status":"publish","type":"product","link":"https:\/\/agrozone.ee\/fi\/tuote\/pikatoiminen-puutarhalannoite-4-kg\/","title":{"rendered":"Pikatoiminen puutarhalannoite 4 kg"},"content":{"rendered":"<ul>\n<li>Yleisk\u00e4ytt\u00f6inen pitk\u00e4vaikutteinen puutarhalannoite kaikille puutarhakasveille.<\/li>\n<li>Soveltuu k\u00e4ytett\u00e4v\u00e4ksi perenna- ja kes\u00e4kukille, puutarha- ja peltoviljelyksille, hedelm\u00e4puille, marjapensaille, havupuille, nurmikoille ja muille ulko- ja kasvihuonekasveille.<\/li>\n<li>Lannoiterakeiden erityinen kuori mahdollistaa ravinteiden vapautumisen v\u00e4hitellen l\u00e4mm\u00f6n ja kosteuden vaikutuksesta kasvin tarpeen mukaan 3-4 kuukauden aikana.<\/li>\n<li>T\u00e4m\u00e4 takaa tasaisen ravinnonsaannin ilman ylilannoitusta.<\/li>\n<li>Lannoitteessa oleva kalium yhdess\u00e4 magnesiumin kanssa vahvistaa kasveja, takaa parhaan kasvun ja lis\u00e4\u00e4 kasvien vastustuskyky\u00e4 ep\u00e4suotuisia kasvuolosuhteita vastaan.<\/li>\n<\/ul>\n<p><strong>K\u00e4ytt\u00f6<\/strong><\/p>\n<ul>\n<li>Lannoita kasveja kerran vuodessa huhtikuusta-toukokuusta elokuuhun.<\/li>\n<li><a href=\"https:\/\/agrozone.ee\/fi\/tuote\/syyslannoite\/\" target=\"_blank\" rel=\"noopener\">Elokuun alusta l\u00e4htien lannoittaa kasveja Baltic Agro Syksyn Puutarhalannoitteella.<\/a><\/li>\n<li>Kasviesi istutettaessa sekoita lannoite istutusmultaan, pintalannoitettaessa levit\u00e4 kasvin ymp\u00e4rille ja sekoita multaan.<\/li>\n<li>Lannoituksen j\u00e4lkeen on suositeltavaa kastella kasveja.<\/li>\n<li><span data-olk-copy-source=\"MessageBody\"><strong>15-25 g \/m2<\/strong>. <\/span><\/li>\n<li><span data-olk-copy-source=\"MessageBody\">Yksi kourallinen on noin 40 g.<\/span><\/li>\n<\/ul>\n","protected":false},"excerpt":{"rendered":"<p><strong>Vaikutus 3-4 kuukautta.<\/strong><\/p>\n<ul>\n<li>Yleisk\u00e4ytt\u00f6inen pitk\u00e4vaikutteinen puutarhalannoite kaikille puutarhakasveille.<\/li>\n<li>Soveltuu k\u00e4ytett\u00e4v\u00e4ksi perenna- ja kes\u00e4kukille, puutarha- ja peltoviljelyksille, hedelm\u00e4puille, marjapensaille, havupuille, nurmikoille ja muille ulko- ja kasvihuonekasveille.<\/li>\n<\/ul>\n<p>&nbsp;<\/p>\n","protected":false},"featured_media":49011,"template":"","meta":{"_acf_changed":false,"_seopress_robots_primary_cat":"none","_seopress_titles_title":"","_seopress_titles_desc":"","_seopress_robots_index":"","_gspb_post_css":""},"product_brand":[],"product_cat":[2392,2438,2464,2460],"product_tag":[],"class_list":{"0":"post-44436","1":"product","2":"type-product","3":"status-publish","4":"has-post-thumbnail","6":"product_cat-kaikki-luokat","7":"product_cat-lannoitteet","8":"product_cat-nopeasti-vaikuttava-lannoite","9":"product_cat-puutarhalannoitteet","11":"first","12":"instock","13":"taxable","14":"shipping-taxable","15":"purchasable","16":"product-type-simple"},"ct_brands":[],"acf":[],"_links":{"self":[{"href":"https:\/\/agrozone.ee\/fi\/wp-json\/wp\/v2\/product\/44436","targetHints":{"allow":["GET"]}}],"collection":[{"href":"https:\/\/agrozone.ee\/fi\/wp-json\/wp\/v2\/product"}],"about":[{"href":"https:\/\/agrozone.ee\/fi\/wp-json\/wp\/v2\/types\/product"}],"wp:featuredmedia":[{"embeddable":true,"href":"https:\/\/agrozone.ee\/fi\/wp-json\/wp\/v2\/media\/49011"}],"wp:attachment":[{"href":"https:\/\/agrozone.ee\/fi\/wp-json\/wp\/v2\/media?parent=44436"}],"wp:term":[{"taxonomy":"product_brand","embeddable":true,"href":"https:\/\/agrozone.ee\/fi\/wp-json\/wp\/v2\/product_brand?post=44436"},{"taxonomy":"product_cat","embeddable":true,"href":"https:\/\/agrozone.ee\/fi\/wp-json\/wp\/v2\/product_cat?post=44436"},{"taxonomy":"product_tag","embeddable":true,"href":"https:\/\/agrozone.ee\/fi\/wp-json\/wp\/v2\/product_tag?post=44436"}],"curies":[{"name":"wp","href":"https:\/\/api.w.org\/{rel}","templated":true}]}}