{"id":44437,"date":"2025-02-01T10:37:38","date_gmt":"2025-02-01T08:37:38","guid":{"rendered":"https:\/\/agrozone.ee\/toode\/typpilannoite-kalkkisalpietari\/"},"modified":"2025-05-21T12:04:41","modified_gmt":"2025-05-21T10:04:41","slug":"typpilannoite-kalkkisalpietari","status":"publish","type":"product","link":"https:\/\/agrozone.ee\/fi\/tuote\/typpilannoite-kalkkisalpietari\/","title":{"rendered":"Typpilannoite, kalkkisalpietari"},"content":{"rendered":"<ul>\n<li class=\"x_MsoNormal\" data-olk-copy-source=\"MessageBody\">Keskittynyt puhdas kivenn\u00e4islannoite.<\/li>\n<li class=\"x_MsoNormal\" data-olk-copy-source=\"MessageBody\">Hyv\u00e4 lannoitustulos saavutetaan lannoitteen hyv\u00e4n liukoisuuden ansiosta.<\/li>\n<li class=\"x_MsoNormal\" data-olk-copy-source=\"MessageBody\">Jos kasvit eiv\u00e4t saa tarpeeksi typpe\u00e4, niiden kasvu hidastuu ja lehdet alkavat kellastua.<\/li>\n<li class=\"x_MsoNormal\" data-olk-copy-source=\"MessageBody\">Tokiherkki\u00e4 ovat typpivajeelle kaalit, omena- ja luumupuut, mustaherukat sek\u00e4 nurmikko. Kalkisalpietarissa oleva kalkki v\u00e4hent\u00e4\u00e4 maan happamuutta ja parantaa maan fysikaalisia ominaisuuksia. <\/li>\n<\/ul>\n<p class=\"x_MsoNormal\"><strong>K\u00c4YTT\u00d6<\/strong><\/p>\n<ul>\n<li class=\"x_MsoNormal\">Toki taimien lannoittamiseen liuotetaan 10 litraan vett\u00e4 2 teelusikallista, aikuisille kasveille 2 ruokalusikallista.<\/li>\n<li class=\"x_MsoNormal\">Toki tomaattia ja kurkkua on suositeltavaa lannoittaa 4-10 p\u00e4iv\u00e4n v\u00e4lein 3-6 litran kasteluliuoksella m\u00b2 kohti.<\/li>\n<li class=\"x_MsoNormal\">Mullan pinnalle levitett\u00e4ess\u00e4 herkille viljelyksille 30 g\/m\u00b2 (kukat, salaatti, retiisi) ja kest\u00e4vimmille (kurkku, tomaatti) 40 g\/m\u00b2.<\/li>\n<\/ul>\n<p><strong>K\u00c4YTT\u00d6M\u00c4\u00c4R\u00c4<\/strong><\/p>\n<ul>\n<li class=\"x_MsoNormal\">P\u00e4\u00e4lt\u00e4k\u00e4etys: 15-40 g\/m\u00b2<\/li>\n<li class=\"x_MsoNormal\">Kukat ja vihannekset (kaali, tomaatti, kurkku, sipuli, porkkana) ennen kylv\u00f6\u00e4 40 g.<\/li>\n<li class=\"x_MsoNormal\">Perunat (ennen istutusta) 30 g.<\/li>\n<li class=\"x_MsoNormal\">Perunat (15\u201320 cm pituiset versot) 15 g.<\/li>\n<li class=\"x_MsoNormal\">Punajuuret (ennen kylv\u00f6\u00e4) 40 g.<\/li>\n<li class=\"x_MsoNormal\">Hedelm\u00e4t, marjapensaat 20 g.<\/li>\n<li class=\"x_MsoNormal\">Toki nurmikko 40 g.<\/li>\n<\/ul>\n<p>1 kourallinen = noin 25 g<\/p>\n","protected":false},"excerpt":{"rendered":"<p>Keskittynyt puhdas kivenn\u00e4islannoite. Hyv\u00e4 lannoitustulos saavutetaan lannoitteen hyv\u00e4n liukoisuuden ansiosta. Jos kasvit eiv\u00e4t saa tarpeeksi typpe\u00e4, niiden kasvu hidastuu ja lehdet alkavat kellastua. Tokiherkki\u00e4 ovat typpivajeelle kaalit, omena- ja luumupuut, mustaherukat sek\u00e4 nurmikko. Kalkisalpietarissa oleva kalkki v\u00e4hent\u00e4\u00e4 maan happamuutta ja parantaa maan fysikaalisia ominaisuuksia. K\u00c4YTT\u00d6 Toki taimien lannoittamiseen liuotetaan 10 litraan vett\u00e4 2 teelusikallista, aikuisille [&hellip;]<\/p>\n","protected":false},"featured_media":49211,"template":"","meta":{"_acf_changed":false,"_seopress_robots_primary_cat":"none","_seopress_titles_title":"","_seopress_titles_desc":"","_seopress_robots_index":"","_gspb_post_css":""},"product_brand":[],"product_cat":[2392,2462,2438,2463,2460],"product_tag":[],"class_list":{"0":"post-44437","1":"product","2":"type-product","3":"status-publish","4":"has-post-thumbnail","6":"product_cat-kaikki-luokat","7":"product_cat-kevat","8":"product_cat-lannoitteet","9":"product_cat-nurmikkolannoitteet","10":"product_cat-puutarhalannoitteet","12":"first","13":"instock","14":"taxable","15":"shipping-taxable","16":"purchasable","17":"product-type-simple"},"ct_brands":[],"acf":[],"_links":{"self":[{"href":"https:\/\/agrozone.ee\/fi\/wp-json\/wp\/v2\/product\/44437","targetHints":{"allow":["GET"]}}],"collection":[{"href":"https:\/\/agrozone.ee\/fi\/wp-json\/wp\/v2\/product"}],"about":[{"href":"https:\/\/agrozone.ee\/fi\/wp-json\/wp\/v2\/types\/product"}],"wp:featuredmedia":[{"embeddable":true,"href":"https:\/\/agrozone.ee\/fi\/wp-json\/wp\/v2\/media\/49211"}],"wp:attachment":[{"href":"https:\/\/agrozone.ee\/fi\/wp-json\/wp\/v2\/media?parent=44437"}],"wp:term":[{"taxonomy":"product_brand","embeddable":true,"href":"https:\/\/agrozone.ee\/fi\/wp-json\/wp\/v2\/product_brand?post=44437"},{"taxonomy":"product_cat","embeddable":true,"href":"https:\/\/agrozone.ee\/fi\/wp-json\/wp\/v2\/product_cat?post=44437"},{"taxonomy":"product_tag","embeddable":true,"href":"https:\/\/agrozone.ee\/fi\/wp-json\/wp\/v2\/product_tag?post=44437"}],"curies":[{"name":"wp","href":"https:\/\/api.w.org\/{rel}","templated":true}]}}