{"id":44441,"date":"2025-02-11T10:08:31","date_gmt":"2025-02-11T08:08:31","guid":{"rendered":"https:\/\/agrozone.ee\/toode\/kiinnityspiikit-profi-kangaskatteelle-40-kpl-pakkaus\/"},"modified":"2025-10-24T08:02:08","modified_gmt":"2025-10-24T06:02:08","slug":"kiinnityspiikit-profi-kangaskatteelle-40-kpl-pakkaus","status":"publish","type":"product","link":"https:\/\/agrozone.ee\/fi\/tuote\/kiinnityspiikit-profi-kangaskatteelle-40-kpl-pakkaus\/","title":{"rendered":"Kiinnityspiikit PROFI-kangaskatteelle 40 kpl\/pakkaus"},"content":{"rendered":"<p data-sourcepos=\"1:1-1:53\">Muoviset kiinnityspiikit agrotekstiilille 20 cm - 40 kpl<\/p>\n<p data-sourcepos=\"1:1-1:53\">Pituus 200 mm, piikkip\u00e4\u00e4: 60 \u00d7 40 mm (py\u00f6ristetyt kulmat).<\/p>\n<p data-sourcepos=\"3:1-3:207\">Agrotekstiilien kiinnitt\u00e4miseen tarkoitetut vaarnat auttavat kiinnitt\u00e4m\u00e4\u00e4n kankaan alustaan. Niiden k\u00e4yt\u00f6n ansiosta agrotekstiili tarttuu paremmin alustaan, ei lenn\u00e4 tuulessa pois ja varmistaa agrotekstiilin oikean jakautumisen. <\/p>\n<p data-sourcepos=\"5:1-5:127\">Paalut ovat erityisen hy\u00f6dyllisi\u00e4 agrotekstiilin asentamisessa tuulisella s\u00e4\u00e4ll\u00e4, mik\u00e4 tekee ty\u00f6st\u00e4 paljon helpompaa.<\/p>\n<p data-sourcepos=\"7:1-10:18\">Piikkej\u00e4 voidaan k\u00e4ytt\u00e4\u00e4: agrotekstiileille, katteille, penkkikatteille ja geotekstiileille<\/p>\n<h4>K\u00e4ytt\u00f6ohjeet<\/h4>\n<p>Paina piikki l\u00e4bi katteen\/verkon ja paina voimakkaasti maahan.<\/p>\n<p>.<\/p>\n","protected":false},"excerpt":{"rendered":"<p>Vahvat muoviset kiinnityspiikit kattosarjalle tai kevyille peitteille, verkoille (lintuverkoille).<\/p>\n","protected":false},"featured_media":47912,"template":"","meta":{"_acf_changed":false,"_seopress_robots_primary_cat":"none","_seopress_titles_title":"","_seopress_titles_desc":"","_seopress_robots_index":"","_gspb_post_css":""},"product_brand":[],"product_cat":[2392,2448,2451],"product_tag":[],"class_list":{"0":"post-44441","1":"product","2":"type-product","3":"status-publish","4":"has-post-thumbnail","6":"product_cat-kaikki-luokat","7":"product_cat-kasvinsuojelukankaat-ja-maanpeitekankaat","8":"product_cat-peitekankaiden-lisatarvikkeet","10":"first","11":"instock","12":"taxable","13":"shipping-taxable","14":"purchasable","15":"product-type-simple"},"ct_brands":[],"acf":[],"_links":{"self":[{"href":"https:\/\/agrozone.ee\/fi\/wp-json\/wp\/v2\/product\/44441","targetHints":{"allow":["GET"]}}],"collection":[{"href":"https:\/\/agrozone.ee\/fi\/wp-json\/wp\/v2\/product"}],"about":[{"href":"https:\/\/agrozone.ee\/fi\/wp-json\/wp\/v2\/types\/product"}],"wp:featuredmedia":[{"embeddable":true,"href":"https:\/\/agrozone.ee\/fi\/wp-json\/wp\/v2\/media\/47912"}],"wp:attachment":[{"href":"https:\/\/agrozone.ee\/fi\/wp-json\/wp\/v2\/media?parent=44441"}],"wp:term":[{"taxonomy":"product_brand","embeddable":true,"href":"https:\/\/agrozone.ee\/fi\/wp-json\/wp\/v2\/product_brand?post=44441"},{"taxonomy":"product_cat","embeddable":true,"href":"https:\/\/agrozone.ee\/fi\/wp-json\/wp\/v2\/product_cat?post=44441"},{"taxonomy":"product_tag","embeddable":true,"href":"https:\/\/agrozone.ee\/fi\/wp-json\/wp\/v2\/product_tag?post=44441"}],"curies":[{"name":"wp","href":"https:\/\/api.w.org\/{rel}","templated":true}]}}